{"id":32796,"date":"2025-02-20T23:34:40","date_gmt":"2025-02-20T22:34:40","guid":{"rendered":"http:\/\/olemosaic.com\/producto\/vaso-de-chupito-de-ceramica-bailaora-madrid-beige\/"},"modified":"2025-07-25T18:40:45","modified_gmt":"2025-07-25T16:40:45","slug":"verre-a-shot-en-ceramique-danseuse-flamenco-madrid-beige","status":"publish","type":"product","link":"https:\/\/olemosaic.com\/fr\/produit\/verre-a-shot-en-ceramique-danseuse-flamenco-madrid-beige\/","title":{"rendered":"Verre \u00e0 shot en c\u00e9ramique. Danseuse de flamenco. Madrid. Beige."},"content":{"rendered":"<p>Ce petit verre \u00e0 shot en c\u00e9ramique avec l&rsquo;illustration d&rsquo;une danseuse de flamenco est un souvenir embl\u00e9matique qui capture l&rsquo;essence vibrante de Madrid. Son design attrayant, dans un ton beige \u00e9l\u00e9gant, pr\u00e9sente une danseuse en plein mouvement, avec des d\u00e9tails color\u00e9s qui \u00e9voquent l&rsquo;\u00e9nergie de l&rsquo;art flamenco. Peinte \u00e0 la main, chaque pi\u00e8ce est unique et t\u00e9moigne du savoir-faire de l&rsquo;artisanat espagnol, faisant de ce petit verre non seulement un objet d&rsquo;usage quotidien, mais aussi une expression culturelle.<\/p>\n<p>La danseuse, repr\u00e9sent\u00e9e avec un d\u00e9ploiement de couleurs, porte une robe qui refl\u00e8te la joie et le rythme du flamenco, tandis que l&rsquo;inscription \u00ab\u00a0MADRID\u00a0\u00bb, en lettres vibrantes, souligne le lien de ce produit avec la culture madril\u00e8ne. Ce petit verre est plus qu&rsquo;un simple r\u00e9cipient ; c&rsquo;est une c\u00e9l\u00e9bration du folklore espagnol et un hommage \u00e0 la tradition artistique qui caract\u00e9rise la capitale.<\/p>\n<p>Chez Ol\u00e9 Mosaic, nous nous sp\u00e9cialisons dans la distribution de souvenirs en gros, offrant des produits qui sont un v\u00e9ritable symbole d&rsquo;authenticit\u00e9. Ce verre \u00e0 shot est une excellente option pour les boutiques de cadeaux touristiques \u00e0 la recherche d&rsquo;articles refl\u00e9tant la richesse culturelle de Madrid. En int\u00e9grant ce verre en c\u00e9ramique \u00e0 votre s\u00e9lection, vous offrirez aux touristes un souvenir significatif et repr\u00e9sentatif de leur visite dans cette ville vibrante.<\/p>\n","protected":false},"excerpt":{"rendered":"<p>Verre \u00e0 shot en c\u00e9ramique avec l&rsquo;illustration d&rsquo;une danseuse de flamenco, repr\u00e9sentant l&rsquo;\u00e9nergie de l&rsquo;art \u00e0 Madrid. Ce verre attrayant, de couleur beige, pr\u00e9sente un design artisanal, peint \u00e0 la main, montrant la danseuse en plein mouvement, entour\u00e9e de d\u00e9tails color\u00e9s \u00e9voquant le folklore espagnol. L&rsquo;inscription \u00ab\u00a0MADRID\u00a0\u00bb se d\u00e9tache dans des couleurs vibrantes, ajoutant une touche distinctive \u00e0 ce souvenir qui capture l&rsquo;essence culturelle de la capitale espagnole.<\/p>\n","protected":false},"featured_media":7057,"template":"","meta":{"_acf_changed":false},"product_brand":[],"product_cat":[814],"product_tag":[585],"class_list":{"0":"post-32796","1":"product","2":"type-product","3":"status-publish","4":"has-post-thumbnail","6":"product_cat-verres-a-shot","7":"product_tag-ceramique","8":"pa_ciudad-madrid","9":"pa_motivo-danseurs","10":"pa_pais-espana","12":"first","13":"instock","14":"shipping-taxable","15":"product-type-simple"},"acf":[],"_links":{"self":[{"href":"https:\/\/olemosaic.com\/fr\/wp-json\/wp\/v2\/product\/32796","targetHints":{"allow":["GET"]}}],"collection":[{"href":"https:\/\/olemosaic.com\/fr\/wp-json\/wp\/v2\/product"}],"about":[{"href":"https:\/\/olemosaic.com\/fr\/wp-json\/wp\/v2\/types\/product"}],"wp:featuredmedia":[{"embeddable":true,"href":"https:\/\/olemosaic.com\/fr\/wp-json\/wp\/v2\/media\/7057"}],"wp:attachment":[{"href":"https:\/\/olemosaic.com\/fr\/wp-json\/wp\/v2\/media?parent=32796"}],"wp:term":[{"taxonomy":"product_brand","embeddable":true,"href":"https:\/\/olemosaic.com\/fr\/wp-json\/wp\/v2\/product_brand?post=32796"},{"taxonomy":"product_cat","embeddable":true,"href":"https:\/\/olemosaic.com\/fr\/wp-json\/wp\/v2\/product_cat?post=32796"},{"taxonomy":"product_tag","embeddable":true,"href":"https:\/\/olemosaic.com\/fr\/wp-json\/wp\/v2\/product_tag?post=32796"}],"curies":[{"name":"wp","href":"https:\/\/api.w.org\/{rel}","templated":true}]}}