{"id":32794,"date":"2025-02-20T23:34:39","date_gmt":"2025-02-20T22:34:39","guid":{"rendered":"http:\/\/olemosaic.com\/producto\/vaso-de-chupito-de-ceramica-malaga-blanco\/"},"modified":"2025-07-25T18:40:09","modified_gmt":"2025-07-25T16:40:09","slug":"verre-a-shot-en-ceramique-malaga-blanc","status":"publish","type":"product","link":"https:\/\/olemosaic.com\/fr\/produit\/verre-a-shot-en-ceramique-malaga-blanc\/","title":{"rendered":"Verre \u00e0 shot en c\u00e9ramique. Malaga. Blanc."},"content":{"rendered":"<p>Ce petit verre color\u00e9 en c\u00e9ramique est un magnifique souvenir de Malaga, con\u00e7u pour apporter l&rsquo;essence vibrante de cette ville andalouse embl\u00e9matique \u00e0 chaque gorg\u00e9e. Avec une finition blanche qui met en valeur ses motifs peints \u00e0 la main, le verre pr\u00e9sente des illustrations des monuments les plus repr\u00e9sentatifs de Malaga, tels que la majestueuse Plaza de Toros et l&rsquo;impressionnante Cath\u00e9drale, entour\u00e9s d&rsquo;un paysage montagneux qui capture la beaut\u00e9 de l&rsquo;environnement malagu\u00e8ne. Les couleurs vives utilis\u00e9es dans les d\u00e9tails font de chaque verre une \u0153uvre d&rsquo;art unique, tandis que l&rsquo;int\u00e9rieur vert brillant ajoute une touche de fra\u00eecheur et de joie.<\/p>\n<p>Ce verre n&rsquo;est pas seulement attrayant par son design, il symbolise \u00e9galement la riche culture et le patrimoine de Malaga, devenant un excellent souvenir d&rsquo;une visite inoubliable dans la ville. Adapt\u00e9 aussi bien \u00e0 un usage quotidien qu&rsquo;\u00e0 une exposition dans une collection de souvenirs, ce verre est parfait pour les touristes qui cherchent \u00e0 ramener chez eux un petit morceau d&rsquo;Andalousie.<\/p>\n<p>Chez Ol\u00e9 Mosaic, notre collection de souvenirs de Malaga comprend ce verre, id\u00e9al pour les boutiques de cadeaux touristiques souhaitant proposer des produits authentiques et de qualit\u00e9. En tant que distributeurs de c\u00e9ramique, nous garantissons que chaque pi\u00e8ce refl\u00e8te la tradition et l&rsquo;art qui font de l&rsquo;Andalousie une destination magn\u00e9tique et charg\u00e9e d&rsquo;histoire.<\/p>\n","protected":false},"excerpt":{"rendered":"<p>Verre \u00e0 shot en c\u00e9ramique color\u00e9, inspir\u00e9 par la ville vibrante de Malaga. Ce verre attrayant pr\u00e9sente des illustrations de monuments embl\u00e9matiques de Malaga, tels que la Plaza de Toros et la Cath\u00e9drale, dans un design artisanal peint \u00e0 la main, avec une finition blanche et un int\u00e9rieur vert brillant. Les d\u00e9tails aux couleurs vives soulignent l&rsquo;architecture locale et le paysage montagneux, en faisant un souvenir parfait pour \u00e9voquer l&rsquo;essence andalouse.<\/p>\n","protected":false},"featured_media":10541,"template":"","meta":{"_acf_changed":false},"product_brand":[],"product_cat":[814],"product_tag":[530,585],"class_list":{"0":"post-32794","1":"product","2":"type-product","3":"status-publish","4":"has-post-thumbnail","6":"product_cat-verres-a-shot","7":"product_tag-animaux","8":"product_tag-ceramique","9":"pa_ciudad-malaga","10":"pa_pais-espana","12":"first","13":"instock","14":"shipping-taxable","15":"product-type-simple"},"acf":[],"_links":{"self":[{"href":"https:\/\/olemosaic.com\/fr\/wp-json\/wp\/v2\/product\/32794","targetHints":{"allow":["GET"]}}],"collection":[{"href":"https:\/\/olemosaic.com\/fr\/wp-json\/wp\/v2\/product"}],"about":[{"href":"https:\/\/olemosaic.com\/fr\/wp-json\/wp\/v2\/types\/product"}],"wp:featuredmedia":[{"embeddable":true,"href":"https:\/\/olemosaic.com\/fr\/wp-json\/wp\/v2\/media\/10541"}],"wp:attachment":[{"href":"https:\/\/olemosaic.com\/fr\/wp-json\/wp\/v2\/media?parent=32794"}],"wp:term":[{"taxonomy":"product_brand","embeddable":true,"href":"https:\/\/olemosaic.com\/fr\/wp-json\/wp\/v2\/product_brand?post=32794"},{"taxonomy":"product_cat","embeddable":true,"href":"https:\/\/olemosaic.com\/fr\/wp-json\/wp\/v2\/product_cat?post=32794"},{"taxonomy":"product_tag","embeddable":true,"href":"https:\/\/olemosaic.com\/fr\/wp-json\/wp\/v2\/product_tag?post=32794"}],"curies":[{"name":"wp","href":"https:\/\/api.w.org\/{rel}","templated":true}]}}