{"id":32793,"date":"2025-02-20T23:34:39","date_gmt":"2025-02-20T22:34:39","guid":{"rendered":"http:\/\/olemosaic.com\/producto\/vaso-de-chupito-de-ceramica-alicatado-blanco-3\/"},"modified":"2025-07-25T18:46:26","modified_gmt":"2025-07-25T16:46:26","slug":"verre-a-shot-en-ceramique-alicatado-fond-blanc-espagne","status":"publish","type":"product","link":"https:\/\/olemosaic.com\/fr\/produit\/verre-a-shot-en-ceramique-alicatado-fond-blanc-espagne\/","title":{"rendered":"Verre \u00e0 shot en c\u00e9ramique. Alicatado. Fond blanc. Espagne."},"content":{"rendered":"<p>Ce verre \u00e0 shot en c\u00e9ramique alicatado est un d\u00e9tail id\u00e9al pour ceux qui recherchent un souvenir authentique d&rsquo;Espagne. Son design vibrant se distingue par un motif g\u00e9om\u00e9trique color\u00e9 combinant des formes en blanc, bleu, rouge, vert et noir, \u00e9voquant la riche tradition de la c\u00e9ramique espagnole. Dans la partie sup\u00e9rieure, la finition rouge intense apporte une touche d&rsquo;\u00e9l\u00e9gance, tandis que la base est orn\u00e9e d&rsquo;une d\u00e9licate bande de motifs \u00e9toil\u00e9s, qui compl\u00e8tent harmonieusement le design g\u00e9n\u00e9ral du verre.<\/p>\n<p>Fabriqu\u00e9 en c\u00e9ramique de haute qualit\u00e9, ce verre n&rsquo;est pas seulement fonctionnel, c&rsquo;est aussi une expression artistique de la culture locale, parfait pour servir des boissons en diverses occasions, des c\u00e9l\u00e9brations festives aux d\u00eeners informels. Les couleurs vives et les formes entrelac\u00e9es \u00e9voquent la chaleur et la festivit\u00e9 qui caract\u00e9risent de nombreuses r\u00e9gions d&rsquo;Espagne, en faisant un souvenir id\u00e9al pour les touristes d\u00e9sireux de ramener une part de l&rsquo;authenticit\u00e9 espagnole.<\/p>\n<p>Chez Ol\u00e9 Mosaic, notre engagement est de proposer des souvenirs en c\u00e9ramique en gros qui refl\u00e8tent l&rsquo;essence de leur origine. Ce verre \u00e0 shot est une excellente option pour les boutiques de cadeaux touristiques souhaitant offrir des produits fonctionnels avec un arri\u00e8re-plan culturel significatif. Id\u00e9al pour ceux qui cherchent \u00e0 se souvenir de leur exp\u00e9rience en Espagne avec un produit repr\u00e9sentant sa vibrante tradition artisanale.<\/p>\n","protected":false},"excerpt":{"rendered":"<p>Verre \u00e0 shot en c\u00e9ramique alicatado, id\u00e9al pour servir des boissons en toute occasion. Ce design se distingue par son motif g\u00e9om\u00e9trique color\u00e9, avec des formes en blanc, bleu, rouge, vert et noir, \u00e9voquant la riche tradition artisanale de la c\u00e9ramique espagnole. La partie sup\u00e9rieure pr\u00e9sente une finition rouge vibrante, tandis que la base est orn\u00e9e d&rsquo;une \u00e9l\u00e9gante bande d&rsquo;\u00e9toiles. Parfait pour ceux qui recherchent un souvenir authentique d&rsquo;Espagne.<\/p>\n","protected":false},"featured_media":8449,"template":"","meta":{"_acf_changed":false},"product_brand":[],"product_cat":[814],"product_tag":[585],"class_list":{"0":"post-32793","1":"product","2":"type-product","3":"status-publish","4":"has-post-thumbnail","6":"product_cat-verres-a-shot","7":"product_tag-ceramique","8":"pa_motivo-carrelage","10":"first","11":"instock","12":"shipping-taxable","13":"product-type-simple"},"acf":[],"_links":{"self":[{"href":"https:\/\/olemosaic.com\/fr\/wp-json\/wp\/v2\/product\/32793","targetHints":{"allow":["GET"]}}],"collection":[{"href":"https:\/\/olemosaic.com\/fr\/wp-json\/wp\/v2\/product"}],"about":[{"href":"https:\/\/olemosaic.com\/fr\/wp-json\/wp\/v2\/types\/product"}],"wp:featuredmedia":[{"embeddable":true,"href":"https:\/\/olemosaic.com\/fr\/wp-json\/wp\/v2\/media\/8449"}],"wp:attachment":[{"href":"https:\/\/olemosaic.com\/fr\/wp-json\/wp\/v2\/media?parent=32793"}],"wp:term":[{"taxonomy":"product_brand","embeddable":true,"href":"https:\/\/olemosaic.com\/fr\/wp-json\/wp\/v2\/product_brand?post=32793"},{"taxonomy":"product_cat","embeddable":true,"href":"https:\/\/olemosaic.com\/fr\/wp-json\/wp\/v2\/product_cat?post=32793"},{"taxonomy":"product_tag","embeddable":true,"href":"https:\/\/olemosaic.com\/fr\/wp-json\/wp\/v2\/product_tag?post=32793"}],"curies":[{"name":"wp","href":"https:\/\/api.w.org\/{rel}","templated":true}]}}