{"id":32792,"date":"2025-02-20T23:34:39","date_gmt":"2025-02-20T22:34:39","guid":{"rendered":"http:\/\/olemosaic.com\/producto\/vaso-de-chupito-de-ceramica-alicatado-blanco-2\/"},"modified":"2025-07-25T20:22:37","modified_gmt":"2025-07-25T18:22:37","slug":"verre-a-shot-en-ceramique-alicatado-blanc-andalousie","status":"publish","type":"product","link":"https:\/\/olemosaic.com\/fr\/produit\/verre-a-shot-en-ceramique-alicatado-blanc-andalousie\/","title":{"rendered":"Verre \u00e0 shot en c\u00e9ramique. Alicatado. Blanc. Andalousie."},"content":{"rendered":"<p>Ce verre \u00e0 shot en c\u00e9ramique alicatado est une magnifique repr\u00e9sentation de l&rsquo;art traditionnel andalou, id\u00e9al pour ceux qui recherchent des souvenirs authentiques d&rsquo;Espagne. Avec un design vibrant en blanc, rouge, vert, bleu, noir et orange, ce verre est non seulement fonctionnel, mais aussi un objet d\u00e9coratif exquis qui capture l&rsquo;essence culturelle de l&rsquo;Andalousie. L&rsquo;ext\u00e9rieur pr\u00e9sente un motif g\u00e9om\u00e9trique complexe inspir\u00e9 des carreaux alicatados, qui se distinguent par leurs formes sym\u00e9triques et color\u00e9es, \u00e9voquant le riche h\u00e9ritage artistique des villes andalouses. L&rsquo;int\u00e9rieur rouge frappant souligne davantage la richesse chromatique du verre, cr\u00e9ant un contraste spectaculaire qui le fait ressortir sur n&rsquo;importe quelle table.<\/p>\n<p>Ce verre \u00e0 shot est parfait pour savourer une boisson lors de c\u00e9l\u00e9brations et d&rsquo;occasions sp\u00e9ciales, devenant un rappel tangible de la chaleur de la culture espagnole. Chez Ol\u00e9 Mosaic, nous sommes sp\u00e9cialistes de la distribution de souvenirs en gros, et ce verre est une excellente option pour les boutiques de cadeaux touristiques, offrant un morceau d&rsquo;Andalousie aux voyageurs qui souhaitent ramener chez eux quelque chose d&rsquo;authentique et de pertinent. Un souvenir qui n&rsquo;est pas seulement pratique, mais qui raconte aussi une histoire. D\u00e9couvrez la beaut\u00e9 des souvenirs en c\u00e9ramique et transformez chaque c\u00e9l\u00e9bration en une exp\u00e9rience unique.<\/p>\n","protected":false},"excerpt":{"rendered":"<p>Verre \u00e0 shot en c\u00e9ramique alicatado avec un design vibrant en blanc, rouge, vert, bleu, noir et orange. La pi\u00e8ce pr\u00e9sente un motif g\u00e9om\u00e9trique complexe inspir\u00e9 de l&rsquo;art de l&rsquo;alicatado, propre aux traditions artisanales andalouses. L&rsquo;int\u00e9rieur rouge rehausse la richesse chromatique de l&rsquo;ext\u00e9rieur, o\u00f9 alternent des formes sym\u00e9triques et color\u00e9es, cr\u00e9ant un objet d\u00e9coratif et fonctionnel, id\u00e9al pour savourer une boisson lors de c\u00e9l\u00e9brations et d&rsquo;occasions sp\u00e9ciales.<\/p>\n","protected":false},"featured_media":8448,"template":"","meta":{"_acf_changed":false},"product_brand":[],"product_cat":[814],"product_tag":[585],"class_list":{"0":"post-32792","1":"product","2":"type-product","3":"status-publish","4":"has-post-thumbnail","6":"product_cat-verres-a-shot","7":"product_tag-ceramique","8":"pa_motivo-carrelage","10":"first","11":"instock","12":"shipping-taxable","13":"product-type-simple"},"acf":[],"_links":{"self":[{"href":"https:\/\/olemosaic.com\/fr\/wp-json\/wp\/v2\/product\/32792","targetHints":{"allow":["GET"]}}],"collection":[{"href":"https:\/\/olemosaic.com\/fr\/wp-json\/wp\/v2\/product"}],"about":[{"href":"https:\/\/olemosaic.com\/fr\/wp-json\/wp\/v2\/types\/product"}],"wp:featuredmedia":[{"embeddable":true,"href":"https:\/\/olemosaic.com\/fr\/wp-json\/wp\/v2\/media\/8448"}],"wp:attachment":[{"href":"https:\/\/olemosaic.com\/fr\/wp-json\/wp\/v2\/media?parent=32792"}],"wp:term":[{"taxonomy":"product_brand","embeddable":true,"href":"https:\/\/olemosaic.com\/fr\/wp-json\/wp\/v2\/product_brand?post=32792"},{"taxonomy":"product_cat","embeddable":true,"href":"https:\/\/olemosaic.com\/fr\/wp-json\/wp\/v2\/product_cat?post=32792"},{"taxonomy":"product_tag","embeddable":true,"href":"https:\/\/olemosaic.com\/fr\/wp-json\/wp\/v2\/product_tag?post=32792"}],"curies":[{"name":"wp","href":"https:\/\/api.w.org\/{rel}","templated":true}]}}