{"id":32791,"date":"2025-02-20T22:34:39","date_gmt":"2025-02-20T22:34:39","guid":{"rendered":"http:\/\/olemosaic.com\/producto\/vaso-de-chupito-de-ceramica-alicatado-blanco\/"},"modified":"2025-07-25T18:46:28","modified_gmt":"2025-07-25T16:46:28","slug":"verre-a-shot-en-ceramique-alicatado-blanc","status":"publish","type":"product","link":"https:\/\/olemosaic.com\/fr\/produit\/verre-a-shot-en-ceramique-alicatado-blanc\/","title":{"rendered":"Verre \u00e0 shot en c\u00e9ramique. Alicatado. Blanc."},"content":{"rendered":"<p>Ce verre \u00e0 shot en c\u00e9ramique alicatado est une repr\u00e9sentation spectaculaire de l&rsquo;art et de la culture andalous, id\u00e9al pour ceux qui recherchent des souvenirs authentiques d&rsquo;Espagne. Son design se caract\u00e9rise par des motifs g\u00e9om\u00e9triques vibrants jouant avec les couleurs bleu, vert, orange et noir, cr\u00e9ant une \u0153uvre visuellement attrayante qui \u00e9voque les mosa\u00efques traditionnelles de la r\u00e9gion. Les d\u00e9tails complexes de l&rsquo;alicatado brillent avec une finition sp\u00e9ciale, tandis que l&rsquo;int\u00e9rieur rouge intense ajoute un contraste audacieux qui souligne encore plus sa beaut\u00e9.<\/p>\n<p>Ce verre n&rsquo;est pas seulement fonctionnel, c&rsquo;est aussi une pi\u00e8ce qui capture l&rsquo;essence du riche h\u00e9ritage andalou, ce qui en fait un souvenir significatif rappelant aux touristes la diversit\u00e9 culturelle du sud de l&rsquo;Espagne. Chaque verre est un exemple du travail artisanal transmis de g\u00e9n\u00e9ration en g\u00e9n\u00e9ration, et sa pr\u00e9sence dans n&rsquo;importe quel foyer est un hommage \u00e0 la tradition d\u00e9corative de la r\u00e9gion.<\/p>\n<p>Chez Ol\u00e9 Mosaic, nous sommes sp\u00e9cialis\u00e9s dans la distribution de souvenirs en c\u00e9ramique en gros, offrant des produits repr\u00e9sentatifs qui incarnent l&rsquo;authenticit\u00e9 et le talent des artisans locaux. Ce verre \u00e0 shot en c\u00e9ramique est un choix parfait pour les boutiques de cadeaux touristiques \u00e0 la recherche d&rsquo;articles uniques avec une profonde connexion culturelle. En tant que grossistes de souvenirs d&rsquo;Andalousie, nous garantissons la qualit\u00e9 et un design exceptionnel pour chaque pi\u00e8ce.<\/p>\n","protected":false},"excerpt":{"rendered":"<p>Verre \u00e0 shot en c\u00e9ramique alicatado, inspir\u00e9 de la tradition artistique andalouse. Ce verre \u00e9l\u00e9gant pr\u00e9sente des motifs g\u00e9om\u00e9triques vibrants en bleu, vert, orange et noir, contrastant avec son int\u00e9rieur rouge intense. La technique de l&rsquo;alicatado, caract\u00e9ris\u00e9e par sa finition brillante et ses d\u00e9tails complexes, rehausse la richesse du design andalou, faisant de ce verre un souvenir attrayant qui \u00e9voque les couleurs et la culture du sud de l&rsquo;Espagne.<\/p>\n","protected":false},"featured_media":8451,"template":"","meta":{"_acf_changed":false},"product_brand":[],"product_cat":[814],"product_tag":[585],"class_list":{"0":"post-32791","1":"product","2":"type-product","3":"status-publish","4":"has-post-thumbnail","6":"product_cat-verres-a-shot","7":"product_tag-ceramique","8":"pa_motivo-carrelage","10":"first","11":"instock","12":"shipping-taxable","13":"product-type-simple"},"acf":[],"_links":{"self":[{"href":"https:\/\/olemosaic.com\/fr\/wp-json\/wp\/v2\/product\/32791","targetHints":{"allow":["GET"]}}],"collection":[{"href":"https:\/\/olemosaic.com\/fr\/wp-json\/wp\/v2\/product"}],"about":[{"href":"https:\/\/olemosaic.com\/fr\/wp-json\/wp\/v2\/types\/product"}],"wp:featuredmedia":[{"embeddable":true,"href":"https:\/\/olemosaic.com\/fr\/wp-json\/wp\/v2\/media\/8451"}],"wp:attachment":[{"href":"https:\/\/olemosaic.com\/fr\/wp-json\/wp\/v2\/media?parent=32791"}],"wp:term":[{"taxonomy":"product_brand","embeddable":true,"href":"https:\/\/olemosaic.com\/fr\/wp-json\/wp\/v2\/product_brand?post=32791"},{"taxonomy":"product_cat","embeddable":true,"href":"https:\/\/olemosaic.com\/fr\/wp-json\/wp\/v2\/product_cat?post=32791"},{"taxonomy":"product_tag","embeddable":true,"href":"https:\/\/olemosaic.com\/fr\/wp-json\/wp\/v2\/product_tag?post=32791"}],"curies":[{"name":"wp","href":"https:\/\/api.w.org\/{rel}","templated":true}]}}