{"id":32780,"date":"2025-02-20T23:34:39","date_gmt":"2025-02-20T22:34:39","guid":{"rendered":"http:\/\/olemosaic.com\/producto\/vaso-de-ceramica-valencia-blanco\/"},"modified":"2025-07-25T19:03:01","modified_gmt":"2025-07-25T17:03:01","slug":"verre-en-ceramique-valence-blanc","status":"publish","type":"product","link":"https:\/\/olemosaic.com\/fr\/produit\/verre-en-ceramique-valence-blanc\/","title":{"rendered":"Verre en c\u00e9ramique. Valence. Blanc."},"content":{"rendered":"<p>Ce verre en c\u00e9ramique, inspir\u00e9 par la ville vibrante de Valence, est un souvenir \u00e9l\u00e9gant qui capture l&rsquo;essence de cette r\u00e9gion espagnole embl\u00e9matique. D\u00e9cor\u00e9 d&rsquo;un design color\u00e9, ce verre combine des motifs repr\u00e9sentatifs du March\u00e9 Central et de la futuriste Cit\u00e9 des Arts et des Sciences, en faisant un article distinctif qui refl\u00e8te la riche culture valencienne. Sur un fond blanc immacul\u00e9, les d\u00e9tails en mosa\u00efque peints \u00e0 la main ressortent avec une palette de couleurs \u00e9clatantes, des bleus et rouges intenses aux jaunes et verts qui donnent vie \u00e0 la c\u00e9l\u00e8bre architecture locale. Sur la partie sup\u00e9rieure du verre, le mot \u00ab VALENCE \u00bb se d\u00e9tache avec des lettres frappantes, ajoutant une touche d&rsquo;authenticit\u00e9 et de connexion culturelle. De plus, il dispose d&rsquo;un couvercle rouge qui apporte non seulement un \u00e9l\u00e9ment pratique, mais compl\u00e8te \u00e9galement parfaitement le design color\u00e9, en faisant le choix id\u00e9al pour emporter vos boissons partout. Ce verre n&rsquo;est pas seulement un souvenir de Valence, mais aussi une excellente option pour les touristes \u00e0 la recherche de souvenirs authentiques et repr\u00e9sentatifs. Chez Ol\u00e9 Mosaic, en tant que distributeurs de souvenirs en gros, nous proposons des produits qui c\u00e9l\u00e8brent la richesse culturelle et la singularit\u00e9 de chaque r\u00e9gion, faisant de ce verre le souvenir parfait pour les boutiques de cadeaux touristiques.<\/p>\n","protected":false},"excerpt":{"rendered":"<p>Verre en c\u00e9ramique inspir\u00e9 par la ville vibrante de Valence, d\u00e9cor\u00e9 d&rsquo;un design color\u00e9 fusionnant des motifs du March\u00e9 Central et de la Cit\u00e9 des Arts et des Sciences. Ce verre attrayant, d&rsquo;un blanc \u00e9l\u00e9gant, pr\u00e9sente des d\u00e9tails de mosa\u00efque peints \u00e0 la main dans une palette de couleurs \u00e9clatantes, soulignant des \u00e9l\u00e9ments architecturaux et le mot \u00ab\u00a0VALENCE\u00a0\u00bb sur la partie sup\u00e9rieure. Son couvercle rouge ajoute une touche pratique et moderne, id\u00e9al pour profiter de vos boissons n&rsquo;importe o\u00f9.<\/p>\n","protected":false},"featured_media":9875,"template":"","meta":{"_acf_changed":false},"product_brand":[],"product_cat":[819],"product_tag":[585],"class_list":{"0":"post-32780","1":"product","2":"type-product","3":"status-publish","4":"has-post-thumbnail","6":"product_cat-verres","7":"product_tag-ceramique","8":"pa_ciudad-valencia","9":"pa_pais-espana","11":"first","12":"instock","13":"shipping-taxable","14":"product-type-simple"},"acf":[],"_links":{"self":[{"href":"https:\/\/olemosaic.com\/fr\/wp-json\/wp\/v2\/product\/32780","targetHints":{"allow":["GET"]}}],"collection":[{"href":"https:\/\/olemosaic.com\/fr\/wp-json\/wp\/v2\/product"}],"about":[{"href":"https:\/\/olemosaic.com\/fr\/wp-json\/wp\/v2\/types\/product"}],"wp:featuredmedia":[{"embeddable":true,"href":"https:\/\/olemosaic.com\/fr\/wp-json\/wp\/v2\/media\/9875"}],"wp:attachment":[{"href":"https:\/\/olemosaic.com\/fr\/wp-json\/wp\/v2\/media?parent=32780"}],"wp:term":[{"taxonomy":"product_brand","embeddable":true,"href":"https:\/\/olemosaic.com\/fr\/wp-json\/wp\/v2\/product_brand?post=32780"},{"taxonomy":"product_cat","embeddable":true,"href":"https:\/\/olemosaic.com\/fr\/wp-json\/wp\/v2\/product_cat?post=32780"},{"taxonomy":"product_tag","embeddable":true,"href":"https:\/\/olemosaic.com\/fr\/wp-json\/wp\/v2\/product_tag?post=32780"}],"curies":[{"name":"wp","href":"https:\/\/api.w.org\/{rel}","templated":true}]}}