{"id":32779,"date":"2025-02-20T23:34:39","date_gmt":"2025-02-20T22:34:39","guid":{"rendered":"http:\/\/olemosaic.com\/producto\/vaso-de-ceramica-barcelona-blanco-2\/"},"modified":"2025-07-25T18:52:44","modified_gmt":"2025-07-25T16:52:44","slug":"verre-en-ceramique-barcelone-blanc-2","status":"publish","type":"product","link":"https:\/\/olemosaic.com\/fr\/produit\/verre-en-ceramique-barcelone-blanc-2\/","title":{"rendered":"Verre en c\u00e9ramique. Sagrada Familia. Barcelone. Blanc."},"content":{"rendered":"<p>Ce verre en c\u00e9ramique, inspir\u00e9 par l&rsquo;architecture vibrante de Barcelone, est une pi\u00e8ce unique qui capture l&rsquo;essence visuelle de cette ville embl\u00e9matique. Son design peint \u00e0 la main pr\u00e9sente une explosion de couleurs mettant en avant des \u00e9l\u00e9ments embl\u00e9matiques, tels que la Sagrada Familia, m\u00e9langeant des tonalit\u00e9s en mosa\u00efques de rouges, verts et jaunes qui \u00e9voquent l&rsquo;\u0153uvre du c\u00e9l\u00e8bre architecte Antoni Gaud\u00ed. La finition blanche brillante du verre offre un beau contraste, rehaussant la vivacit\u00e9 de ses d\u00e9tails artistiques.<\/p>\n<p>\u00c0 travers sa d\u00e9coration, le verre n&rsquo;est pas seulement un article fonctionnel, mais aussi une pi\u00e8ce d\u00e9corative captivante qui ravira les amateurs d&rsquo;art et de culture barcelonaise. Ce souvenir se distingue par son authenticit\u00e9, devenant un souvenir repr\u00e9sentatif de l&rsquo;architecture moderniste et du caract\u00e8re unique de la ville. Id\u00e9al pour les touristes cherchant \u00e0 capturer la magie de Barcelone dans un objet accessible et beau.<\/p>\n<p>Chez Ol\u00e9 Mosaic, en tant que distributeurs de souvenirs en c\u00e9ramique en gros, nous proposons ce verre de Barcelone, parfait pour les boutiques de cadeaux touristiques souhaitant offrir \u00e0 leurs clients un souvenir authentique c\u00e9l\u00e9brant le riche h\u00e9ritage culturel de la ville. Avec sa combinaison de fonctionnalit\u00e9 et d&rsquo;esth\u00e9tique, ce verre est une excellente option pour tout passionn\u00e9 de culture catalane.<\/p>\n","protected":false},"excerpt":{"rendered":"<p>Verre en c\u00e9ramique inspir\u00e9 par l&rsquo;architecture vibrante de Barcelone. Ce verre color\u00e9 pr\u00e9sente un design artisanal, peint \u00e0 la main, mettant en avant des \u00e9l\u00e9ments embl\u00e9matiques de la ville, comme la Sagrada Familia, parmi des mosa\u00efques aux tons rouges, verts et jaunes. Avec une finition blanche brillante et des d\u00e9tails pleins de vie, c&rsquo;est \u00e0 la fois un objet fonctionnel et une belle pi\u00e8ce d\u00e9corative. Id\u00e9al pour les amateurs d&rsquo;art et de culture de cette ville embl\u00e9matique.<\/p>\n","protected":false},"featured_media":9498,"template":"","meta":{"_acf_changed":false},"product_brand":[],"product_cat":[819],"product_tag":[585],"class_list":{"0":"post-32779","1":"product","2":"type-product","3":"status-publish","4":"has-post-thumbnail","6":"product_cat-verres","7":"product_tag-ceramique","8":"pa_ciudad-barcelona","9":"pa_pais-espana","11":"first","12":"instock","13":"shipping-taxable","14":"product-type-simple"},"acf":[],"_links":{"self":[{"href":"https:\/\/olemosaic.com\/fr\/wp-json\/wp\/v2\/product\/32779","targetHints":{"allow":["GET"]}}],"collection":[{"href":"https:\/\/olemosaic.com\/fr\/wp-json\/wp\/v2\/product"}],"about":[{"href":"https:\/\/olemosaic.com\/fr\/wp-json\/wp\/v2\/types\/product"}],"wp:featuredmedia":[{"embeddable":true,"href":"https:\/\/olemosaic.com\/fr\/wp-json\/wp\/v2\/media\/9498"}],"wp:attachment":[{"href":"https:\/\/olemosaic.com\/fr\/wp-json\/wp\/v2\/media?parent=32779"}],"wp:term":[{"taxonomy":"product_brand","embeddable":true,"href":"https:\/\/olemosaic.com\/fr\/wp-json\/wp\/v2\/product_brand?post=32779"},{"taxonomy":"product_cat","embeddable":true,"href":"https:\/\/olemosaic.com\/fr\/wp-json\/wp\/v2\/product_cat?post=32779"},{"taxonomy":"product_tag","embeddable":true,"href":"https:\/\/olemosaic.com\/fr\/wp-json\/wp\/v2\/product_tag?post=32779"}],"curies":[{"name":"wp","href":"https:\/\/api.w.org\/{rel}","templated":true}]}}