{"id":32778,"date":"2025-02-20T23:34:38","date_gmt":"2025-02-20T22:34:38","guid":{"rendered":"http:\/\/olemosaic.com\/producto\/vaso-de-ceramica-patio-blanco-2\/"},"modified":"2025-07-25T18:58:25","modified_gmt":"2025-07-25T16:58:25","slug":"verre-en-ceramique-patio-blanc-2","status":"publish","type":"product","link":"https:\/\/olemosaic.com\/fr\/produit\/verre-en-ceramique-patio-blanc-2\/","title":{"rendered":"Verre en c\u00e9ramique. Patio. Blanc. Espagne."},"content":{"rendered":"<p>Ce verre en c\u00e9ramique est une c\u00e9l\u00e9bration vibrante du folklore espagnol, con\u00e7u pour capturer l&rsquo;essence des traditions culturelles de l&rsquo;Espagne. Avec un fond blanc qui met en valeur son art color\u00e9, le verre pr\u00e9sente des illustrations de couples dansant dans un patio charmant, orn\u00e9 de fleurs rouges exub\u00e9rantes et d&rsquo;une chaise typique \u00e9voquant la chaleur des places espagnoles. Les couples, dans leurs costumes traditionnels, l&rsquo;un avec une robe \u00e0 pois rouges et l&rsquo;autre avec une tenue \u00e9l\u00e9gante, transmettent dynamisme et joie, refl\u00e9tant l&rsquo;esprit festif de la danse flamenco.<\/p>\n<p>Des d\u00e9tails en bleu et un message sympathique disant \u00ab\u00a0Espagne\u00a0\u00bb compl\u00e8tent le design, faisant de chaque gorg\u00e9e de votre boisson pr\u00e9f\u00e9r\u00e9e un rappel de la riche culture espagnole. La technique de peinture \u00e0 la main ajoute non seulement de l&rsquo;authenticit\u00e9, mais souligne \u00e9galement la valeur artisanale du produit, en faisant un souvenir unique que les touristes appr\u00e9cieront.<\/p>\n<p>Parfait pour ceux qui recherchent un souvenir repr\u00e9sentatif de leur visite en Espagne, ce verre est une excellente option pour les boutiques de cadeaux touristiques souhaitant proposer des articles de qualit\u00e9. Chez Ol\u00e9 Mosaic, en tant que grossistes en c\u00e9ramique et souvenirs, nous garantissons que chaque pi\u00e8ce est un hommage durable \u00e0 la culture espagnole.<\/p>\n","protected":false},"excerpt":{"rendered":"<p>Verre en c\u00e9ramique au design vibrant capturant l&rsquo;essence du folklore espagnol. D\u00e9cor\u00e9 d&rsquo;illustrations color\u00e9es de couples dansant dans un patio orn\u00e9 de fleurs rouges et d&rsquo;une chaise typique, ce verre pr\u00e9sente des d\u00e9tails en bleu et un message indiquant \u00ab\u00a0Espagne\u00a0\u00bb. La technique de peinture \u00e0 la main souligne les motifs culturels, faisant de ce verre un souvenir unique, id\u00e9al pour profiter de vos boissons pr\u00e9f\u00e9r\u00e9es tout en \u00e9voquant la vie et la joie de l&rsquo;Espagne.<\/p>\n","protected":false},"featured_media":8483,"template":"","meta":{"_acf_changed":false},"product_brand":[],"product_cat":[819],"product_tag":[585],"class_list":{"0":"post-32778","1":"product","2":"type-product","3":"status-publish","4":"has-post-thumbnail","6":"product_cat-verres","7":"product_tag-ceramique","8":"pa_motivo-cours-interieures","10":"first","11":"instock","12":"shipping-taxable","13":"product-type-simple"},"acf":[],"_links":{"self":[{"href":"https:\/\/olemosaic.com\/fr\/wp-json\/wp\/v2\/product\/32778","targetHints":{"allow":["GET"]}}],"collection":[{"href":"https:\/\/olemosaic.com\/fr\/wp-json\/wp\/v2\/product"}],"about":[{"href":"https:\/\/olemosaic.com\/fr\/wp-json\/wp\/v2\/types\/product"}],"wp:featuredmedia":[{"embeddable":true,"href":"https:\/\/olemosaic.com\/fr\/wp-json\/wp\/v2\/media\/8483"}],"wp:attachment":[{"href":"https:\/\/olemosaic.com\/fr\/wp-json\/wp\/v2\/media?parent=32778"}],"wp:term":[{"taxonomy":"product_brand","embeddable":true,"href":"https:\/\/olemosaic.com\/fr\/wp-json\/wp\/v2\/product_brand?post=32778"},{"taxonomy":"product_cat","embeddable":true,"href":"https:\/\/olemosaic.com\/fr\/wp-json\/wp\/v2\/product_cat?post=32778"},{"taxonomy":"product_tag","embeddable":true,"href":"https:\/\/olemosaic.com\/fr\/wp-json\/wp\/v2\/product_tag?post=32778"}],"curies":[{"name":"wp","href":"https:\/\/api.w.org\/{rel}","templated":true}]}}