{"id":32776,"date":"2025-02-20T22:34:38","date_gmt":"2025-02-20T22:34:38","guid":{"rendered":"http:\/\/olemosaic.com\/producto\/vaso-de-ceramica-patio-madrid-blanco\/"},"modified":"2025-07-25T18:43:13","modified_gmt":"2025-07-25T16:43:13","slug":"verre-en-ceramique-patio-madrid-blanc","status":"publish","type":"product","link":"https:\/\/olemosaic.com\/fr\/produit\/verre-en-ceramique-patio-madrid-blanc\/","title":{"rendered":"Verre en c\u00e9ramique. Patio. Madrid. Blanc."},"content":{"rendered":"<p>Ce verre en c\u00e9ramique d\u00e9cor\u00e9 \u00e9voque l&rsquo;essence et le charme de Madrid, devenant un souvenir parfait qui capture la culture espagnole \u00e0 chaque gorg\u00e9e. Sur une base blanche, s&rsquo;\u00e9tendant comme une toile, le verre pr\u00e9sente une illustration vibrante d&rsquo;un joyeux patio andalou orn\u00e9 de fleurs color\u00e9es dans des pots bleus, qui donnent vie et fra\u00eecheur au design. Au centre, deux danseurs de flamenco occupent le devant de la sc\u00e8ne, repr\u00e9sentant la passion et l&rsquo;art de la danse espagnole : la danseuse se distingue par sa spectaculaire robe rouge, tandis que le danseur, avec sa tenue \u00e9l\u00e9gante, compl\u00e8te cette sc\u00e8ne festive.<\/p>\n<p>Les d\u00e9tails architecturaux, comme une lampe typique et des chaises en bois, ajoutent un air authentique et accueillant, rappelant les patios culturels qui ouvrent les portes \u00e0 la chaleur de la vie en Espagne. Ce verre n&rsquo;est pas seulement un objet fonctionnel, mais aussi un symbole du riche h\u00e9ritage culturel de Madrid, id\u00e9al pour ceux qui recherchent un souvenir parlant de tradition et d&rsquo;art flamenco. Chez Ol\u00e9 Mosaic, nous sommes fiers de distribuer des souvenirs en c\u00e9ramique comme celui-ci, qui refl\u00e8tent l&rsquo;essence de la culture espagnole et sont id\u00e9aux pour les boutiques de cadeaux touristiques \u00e0 la recherche d&rsquo;articles authentiques et repr\u00e9sentatifs. Nous valorisons chaque pi\u00e8ce, garantissant sa pertinence culturelle et son attrait pour les visiteurs souhaitant emporter un morceau de Madrid chez eux.<\/p>\n","protected":false},"excerpt":{"rendered":"<p>Verre en c\u00e9ramique d\u00e9cor\u00e9 \u00e9voquant l&rsquo;essence de Madrid, illustr\u00e9 par un design vibrant d&rsquo;un patio andalou. Ce verre pr\u00e9sente une surface blanche orn\u00e9e de fleurs color\u00e9es dans des pots bleus et des d\u00e9tails d&rsquo;architecture typique, comme une lampe et des chaises. Au centre, deux danseurs de flamenco v\u00eatus de costumes traditionnels, soulignant la couleur rouge de la robe de la danseuse. Id\u00e9al pour savourer la culture espagnole \u00e0 chaque gorg\u00e9e.<\/p>\n","protected":false},"featured_media":7963,"template":"","meta":{"_acf_changed":false},"product_brand":[],"product_cat":[819],"product_tag":[585],"class_list":{"0":"post-32776","1":"product","2":"type-product","3":"status-publish","4":"has-post-thumbnail","6":"product_cat-verres","7":"product_tag-ceramique","8":"pa_ciudad-madrid","9":"pa_motivo-cours-interieures","10":"pa_pais-espana","12":"first","13":"instock","14":"shipping-taxable","15":"product-type-simple"},"acf":[],"_links":{"self":[{"href":"https:\/\/olemosaic.com\/fr\/wp-json\/wp\/v2\/product\/32776","targetHints":{"allow":["GET"]}}],"collection":[{"href":"https:\/\/olemosaic.com\/fr\/wp-json\/wp\/v2\/product"}],"about":[{"href":"https:\/\/olemosaic.com\/fr\/wp-json\/wp\/v2\/types\/product"}],"wp:featuredmedia":[{"embeddable":true,"href":"https:\/\/olemosaic.com\/fr\/wp-json\/wp\/v2\/media\/7963"}],"wp:attachment":[{"href":"https:\/\/olemosaic.com\/fr\/wp-json\/wp\/v2\/media?parent=32776"}],"wp:term":[{"taxonomy":"product_brand","embeddable":true,"href":"https:\/\/olemosaic.com\/fr\/wp-json\/wp\/v2\/product_brand?post=32776"},{"taxonomy":"product_cat","embeddable":true,"href":"https:\/\/olemosaic.com\/fr\/wp-json\/wp\/v2\/product_cat?post=32776"},{"taxonomy":"product_tag","embeddable":true,"href":"https:\/\/olemosaic.com\/fr\/wp-json\/wp\/v2\/product_tag?post=32776"}],"curies":[{"name":"wp","href":"https:\/\/api.w.org\/{rel}","templated":true}]}}