{"id":32760,"date":"2025-02-20T22:34:38","date_gmt":"2025-02-20T22:34:38","guid":{"rendered":"http:\/\/olemosaic.com\/producto\/vaso-de-ceramica-patio-blanco\/"},"modified":"2025-07-25T20:28:46","modified_gmt":"2025-07-25T18:28:46","slug":"gobelet-en-ceramique-patio-blanc","status":"publish","type":"product","link":"https:\/\/olemosaic.com\/fr\/produit\/gobelet-en-ceramique-patio-blanc\/","title":{"rendered":"Gobelet en c\u00e9ramique. Patio. Blanc."},"content":{"rendered":"<p>Ce gobelet en c\u00e9ramique d\u00e9cor\u00e9 est une c\u00e9l\u00e9bration vibrante de l&rsquo;esprit andalou, parfait pour ceux qui recherchent un souvenir authentique de l&rsquo;Espagne. Avec son design color\u00e9 et joyeux, il pr\u00e9sente une belle illustration qui capture l&rsquo;essence d&rsquo;un patio andalou, orn\u00e9 de motifs typiques qui \u00e9voquent la culture locale. De la guitare&#8230;<\/p>\n<p>Le gobelet montre des images vives de danseurs de flamenco, v\u00eatus de costumes traditionnels qui refl\u00e8tent le riche h\u00e9ritage culturel de la r\u00e9gion. Une danseuse portant une robe rouge \u00e0 volants et un danseur \u00e9l\u00e9gant, accompagn\u00e9s de chaises color\u00e9es et d&rsquo;un cadre de fen\u00eatre ornement\u00e9, le tout entour\u00e9 de fleurs rouges exub\u00e9rantes qui ajoutent une touche tropicale et festive. La c\u00e9ramique brillante et polie non seulement embellit le gobelet, mais le rend \u00e9galement r\u00e9sistant et pratique pour un usage quotidien.<\/p>\n<p>Compl\u00e9t\u00e9 par un couvercle rouge pratique, ce gobelet est parfait pour savourer vos boissons pr\u00e9f\u00e9r\u00e9es tout en vous immergeant dans la culture vibrante de l&rsquo;Andalousie. Un souvenir id\u00e9al pour les touristes qui souhaitent emporter un morceau d&rsquo;Espagne avec eux. Chez Ol\u00e9 Mosaic, nous vous proposons ce gobelet comme une excellente option pour les boutiques de cadeaux touristiques \u00e0 la recherche de produits authentiques et culturellement significatifs. En tant que distributeurs de souvenirs, nous garantissons la qualit\u00e9 et le design de chacun de nos articles.<\/p>\n","protected":false},"excerpt":{"rendered":"<p>Gobelet en c\u00e9ramique d\u00e9cor\u00e9 capturant l&rsquo;essence d&rsquo;un patio andalou vibrant. Il pr\u00e9sente un design color\u00e9 avec des motifs typiques, tels qu&rsquo;une guitare, des chaises joyeuses et des danseurs de flamenco, le tout entour\u00e9 de fleurs rouges. La c\u00e9ramique brillante est compl\u00e9t\u00e9e par un couvercle rouge pratique, id\u00e9al pour savourer vos boissons pr\u00e9f\u00e9r\u00e9es tout en transmettant l&rsquo;esprit festif de l&rsquo;Espagne. Un article parfait pour ajouter une touche de culture \u00e0 votre quotidien.<\/p>\n","protected":false},"featured_media":8404,"template":"","meta":{"_acf_changed":false},"product_brand":[],"product_cat":[819],"product_tag":[585],"class_list":{"0":"post-32760","1":"product","2":"type-product","3":"status-publish","4":"has-post-thumbnail","6":"product_cat-verres","7":"product_tag-ceramique","8":"pa_motivo-cours-interieures","10":"first","11":"instock","12":"shipping-taxable","13":"product-type-simple"},"acf":[],"_links":{"self":[{"href":"https:\/\/olemosaic.com\/fr\/wp-json\/wp\/v2\/product\/32760","targetHints":{"allow":["GET"]}}],"collection":[{"href":"https:\/\/olemosaic.com\/fr\/wp-json\/wp\/v2\/product"}],"about":[{"href":"https:\/\/olemosaic.com\/fr\/wp-json\/wp\/v2\/types\/product"}],"wp:featuredmedia":[{"embeddable":true,"href":"https:\/\/olemosaic.com\/fr\/wp-json\/wp\/v2\/media\/8404"}],"wp:attachment":[{"href":"https:\/\/olemosaic.com\/fr\/wp-json\/wp\/v2\/media?parent=32760"}],"wp:term":[{"taxonomy":"product_brand","embeddable":true,"href":"https:\/\/olemosaic.com\/fr\/wp-json\/wp\/v2\/product_brand?post=32760"},{"taxonomy":"product_cat","embeddable":true,"href":"https:\/\/olemosaic.com\/fr\/wp-json\/wp\/v2\/product_cat?post=32760"},{"taxonomy":"product_tag","embeddable":true,"href":"https:\/\/olemosaic.com\/fr\/wp-json\/wp\/v2\/product_tag?post=32760"}],"curies":[{"name":"wp","href":"https:\/\/api.w.org\/{rel}","templated":true}]}}