{"id":32756,"date":"2025-02-20T22:34:37","date_gmt":"2025-02-20T22:34:37","guid":{"rendered":"http:\/\/olemosaic.com\/producto\/vaso-de-ceramica-flores-barcelona-blanco\/"},"modified":"2025-07-25T18:43:11","modified_gmt":"2025-07-25T16:43:11","slug":"gobelet-en-ceramique-fleurs-barcelone-blanc","status":"publish","type":"product","link":"https:\/\/olemosaic.com\/fr\/produit\/gobelet-en-ceramique-fleurs-barcelone-blanc\/","title":{"rendered":"Gobelet en c\u00e9ramique. Fleurs. Barcelone. Blanc."},"content":{"rendered":"<p>Ce gobelet en c\u00e9ramique, d\u00e9cor\u00e9 d&rsquo;un motif floral vibrant, est un souvenir embl\u00e9matique de Barcelone qui capture l&rsquo;essence artistique et color\u00e9e de la ville. Avec son \u00e9l\u00e9gante base blanche et son design exub\u00e9rant en rouge, jaune, bleu et vert, il \u00e9voque la joie de la mosa\u00efque de Gaudi qui orne tant d&rsquo;espaces iconiques de la capitale catalane. Les motifs floraux, entrelac\u00e9s avec un motif de style mosa\u00efque, offrent non seulement un impact visuel frappant, mais refl\u00e8tent \u00e9galement le d\u00e9vouement \u00e0 l&rsquo;art et \u00e0 la couleur qui caract\u00e9rise la culture barcelonaise.<\/p>\n<p>Ce gobelet est parfait pour savourer vos boissons pr\u00e9f\u00e9r\u00e9es, alliant fonctionnalit\u00e9 et art en un seul objet. Son mat\u00e9riau en c\u00e9ramique assure la durabilit\u00e9, tandis que son design singulier et attrayant en fait un excellent cadeau ou souvenir de Barcelone, id\u00e9al pour ceux qui recherchent un morceau de la vibrante culture locale. Ce produit n&rsquo;est pas seulement un gobelet, mais un souvenir authentique qui encapsule la beaut\u00e9 et l&rsquo;esprit m\u00e9diterran\u00e9en de la ville.<\/p>\n<p>Chez Ol\u00e9 Mosaic, nous proposons ce gobelet en c\u00e9ramique dans le cadre de notre s\u00e9lection de souvenirs de haute qualit\u00e9 de Barcelone, ce qui en fait une option parfaite pour les boutiques de cadeaux touristiques \u00e0 la recherche de produits distinctifs. En tant que grossistes d&rsquo;articles en c\u00e9ramique, nous garantissons l&rsquo;authenticit\u00e9 et la beaut\u00e9 de chaque pi\u00e8ce, faisant de ce gobelet un article irr\u00e9sistible pour les touristes et les collectionneurs.<\/p>\n","protected":false},"excerpt":{"rendered":"<p>Gobelet en c\u00e9ramique d\u00e9cor\u00e9 d&rsquo;un motif floral vibrant, inspir\u00e9 des c\u00e9l\u00e8bres mosa\u00efques de Barcelone. Cet \u00e9l\u00e9gant gobelet, aux tons blancs et bleus, met en valeur une belle vari\u00e9t\u00e9 de couleurs comme le rouge, le jaune et le bleu dans ses motifs floraux, \u00e9voquant la joie et l&rsquo;art de la ville. Parfait pour savourer vos boissons pr\u00e9f\u00e9r\u00e9es, il allie fonctionnalit\u00e9 et art en un seul produit, constituant un souvenir id\u00e9al de la capitale catalane.<\/p>\n","protected":false},"featured_media":9064,"template":"","meta":{"_acf_changed":false},"product_brand":[],"product_cat":[819],"product_tag":[585],"class_list":{"0":"post-32756","1":"product","2":"type-product","3":"status-publish","4":"has-post-thumbnail","6":"product_cat-verres","7":"product_tag-ceramique","8":"pa_ciudad-barcelona","9":"pa_motivo-fleurs","10":"pa_pais-espana","12":"first","13":"instock","14":"shipping-taxable","15":"product-type-simple"},"acf":[],"_links":{"self":[{"href":"https:\/\/olemosaic.com\/fr\/wp-json\/wp\/v2\/product\/32756","targetHints":{"allow":["GET"]}}],"collection":[{"href":"https:\/\/olemosaic.com\/fr\/wp-json\/wp\/v2\/product"}],"about":[{"href":"https:\/\/olemosaic.com\/fr\/wp-json\/wp\/v2\/types\/product"}],"wp:featuredmedia":[{"embeddable":true,"href":"https:\/\/olemosaic.com\/fr\/wp-json\/wp\/v2\/media\/9064"}],"wp:attachment":[{"href":"https:\/\/olemosaic.com\/fr\/wp-json\/wp\/v2\/media?parent=32756"}],"wp:term":[{"taxonomy":"product_brand","embeddable":true,"href":"https:\/\/olemosaic.com\/fr\/wp-json\/wp\/v2\/product_brand?post=32756"},{"taxonomy":"product_cat","embeddable":true,"href":"https:\/\/olemosaic.com\/fr\/wp-json\/wp\/v2\/product_cat?post=32756"},{"taxonomy":"product_tag","embeddable":true,"href":"https:\/\/olemosaic.com\/fr\/wp-json\/wp\/v2\/product_tag?post=32756"}],"curies":[{"name":"wp","href":"https:\/\/api.w.org\/{rel}","templated":true}]}}