{"id":32747,"date":"2025-02-20T22:34:37","date_gmt":"2025-02-20T22:34:37","guid":{"rendered":"http:\/\/olemosaic.com\/producto\/vaso-de-ceramica-salamandra-barcelona-beige\/"},"modified":"2025-07-25T18:43:12","modified_gmt":"2025-07-25T16:43:12","slug":"gobelet-en-ceramique-salamandre-barcelone-beige","status":"publish","type":"product","link":"https:\/\/olemosaic.com\/fr\/produit\/gobelet-en-ceramique-salamandre-barcelone-beige\/","title":{"rendered":"Gobelet en c\u00e9ramique. Salamandre. Barcelone. Beige."},"content":{"rendered":"<p>Ce gobelet en c\u00e9ramique, d\u00e9cor\u00e9 de joyeuses salamandres, est une repr\u00e9sentation vibrante de l&rsquo;essence de Barcelone. Le design dans les tons beige est orn\u00e9 de salamandres multicolores, \u00e9voquant le c\u00e9l\u00e8bre trencad\u00eds de Gaud\u00ed, un style caract\u00e9ristique qui transforme la c\u00e9ramique en \u0153uvre d&rsquo;art. Les salamandres sont joyeusement r\u00e9parties sur la surface du gobelet, captant l&rsquo;attention et apportant une touche de fra\u00eecheur et de couleur rappelant les mosa\u00efques du Park G\u00fcell. L&rsquo;int\u00e9rieur du gobelet pr\u00e9sente une couleur rouge \u00e9clatante qui contraste harmonieusement avec l&rsquo;ext\u00e9rieur, tandis que le bord est d\u00e9licatement accentu\u00e9 par des d\u00e9tails dor\u00e9s, ajoutant une touche d&rsquo;\u00e9l\u00e9gance \u00e0 cette pi\u00e8ce fonctionnelle.<\/p>\n<p>Ce gobelet n&rsquo;est pas seulement id\u00e9al pour savourer vos boissons pr\u00e9f\u00e9r\u00e9es, mais il fonctionne \u00e9galement comme un excellent souvenir de Barcelone, parfait pour ceux qui souhaitent emporter un petit morceau de la ville. La connexion culturelle du gobelet avec Barcelone en fait un article authentique, repr\u00e9sentatif de son riche h\u00e9ritage artistique et architectural. Chez Ol\u00e9 Mosaic, nous sommes des distributeurs de souvenirs en gros, proposant des produits authentiques et de haute qualit\u00e9. Ce gobelet en c\u00e9ramique avec salamandres est une magnifique option pour les boutiques de cadeaux touristiques cherchant \u00e0 attirer les visiteurs avec des souvenirs uniques de leur exp\u00e9rience \u00e0 Barcelone.<\/p>\n","protected":false},"excerpt":{"rendered":"<p>Gobelet en c\u00e9ramique d\u00e9cor\u00e9 de joyeuses salamandres et du mot \u00ab\u00a0Barcelone\u00a0\u00bb. Ce gobelet, de ton beige, pr\u00e9sente un design vibrant o\u00f9 les salamandres multicolores, inspir\u00e9es du c\u00e9l\u00e8bre trencad\u00eds de Gaud\u00ed, donnent vie \u00e0 la pi\u00e8ce. L&rsquo;int\u00e9rieur est d&rsquo;un rouge \u00e9clatant et le bord, avec des d\u00e9tails dor\u00e9s, allie fonctionnalit\u00e9 et art. Id\u00e9al pour savourer vos boissons pr\u00e9f\u00e9r\u00e9es et emporter un petit morceau de Barcelone avec vous.<\/p>\n","protected":false},"featured_media":7365,"template":"","meta":{"_acf_changed":false},"product_brand":[],"product_cat":[819],"product_tag":[530,585],"class_list":{"0":"post-32747","1":"product","2":"type-product","3":"status-publish","4":"has-post-thumbnail","6":"product_cat-verres","7":"product_tag-animaux","8":"product_tag-ceramique","9":"pa_ciudad-barcelona","10":"pa_motivo-salamandres","11":"pa_pais-espana","13":"first","14":"instock","15":"shipping-taxable","16":"product-type-simple"},"acf":[],"_links":{"self":[{"href":"https:\/\/olemosaic.com\/fr\/wp-json\/wp\/v2\/product\/32747","targetHints":{"allow":["GET"]}}],"collection":[{"href":"https:\/\/olemosaic.com\/fr\/wp-json\/wp\/v2\/product"}],"about":[{"href":"https:\/\/olemosaic.com\/fr\/wp-json\/wp\/v2\/types\/product"}],"wp:featuredmedia":[{"embeddable":true,"href":"https:\/\/olemosaic.com\/fr\/wp-json\/wp\/v2\/media\/7365"}],"wp:attachment":[{"href":"https:\/\/olemosaic.com\/fr\/wp-json\/wp\/v2\/media?parent=32747"}],"wp:term":[{"taxonomy":"product_brand","embeddable":true,"href":"https:\/\/olemosaic.com\/fr\/wp-json\/wp\/v2\/product_brand?post=32747"},{"taxonomy":"product_cat","embeddable":true,"href":"https:\/\/olemosaic.com\/fr\/wp-json\/wp\/v2\/product_cat?post=32747"},{"taxonomy":"product_tag","embeddable":true,"href":"https:\/\/olemosaic.com\/fr\/wp-json\/wp\/v2\/product_tag?post=32747"}],"curies":[{"name":"wp","href":"https:\/\/api.w.org\/{rel}","templated":true}]}}