{"id":32746,"date":"2025-02-20T22:34:37","date_gmt":"2025-02-20T22:34:37","guid":{"rendered":"http:\/\/olemosaic.com\/producto\/vaso-de-ceramica-punt-de-trobada\/"},"modified":"2025-07-25T19:09:41","modified_gmt":"2025-07-25T17:09:41","slug":"gobelet-en-ceramique-punt-de-trobada","status":"publish","type":"product","link":"https:\/\/olemosaic.com\/fr\/produit\/gobelet-en-ceramique-punt-de-trobada\/","title":{"rendered":"Gobelet en c\u00e9ramique. Punt de trobada."},"content":{"rendered":"<p>Ce gobelet en c\u00e9ramique au design color\u00e9 est une v\u00e9ritable repr\u00e9sentation de l&rsquo;esprit de l&rsquo;architecture moderniste barcelonaise, inspir\u00e9 du c\u00e9l\u00e8bre style artistique de Gaud\u00ed, connu sous le nom de \u00ab\u00a0Punt de trobada\u00a0\u00bb. Avec un magnifique motif de mosa\u00efques affichant une palette vibrante de couleurs dans des tons bleus, rouges, verts et jaunes, ce gobelet \u00e9voque l&rsquo;essence cr\u00e9ative et singuli\u00e8re de l&rsquo;art catalan. Chaque trait et d\u00e9tail est m\u00e9ticuleusement ex\u00e9cut\u00e9, cr\u00e9ant une pi\u00e8ce qui n&rsquo;est pas seulement fonctionnelle, mais sert \u00e9galement d&rsquo;objet d\u00e9coratif attrayant. Le couvercle en silicone rouge qui l&rsquo;accompagne ajoute une touche contemporaine et apporte de la fonctionnalit\u00e9, permettant de savourer des boissons froides ou chaudes sans souci. Ce gobelet est id\u00e9al pour ceux qui recherchent un souvenir repr\u00e9sentant la culture et l&rsquo;art de Barcelone, devenant une excellente option pour les touristes et les amateurs de modernisme. Chez Ol\u00e9 Mosaic, en tant que distributeurs de souvenirs en gros, nous proposons des produits authentiques qui c\u00e9l\u00e8brent le riche h\u00e9ritage culturel de l&rsquo;Espagne, positionnant ce gobelet comme un choix parfait pour les boutiques de cadeaux touristiques cherchant \u00e0 offrir des articles distinctifs et de qualit\u00e9.<\/p>\n","protected":false},"excerpt":{"rendered":"<p>Gobelet en c\u00e9ramique au design color\u00e9, inspir\u00e9 du c\u00e9l\u00e8bre style artistique de Gaud\u00ed, connu sous le nom de \u00ab\u00a0Punt de trobada\u00a0\u00bb. Ce gobelet pr\u00e9sente un motif attrayant de mosa\u00efques dans des tons bleus, rouges, verts et jaunes, \u00e9voquant l&rsquo;essence vibrante de l&rsquo;architecture moderniste de Barcelone. Son couvercle en silicone rouge ajoute de la fonctionnalit\u00e9 et une touche moderne, en faisant un article id\u00e9al pour savourer des boissons froides ou chaudes tout en appr\u00e9ciant une pi\u00e8ce de l&rsquo;art catalan.<\/p>\n","protected":false},"featured_media":10035,"template":"","meta":{"_acf_changed":false},"product_brand":[],"product_cat":[819],"product_tag":[585],"class_list":{"0":"post-32746","1":"product","2":"type-product","3":"status-publish","4":"has-post-thumbnail","6":"product_cat-verres","7":"product_tag-ceramique","8":"pa_motivo-punt-de-trobada","10":"first","11":"instock","12":"shipping-taxable","13":"product-type-simple"},"acf":[],"_links":{"self":[{"href":"https:\/\/olemosaic.com\/fr\/wp-json\/wp\/v2\/product\/32746","targetHints":{"allow":["GET"]}}],"collection":[{"href":"https:\/\/olemosaic.com\/fr\/wp-json\/wp\/v2\/product"}],"about":[{"href":"https:\/\/olemosaic.com\/fr\/wp-json\/wp\/v2\/types\/product"}],"wp:featuredmedia":[{"embeddable":true,"href":"https:\/\/olemosaic.com\/fr\/wp-json\/wp\/v2\/media\/10035"}],"wp:attachment":[{"href":"https:\/\/olemosaic.com\/fr\/wp-json\/wp\/v2\/media?parent=32746"}],"wp:term":[{"taxonomy":"product_brand","embeddable":true,"href":"https:\/\/olemosaic.com\/fr\/wp-json\/wp\/v2\/product_brand?post=32746"},{"taxonomy":"product_cat","embeddable":true,"href":"https:\/\/olemosaic.com\/fr\/wp-json\/wp\/v2\/product_cat?post=32746"},{"taxonomy":"product_tag","embeddable":true,"href":"https:\/\/olemosaic.com\/fr\/wp-json\/wp\/v2\/product_tag?post=32746"}],"curies":[{"name":"wp","href":"https:\/\/api.w.org\/{rel}","templated":true}]}}