{"id":32729,"date":"2025-02-20T23:34:35","date_gmt":"2025-02-20T22:34:35","guid":{"rendered":"http:\/\/olemosaic.com\/producto\/ref-3\/"},"modified":"2025-07-25T18:44:41","modified_gmt":"2025-07-25T16:44:41","slug":"bol-coco-fuchsia-roue","status":"publish","type":"product","link":"https:\/\/olemosaic.com\/fr\/produit\/bol-coco-fuchsia-roue\/","title":{"rendered":"Bol coco fuchsia. Roue."},"content":{"rendered":"<p>Ce bol en c\u00e9ramique peint \u00e0 la main est un v\u00e9ritable reflet de l&rsquo;art de la mosa\u00efque typique de la Costa del Sol, capturant l&rsquo;essence vibrante de l&rsquo;Andalousie dans chaque d\u00e9tail. Avec un design \u00e9clatant combinant des tons ros\u00e9s et des d\u00e9tails brillants, ce bol est non seulement fonctionnel, mais aussi une pi\u00e8ce d\u00e9corative qui apporte une touche de couleur et de chaleur \u00e0 n&rsquo;importe quel foyer. Sa surface pr\u00e9sente un \u00e9l\u00e9gant motif radial simulant le trencad\u00eds, une technique traditionnelle espagnole utilisant de petits fragments de c\u00e9ramique pour cr\u00e9er des motifs artistiques et color\u00e9s.<\/p>\n<p>Id\u00e9al pour servir des ap\u00e9ritifs ou comme objet d\u00e9coratif, ce bol est un hommage \u00e0 la riche culture andalouse, \u00e9voquant les vues impressionnantes et les ambiances chaleureuses de la r\u00e9gion. Son authenticit\u00e9 en tant que souvenir de la Costa del Sol en fait un cadeau parfait pour les touristes cherchant \u00e0 emporter un petit morceau d&rsquo;Espagne. Chez Ol\u00e9 Mosaic, nous sommes des distributeurs en gros de ce type de souvenirs, offrant aux boutiques de cadeaux touristiques l&rsquo;opportunit\u00e9 de proposer des produits de qualit\u00e9 qui c\u00e9l\u00e8brent l&rsquo;h\u00e9ritage culturel de l&rsquo;Espagne. Ce bol en c\u00e9ramique est un excellent choix pour ceux qui souhaitent offrir \u00e0 leurs clients des souvenirs repr\u00e9sentatifs de leur voyage sur la Costa del Sol, reliant leur foyer \u00e0 l&rsquo;esprit vibrant de l&rsquo;Andalousie.<\/p>\n","protected":false},"excerpt":{"rendered":"<p>Bol en c\u00e9ramique au design artisanal, peint \u00e0 la main, inspir\u00e9 de l&rsquo;art caract\u00e9ristique de la mosa\u00efque de la Costa del Sol. Ce bol attrayant pr\u00e9sente un design vibrant dans des tons ros\u00e9s et des d\u00e9tails brillants qui \u00e9voquent la chaleur de l&rsquo;ambiance andalouse. La surface affiche un \u00e9l\u00e9gant motif radial, avec des textures simulant le trencad\u00eds, typique de l&rsquo;ornementation espagnole. Id\u00e9al pour servir des ap\u00e9ritifs ou comme pi\u00e8ce d\u00e9corative dans la maison, ce bol est un hommage \u00e0 la riche culture de la r\u00e9gion.<\/p>\n","protected":false},"featured_media":11731,"template":"","meta":{"_acf_changed":false},"product_brand":[],"product_cat":[521],"product_tag":[],"class_list":{"0":"post-32729","1":"product","2":"type-product","3":"status-publish","4":"has-post-thumbnail","6":"product_cat-bols","7":"pa_ciudad-rueda","8":"pa_pais-espana","10":"first","11":"instock","12":"shipping-taxable","13":"product-type-simple"},"acf":[],"_links":{"self":[{"href":"https:\/\/olemosaic.com\/fr\/wp-json\/wp\/v2\/product\/32729","targetHints":{"allow":["GET"]}}],"collection":[{"href":"https:\/\/olemosaic.com\/fr\/wp-json\/wp\/v2\/product"}],"about":[{"href":"https:\/\/olemosaic.com\/fr\/wp-json\/wp\/v2\/types\/product"}],"wp:featuredmedia":[{"embeddable":true,"href":"https:\/\/olemosaic.com\/fr\/wp-json\/wp\/v2\/media\/11731"}],"wp:attachment":[{"href":"https:\/\/olemosaic.com\/fr\/wp-json\/wp\/v2\/media?parent=32729"}],"wp:term":[{"taxonomy":"product_brand","embeddable":true,"href":"https:\/\/olemosaic.com\/fr\/wp-json\/wp\/v2\/product_brand?post=32729"},{"taxonomy":"product_cat","embeddable":true,"href":"https:\/\/olemosaic.com\/fr\/wp-json\/wp\/v2\/product_cat?post=32729"},{"taxonomy":"product_tag","embeddable":true,"href":"https:\/\/olemosaic.com\/fr\/wp-json\/wp\/v2\/product_tag?post=32729"}],"curies":[{"name":"wp","href":"https:\/\/api.w.org\/{rel}","templated":true}]}}