{"id":32728,"date":"2025-02-20T23:34:35","date_gmt":"2025-02-20T22:34:35","guid":{"rendered":"http:\/\/olemosaic.com\/producto\/tapon-de-ceramica-panoramica-barcelona-beige-2\/"},"modified":"2025-07-25T18:53:32","modified_gmt":"2025-07-25T16:53:32","slug":"bouchon-en-ceramique-panoramique-barcelone-beige-2","status":"publish","type":"product","link":"https:\/\/olemosaic.com\/fr\/produit\/bouchon-en-ceramique-panoramique-barcelone-beige-2\/","title":{"rendered":"Bouchon en c\u00e9ramique. Panoramique. Fontaine Place Catalogne. Barcelone. Beige."},"content":{"rendered":"<p>Ce bouchon en c\u00e9ramique panoramique de Barcelone est le souvenir id\u00e9al pour ceux qui cherchent \u00e0 emporter un morceau authentique et color\u00e9 de cette ville catalane vibrante. La partie sup\u00e9rieure du bouchon pr\u00e9sente un design captivant dans des tons beiges, orn\u00e9 d&rsquo;illustrations vibrantes qui mettent en valeur des \u00e9l\u00e9ments embl\u00e9matiques tels que la c\u00e9l\u00e8bre fontaine de la Place de Catalogne, le Park G\u00fcell et l&rsquo;architecture c\u00e9l\u00e8bre de Gaud\u00ed. La combinaison de couleurs joyeuses et le style artistique font de ce bouchon non seulement un objet fonctionnel, mais aussi une pi\u00e8ce d\u00e9corative qui souligne la beaut\u00e9 de Barcelone. Fabriqu\u00e9 en c\u00e9ramique de haute qualit\u00e9, ce produit remplit la double fonction de sceller les bouteilles, gardant leur contenu frais et prot\u00e9g\u00e9, tandis que son design attrayant en fait un excellent sujet de conversation lors de toute r\u00e9union. En choisissant ce bouchon comme souvenir, vous ne ramenez pas seulement chez vous un morceau de la culture barcelonaise, mais aussi un symbole de la cr\u00e9ativit\u00e9 et de l&rsquo;art qui caract\u00e9risent cette ville. Chez Ol\u00e9 Mosaic, nous sommes des distributeurs de souvenirs en gros comme ce bouchon en c\u00e9ramique, parfait pour les boutiques de cadeaux touristiques souhaitant proposer des produits authentiques et repr\u00e9sentatifs de Barcelone.<\/p>\n","protected":false},"excerpt":{"rendered":"<p>Bouchon en c\u00e9ramique avec une charmante vue panoramique de Barcelone sur la partie sup\u00e9rieure. Ce design attrayant, dans des tons beiges avec des d\u00e9tails color\u00e9s, inclut des \u00e9l\u00e9ments embl\u00e9matiques tels que la fontaine de la place de Catalogne et l&rsquo;architecture de Gaud\u00ed. D\u00e9cor\u00e9 d&rsquo;illustrations vibrantes, le bouchon est id\u00e9al pour sceller les bouteilles et se souvenir de la beaut\u00e9 de la cit\u00e9 comtale. Un souvenir parfait pour ceux qui souhaitent apporter une touche de Barcelone dans leur foyer.<\/p>\n","protected":false},"featured_media":7788,"template":"","meta":{"_acf_changed":false},"product_brand":[],"product_cat":[825],"product_tag":[585],"class_list":{"0":"post-32728","1":"product","2":"type-product","3":"status-publish","4":"has-post-thumbnail","6":"product_cat-bouchons","7":"product_tag-ceramique","8":"pa_ciudad-barcelona","9":"pa_motivo-panoramas","10":"pa_pais-espana","12":"first","13":"instock","14":"shipping-taxable","15":"product-type-simple"},"acf":[],"_links":{"self":[{"href":"https:\/\/olemosaic.com\/fr\/wp-json\/wp\/v2\/product\/32728","targetHints":{"allow":["GET"]}}],"collection":[{"href":"https:\/\/olemosaic.com\/fr\/wp-json\/wp\/v2\/product"}],"about":[{"href":"https:\/\/olemosaic.com\/fr\/wp-json\/wp\/v2\/types\/product"}],"wp:featuredmedia":[{"embeddable":true,"href":"https:\/\/olemosaic.com\/fr\/wp-json\/wp\/v2\/media\/7788"}],"wp:attachment":[{"href":"https:\/\/olemosaic.com\/fr\/wp-json\/wp\/v2\/media?parent=32728"}],"wp:term":[{"taxonomy":"product_brand","embeddable":true,"href":"https:\/\/olemosaic.com\/fr\/wp-json\/wp\/v2\/product_brand?post=32728"},{"taxonomy":"product_cat","embeddable":true,"href":"https:\/\/olemosaic.com\/fr\/wp-json\/wp\/v2\/product_cat?post=32728"},{"taxonomy":"product_tag","embeddable":true,"href":"https:\/\/olemosaic.com\/fr\/wp-json\/wp\/v2\/product_tag?post=32728"}],"curies":[{"name":"wp","href":"https:\/\/api.w.org\/{rel}","templated":true}]}}