{"id":32727,"date":"2025-02-20T23:34:35","date_gmt":"2025-02-20T22:34:35","guid":{"rendered":"http:\/\/olemosaic.com\/producto\/tapon-de-ceramica-barcelona-azul\/"},"modified":"2025-07-25T18:38:35","modified_gmt":"2025-07-25T16:38:35","slug":"bouchon-en-ceramique-barcelone-bleu","status":"publish","type":"product","link":"https:\/\/olemosaic.com\/fr\/produit\/bouchon-en-ceramique-barcelone-bleu\/","title":{"rendered":"Bouchon en c\u00e9ramique. Barcelone. Bleu."},"content":{"rendered":"<p>Ce bouchon en c\u00e9ramique illustr\u00e9 est un charmant souvenir de Barcelone qui capture l&rsquo;essence vibrante de la ville. Con\u00e7u avec une repr\u00e9sentation color\u00e9e de l&#8217;embl\u00e9matique Sagrada Familia et du magique Parc G\u00fcell, il se distingue par ses mosa\u00efques aux tons bleus, rouges et verts, \u00e9voquant l&rsquo;\u0153uvre du c\u00e9l\u00e8bre architecte Antoni Gaud\u00ed. La finition polie ajoute un \u00e9clat particulier, tandis que la base en li\u00e8ge naturel assure une fermeture parfaite de vos bouteilles, alliant fonctionnalit\u00e9 et style.<\/p>\n<p>Le mot \u00ab\u00a0Barcelona\u00a0\u00bb figure en bonne place dans le design, rehaussant l&rsquo;exp\u00e9rience visuelle et faisant de ce bouchon un souvenir nostalgique et repr\u00e9sentatif de la culture catalane. Id\u00e9al pour ceux qui cherchent \u00e0 ramener un morceau de cette ville chez eux, ce bouchon n&rsquo;est pas seulement un accessoire pratique, mais il ajoute \u00e9galement une touche artistique et culturelle qui embellit tout \u00e9v\u00e9nement ou c\u00e9l\u00e9bration.<\/p>\n<p>Chez Ol\u00e9 Mosaic, nous sommes fiers de proposer des souvenirs authentiques et de haute qualit\u00e9 en gros, comme ce bouchon en c\u00e9ramique, parfait pour les boutiques de cadeaux touristiques qui souhaitent favoriser le lien avec l&rsquo;h\u00e9ritage riche et diversifi\u00e9 de l&rsquo;Espagne. Ce produit est une excellente option pour les touristes \u00e0 la recherche de souvenirs qui refl\u00e8tent v\u00e9ritablement l&rsquo;esprit de Barcelone dans chaque d\u00e9tail.<\/p>\n","protected":false},"excerpt":{"rendered":"<p>Bouchon en c\u00e9ramique illustr\u00e9, inspir\u00e9 de l&rsquo;architecture vibrante de Barcelone. Ce charmant bouchon pr\u00e9sente une repr\u00e9sentation color\u00e9e de la Sagrada Familia et du Parc G\u00fcell, mettant en avant les mosa\u00efques caract\u00e9ristiques aux tons bleus, rouges et verts. Avec une finition polie et un li\u00e8ge naturel \u00e0 la base, il est id\u00e9al pour sceller les bouteilles avec style et apporter un petit morceau de la culture catalane dans votre maison. Le mot \u00ab\u00a0Barcelona\u00a0\u00bb appara\u00eet en \u00e9vidence, ajoutant une touche distinctive.<\/p>\n","protected":false},"featured_media":12102,"template":"","meta":{"_acf_changed":false},"product_brand":[],"product_cat":[825],"product_tag":[585],"class_list":{"0":"post-32727","1":"product","2":"type-product","3":"status-publish","4":"has-post-thumbnail","6":"product_cat-bouchons","7":"product_tag-ceramique","8":"pa_ciudad-barcelona","9":"pa_pais-espana","11":"first","12":"instock","13":"shipping-taxable","14":"product-type-simple"},"acf":[],"_links":{"self":[{"href":"https:\/\/olemosaic.com\/fr\/wp-json\/wp\/v2\/product\/32727","targetHints":{"allow":["GET"]}}],"collection":[{"href":"https:\/\/olemosaic.com\/fr\/wp-json\/wp\/v2\/product"}],"about":[{"href":"https:\/\/olemosaic.com\/fr\/wp-json\/wp\/v2\/types\/product"}],"wp:featuredmedia":[{"embeddable":true,"href":"https:\/\/olemosaic.com\/fr\/wp-json\/wp\/v2\/media\/12102"}],"wp:attachment":[{"href":"https:\/\/olemosaic.com\/fr\/wp-json\/wp\/v2\/media?parent=32727"}],"wp:term":[{"taxonomy":"product_brand","embeddable":true,"href":"https:\/\/olemosaic.com\/fr\/wp-json\/wp\/v2\/product_brand?post=32727"},{"taxonomy":"product_cat","embeddable":true,"href":"https:\/\/olemosaic.com\/fr\/wp-json\/wp\/v2\/product_cat?post=32727"},{"taxonomy":"product_tag","embeddable":true,"href":"https:\/\/olemosaic.com\/fr\/wp-json\/wp\/v2\/product_tag?post=32727"}],"curies":[{"name":"wp","href":"https:\/\/api.w.org\/{rel}","templated":true}]}}