{"id":32718,"date":"2025-02-20T23:34:34","date_gmt":"2025-02-20T22:34:34","guid":{"rendered":"http:\/\/olemosaic.com\/producto\/tapon-de-ceramica-toros-blanco\/"},"modified":"2025-07-25T18:53:43","modified_gmt":"2025-07-25T16:53:43","slug":"bouchon-en-ceramique-taureaux-blanc","status":"publish","type":"product","link":"https:\/\/olemosaic.com\/fr\/produit\/bouchon-en-ceramique-taureaux-blanc\/","title":{"rendered":"Bouchon en c\u00e9ramique. Taureaux. Blanc."},"content":{"rendered":"<p>Ce bouchon en c\u00e9ramique d\u00e9cor\u00e9 est une v\u00e9ritable \u0153uvre d&rsquo;art qui capture l&rsquo;essence de la culture espagnole. Avec un design vibrant pr\u00e9sentant un taureau stylis\u00e9 dans une explosion de couleurs, accompagn\u00e9 d&rsquo;un soleil radieux et de d\u00e9licates fleurs rouges, ce bouchon n&rsquo;est pas seulement fonctionnel, mais aussi un objet d\u00e9coratif fascinant. Le fond blanc fait ressortir le design peint \u00e0 la main, permettant \u00e0 chaque couleur de briller avec vivacit\u00e9, ce qui en fait un souvenir id\u00e9al \u00e9voquant le lien fort de l&rsquo;Espagne avec la culture taurine et ses traditions.<\/p>\n<p>La forme ronde du bouchon, \u00e9labor\u00e9e avec une c\u00e9ramique de haute qualit\u00e9, offre non seulement une finition distinctive et artisanale, mais assure \u00e9galement une adaptation parfaite \u00e0 vos bouteilles, gardant le contenu frais et prot\u00e9g\u00e9. Ce bouchon est plus qu&rsquo;un accessoire ; c&rsquo;est un symbole du riche h\u00e9ritage culturel de l&rsquo;Espagne qui fascine tant les locaux que les touristes.<\/p>\n<p>Ol\u00e9 Mosaic, en tant que distributeur de souvenirs en gros, propose ce bouchon en c\u00e9ramique comme une excellente option pour les boutiques de cadeaux touristiques \u00e0 la recherche de produits authentiques et repr\u00e9sentatifs. Id\u00e9al pour ceux qui souhaitent emporter un morceau d&rsquo;Espagne avec eux, ce bouchon est un cadeau charmant et un souvenir m\u00e9morable qui c\u00e9l\u00e8bre la passion et l&rsquo;art de la culture espagnole.<\/p>\n","protected":false},"excerpt":{"rendered":"<p>Bouchon en c\u00e9ramique d\u00e9cor\u00e9 d&rsquo;un design vibrant de taureaux, id\u00e9al pour donner une touche espagnole \u00e0 vos bouteilles. Ce bouchon \u00e9l\u00e9gant pr\u00e9sente un motif color\u00e9 et stylis\u00e9 d&rsquo;un taureau, ainsi qu&rsquo;un soleil radieux et des fleurs, design artisanal, peint \u00e0 la main, sur un fond blanc. Sa forme ronde et le mat\u00e9riau c\u00e9ramique lui conf\u00e8rent une finition distinctive et artisanale, en faisant un souvenir parfait qui \u00e9voque la tradition et la culture espagnole.<\/p>\n","protected":false},"featured_media":8544,"template":"","meta":{"_acf_changed":false},"product_brand":[],"product_cat":[825],"product_tag":[530,585],"class_list":{"0":"post-32718","1":"product","2":"type-product","3":"status-publish","4":"has-post-thumbnail","6":"product_cat-bouchons","7":"product_tag-animaux","8":"product_tag-ceramique","9":"pa_motivo-taureaux","11":"first","12":"instock","13":"shipping-taxable","14":"product-type-simple"},"acf":[],"_links":{"self":[{"href":"https:\/\/olemosaic.com\/fr\/wp-json\/wp\/v2\/product\/32718","targetHints":{"allow":["GET"]}}],"collection":[{"href":"https:\/\/olemosaic.com\/fr\/wp-json\/wp\/v2\/product"}],"about":[{"href":"https:\/\/olemosaic.com\/fr\/wp-json\/wp\/v2\/types\/product"}],"wp:featuredmedia":[{"embeddable":true,"href":"https:\/\/olemosaic.com\/fr\/wp-json\/wp\/v2\/media\/8544"}],"wp:attachment":[{"href":"https:\/\/olemosaic.com\/fr\/wp-json\/wp\/v2\/media?parent=32718"}],"wp:term":[{"taxonomy":"product_brand","embeddable":true,"href":"https:\/\/olemosaic.com\/fr\/wp-json\/wp\/v2\/product_brand?post=32718"},{"taxonomy":"product_cat","embeddable":true,"href":"https:\/\/olemosaic.com\/fr\/wp-json\/wp\/v2\/product_cat?post=32718"},{"taxonomy":"product_tag","embeddable":true,"href":"https:\/\/olemosaic.com\/fr\/wp-json\/wp\/v2\/product_tag?post=32718"}],"curies":[{"name":"wp","href":"https:\/\/api.w.org\/{rel}","templated":true}]}}