{"id":32717,"date":"2025-02-20T23:34:34","date_gmt":"2025-02-20T22:34:34","guid":{"rendered":"http:\/\/olemosaic.com\/producto\/tapon-de-ceramica-madrid-blanco\/"},"modified":"2025-07-25T19:25:47","modified_gmt":"2025-07-25T17:25:47","slug":"bouchon-en-ceramique-madrid-blanc","status":"publish","type":"product","link":"https:\/\/olemosaic.com\/fr\/produit\/bouchon-en-ceramique-madrid-blanc\/","title":{"rendered":"Bouchon en c\u00e9ramique. Madrid. Blanc."},"content":{"rendered":"<p>Ce bouchon en c\u00e9ramique d\u00e9cor\u00e9 est un charmant souvenir, inspir\u00e9 de l&#8217;embl\u00e9matique Plaza Mayor de Madrid, l&rsquo;une des places les plus iconiques de la capitale espagnole. Le bouchon, d&rsquo;un blanc \u00e9l\u00e9gant, pr\u00e9sente un design vibrant peint \u00e0 la main qui capture l&rsquo;essence de la place, montrant des d\u00e9tails d\u00e9licats de sa c\u00e9l\u00e8bre fontaine, ainsi que des personnages locaux qui ajoutent une touche de vie et d&rsquo;authenticit\u00e9 \u00e0 la pi\u00e8ce. Sur la partie sup\u00e9rieure, le nom \u00ab\u00a0MADRID\u00a0\u00bb, en lettres color\u00e9es, ressort avec joie, faisant de ce bouchon un souvenir non seulement fonctionnel, mais qui c\u00e9l\u00e8bre \u00e9galement l&rsquo;esprit de la ville.<\/p>\n<p>Chaque \u00e9l\u00e9ment du design a \u00e9t\u00e9 minutieusement \u00e9labor\u00e9, refl\u00e9tant la riche histoire et la culture de Madrid, de son architecture de la Renaissance \u00e0 la vie de rue dynamique qui caract\u00e9rise la place. Ce bouchon en c\u00e9ramique est non seulement id\u00e9al pour conserver les vins et les huiles, mais il s&rsquo;\u00e9rige \u00e9galement comme un objet d\u00e9coratif qui rappellera aux voyageurs les moments v\u00e9cus sur la vibrante Plaza Mayor.<\/p>\n<p>Chez Ol\u00e9 Mosaic, nous nous sp\u00e9cialisons dans l&rsquo;offre de souvenirs authentiques de qualit\u00e9, et ce bouchon en c\u00e9ramique est une excellente option pour les boutiques de cadeaux touristiques \u00e0 la recherche de produits repr\u00e9sentatifs de la culture espagnole. En tant que distributeurs de c\u00e9ramique en gros, nous veillons \u00e0 ce que chaque pi\u00e8ce respecte l&rsquo;h\u00e9ritage artistique de son origine, faisant de ce bouchon un cadeau parfait pour ceux qui souhaitent emporter un morceau de Madrid chez eux.<\/p>\n","protected":false},"excerpt":{"rendered":"<p>Bouchon en c\u00e9ramique d\u00e9cor\u00e9, inspir\u00e9 de l&#8217;embl\u00e9matique Plaza Mayor de Madrid. Ce bouchon blanc attrayant pr\u00e9sente un design artisanal, peint \u00e0 la main, incluant des \u00e9l\u00e9ments repr\u00e9sentatifs de la ville, comme sa c\u00e9l\u00e8bre fontaine et des personnages locaux, le tout dans des couleurs vives. La partie sup\u00e9rieure comprend le nom &lsquo;MADRID&rsquo; en lettres color\u00e9es, ce qui fait de ce bouchon un souvenir parfait alliant art et fonctionnalit\u00e9, id\u00e9al pour se souvenir de l&rsquo;essence de la capitale espagnole.<\/p>\n","protected":false},"featured_media":9960,"template":"","meta":{"_acf_changed":false},"product_brand":[],"product_cat":[825],"product_tag":[585],"class_list":{"0":"post-32717","1":"product","2":"type-product","3":"status-publish","4":"has-post-thumbnail","6":"product_cat-bouchons","7":"product_tag-ceramique","8":"pa_ciudad-madrid","9":"pa_pais-espana","11":"first","12":"instock","13":"shipping-taxable","14":"product-type-simple"},"acf":[],"_links":{"self":[{"href":"https:\/\/olemosaic.com\/fr\/wp-json\/wp\/v2\/product\/32717","targetHints":{"allow":["GET"]}}],"collection":[{"href":"https:\/\/olemosaic.com\/fr\/wp-json\/wp\/v2\/product"}],"about":[{"href":"https:\/\/olemosaic.com\/fr\/wp-json\/wp\/v2\/types\/product"}],"wp:featuredmedia":[{"embeddable":true,"href":"https:\/\/olemosaic.com\/fr\/wp-json\/wp\/v2\/media\/9960"}],"wp:attachment":[{"href":"https:\/\/olemosaic.com\/fr\/wp-json\/wp\/v2\/media?parent=32717"}],"wp:term":[{"taxonomy":"product_brand","embeddable":true,"href":"https:\/\/olemosaic.com\/fr\/wp-json\/wp\/v2\/product_brand?post=32717"},{"taxonomy":"product_cat","embeddable":true,"href":"https:\/\/olemosaic.com\/fr\/wp-json\/wp\/v2\/product_cat?post=32717"},{"taxonomy":"product_tag","embeddable":true,"href":"https:\/\/olemosaic.com\/fr\/wp-json\/wp\/v2\/product_tag?post=32717"}],"curies":[{"name":"wp","href":"https:\/\/api.w.org\/{rel}","templated":true}]}}