{"id":32710,"date":"2025-02-20T22:34:34","date_gmt":"2025-02-20T22:34:34","guid":{"rendered":"http:\/\/olemosaic.com\/producto\/tapon-de-ceramica-salamandra-mallorca-beige\/"},"modified":"2025-07-25T18:38:39","modified_gmt":"2025-07-25T16:38:39","slug":"bouchon-en-ceramique-salamandre-majorque-beige","status":"publish","type":"product","link":"https:\/\/olemosaic.com\/fr\/produit\/bouchon-en-ceramique-salamandre-majorque-beige\/","title":{"rendered":"Bouchon en c\u00e9ramique. Salamandre. Majorque. Beige."},"content":{"rendered":"<p>Ce bouchon en c\u00e9ramique, d\u00e9cor\u00e9 d&rsquo;une salamandre vibrante, est le souvenir id\u00e9al pour capturer l&rsquo;essence de Majorque. Avec une finition dans les tons beiges, ce bouchon \u00e9l\u00e9gant n&rsquo;est pas seulement fonctionnel, mais c&rsquo;est aussi une pi\u00e8ce artistique repr\u00e9sentative de la faune locale. La salamandre, embl\u00e8me de l&rsquo;\u00eele, est orn\u00e9e d&rsquo;un design multicolore en bleu, vert, rouge et jaune, apportant une touche de vie et de joie. Entour\u00e9e de fleurs d\u00e9licates aux tons vifs, cette \u0153uvre refl\u00e8te l&rsquo;atmosph\u00e8re naturelle et vibrante de Majorque, transformant chaque bouchon en une pi\u00e8ce unique et \u00e9vocatrice de l&rsquo;h\u00e9ritage de l&rsquo;\u00eele.<\/p>\n<p>Sur la partie sup\u00e9rieure, le texte \u00ab\u00a0MAJORQUE\u00a0\u00bb est sublim\u00e9, ajoutant un d\u00e9tail distinctif qui rappelle aux visiteurs leur exp\u00e9rience sur cette belle \u00eele des Bal\u00e9ares. Ce bouchon est une excellente option pour ceux qui recherchent un souvenir authentique alliant utilit\u00e9 et esth\u00e9tique, id\u00e9al pour garder leurs bouteilles ferm\u00e9es avec style.<\/p>\n<p>Ol\u00e9 Mosaic est fier de distribuer ces bouchons en c\u00e9ramique en gros, parfaits pour les boutiques de cadeaux touristiques souhaitant offrir des souvenirs authentiques et repr\u00e9sentatifs de Majorque. Ce bouchon est plus qu&rsquo;un simple accessoire ; c&rsquo;est une c\u00e9l\u00e9bration de l&rsquo;art et de la culture majorquins, et un moyen parfait de ramener un morceau de l&rsquo;\u00eele chez soi.<\/p>\n","protected":false},"excerpt":{"rendered":"<p>Bouchon en c\u00e9ramique d\u00e9cor\u00e9 d&rsquo;une salamandre color\u00e9e, repr\u00e9sentative de la faune de Majorque. Ce bouchon original pr\u00e9sente une finition dans les tons beiges et des d\u00e9tails vibrants en vert, bleu, rouge et jaune. La salamandre est entour\u00e9e de fleurs d\u00e9licates, ce qui ajoute une touche artistique au design. Avec le mot \u00ab\u00a0MAJORQUE\u00a0\u00bb sublim\u00e9 sur la partie sup\u00e9rieure, c&rsquo;est un souvenir parfait pour se souvenir de la beaut\u00e9 de l&rsquo;\u00eele des Bal\u00e9ares et, en m\u00eame temps, garder vos bouteilles ferm\u00e9es.<\/p>\n","protected":false},"featured_media":7732,"template":"","meta":{"_acf_changed":false},"product_brand":[],"product_cat":[825],"product_tag":[530,585],"class_list":{"0":"post-32710","1":"product","2":"type-product","3":"status-publish","4":"has-post-thumbnail","6":"product_cat-bouchons","7":"product_tag-animaux","8":"product_tag-ceramique","9":"pa_ciudad-mallorca","10":"pa_motivo-salamandres","11":"pa_pais-espana","13":"first","14":"instock","15":"shipping-taxable","16":"product-type-simple"},"acf":[],"_links":{"self":[{"href":"https:\/\/olemosaic.com\/fr\/wp-json\/wp\/v2\/product\/32710","targetHints":{"allow":["GET"]}}],"collection":[{"href":"https:\/\/olemosaic.com\/fr\/wp-json\/wp\/v2\/product"}],"about":[{"href":"https:\/\/olemosaic.com\/fr\/wp-json\/wp\/v2\/types\/product"}],"wp:featuredmedia":[{"embeddable":true,"href":"https:\/\/olemosaic.com\/fr\/wp-json\/wp\/v2\/media\/7732"}],"wp:attachment":[{"href":"https:\/\/olemosaic.com\/fr\/wp-json\/wp\/v2\/media?parent=32710"}],"wp:term":[{"taxonomy":"product_brand","embeddable":true,"href":"https:\/\/olemosaic.com\/fr\/wp-json\/wp\/v2\/product_brand?post=32710"},{"taxonomy":"product_cat","embeddable":true,"href":"https:\/\/olemosaic.com\/fr\/wp-json\/wp\/v2\/product_cat?post=32710"},{"taxonomy":"product_tag","embeddable":true,"href":"https:\/\/olemosaic.com\/fr\/wp-json\/wp\/v2\/product_tag?post=32710"}],"curies":[{"name":"wp","href":"https:\/\/api.w.org\/{rel}","templated":true}]}}