{"id":32708,"date":"2025-02-20T23:34:34","date_gmt":"2025-02-20T22:34:34","guid":{"rendered":"http:\/\/olemosaic.com\/producto\/tapon-de-ceramica-patio-blanco\/"},"modified":"2025-07-25T18:38:37","modified_gmt":"2025-07-25T16:38:37","slug":"bouchon-en-ceramique-patio-blanc","status":"publish","type":"product","link":"https:\/\/olemosaic.com\/fr\/produit\/bouchon-en-ceramique-patio-blanc\/","title":{"rendered":"Bouchon en c\u00e9ramique. Patio. Blanc."},"content":{"rendered":"<p>Ce bouchon en c\u00e9ramique d\u00e9cor\u00e9 d&rsquo;une illustration attachante de danseurs est un authentique souvenir qui capture l&rsquo;essence de la culture andalouse. Sur un fond blanc simulant la mosa\u00efque de c\u00e9ramique caract\u00e9ristique, le bouchon montre une sc\u00e8ne vibrante peinte \u00e0 la main (effet) : une danseuse avec une robe captivante \u00e0 pois rouges et un \u00e9l\u00e9gant danseur en costume noir dansant avec gr\u00e2ce, \u00e9voquant la passion du flamenco dans un patio andalou typique. Chaque d\u00e9tail de l&rsquo;illustration, de l&rsquo;\u00e9ventail de la danseuse \u00e0 la posture du danseur, refl\u00e8te la tradition et l&rsquo;art de cette riche culture.<\/p>\n<p>Ce bouchon n&rsquo;est pas seulement un article pratique pour sceller les bouteilles, mais aussi un souvenir significatif qui transporte ceux qui l&rsquo;admirent vers les f\u00eates chaleureuses et les traditions vibrantes de l&rsquo;Andalousie. Son design artistique en fait une magnifique option pour ceux qui recherchent des souvenirs en c\u00e9ramique qui parlent de l&rsquo;authenticit\u00e9 et du folklore espagnol. Chez Ol\u00e9 Mosaic, nous sommes experts dans la distribution de souvenirs en gros et proposons des produits qui se distinguent par leur qualit\u00e9 et leur valeur culturelle. Ce bouchon d\u00e9coratif est un ajout id\u00e9al pour les boutiques de cadeaux touristiques souhaitant offrir un souvenir qui c\u00e9l\u00e8bre le riche h\u00e9ritage culturel de l&rsquo;Espagne, transformant chaque bouteille en un \u00e9l\u00e9gant hommage \u00e0 l&rsquo;Andalousie.<\/p>\n","protected":false},"excerpt":{"rendered":"<p>Bouchon en c\u00e9ramique d\u00e9cor\u00e9 d&rsquo;une charmante illustration d&rsquo;un couple de danseurs dans un patio andalou. Ce bouchon blanc attrayant pr\u00e9sente une magnifique sc\u00e8ne au design artisanal, peinte \u00e0 la main, avec une danseuse en robe \u00e0 pois rouges et un danseur en costume noir, qui accentuent leur mouvement \u00e9l\u00e9gant sur un fond simulant la mosa\u00efque de c\u00e9ramique caract\u00e9ristique. Id\u00e9al pour ajouter une touche culturelle \u00e0 n&rsquo;importe quelle bouteille.<\/p>\n","protected":false},"featured_media":8427,"template":"","meta":{"_acf_changed":false},"product_brand":[],"product_cat":[825],"product_tag":[585],"class_list":{"0":"post-32708","1":"product","2":"type-product","3":"status-publish","4":"has-post-thumbnail","6":"product_cat-bouchons","7":"product_tag-ceramique","8":"pa_motivo-cours-interieures","10":"first","11":"instock","12":"shipping-taxable","13":"product-type-simple"},"acf":[],"_links":{"self":[{"href":"https:\/\/olemosaic.com\/fr\/wp-json\/wp\/v2\/product\/32708","targetHints":{"allow":["GET"]}}],"collection":[{"href":"https:\/\/olemosaic.com\/fr\/wp-json\/wp\/v2\/product"}],"about":[{"href":"https:\/\/olemosaic.com\/fr\/wp-json\/wp\/v2\/types\/product"}],"wp:featuredmedia":[{"embeddable":true,"href":"https:\/\/olemosaic.com\/fr\/wp-json\/wp\/v2\/media\/8427"}],"wp:attachment":[{"href":"https:\/\/olemosaic.com\/fr\/wp-json\/wp\/v2\/media?parent=32708"}],"wp:term":[{"taxonomy":"product_brand","embeddable":true,"href":"https:\/\/olemosaic.com\/fr\/wp-json\/wp\/v2\/product_brand?post=32708"},{"taxonomy":"product_cat","embeddable":true,"href":"https:\/\/olemosaic.com\/fr\/wp-json\/wp\/v2\/product_cat?post=32708"},{"taxonomy":"product_tag","embeddable":true,"href":"https:\/\/olemosaic.com\/fr\/wp-json\/wp\/v2\/product_tag?post=32708"}],"curies":[{"name":"wp","href":"https:\/\/api.w.org\/{rel}","templated":true}]}}