{"id":32707,"date":"2025-02-20T23:34:33","date_gmt":"2025-02-20T22:34:33","guid":{"rendered":"http:\/\/olemosaic.com\/producto\/tapon-de-ceramica-salamandra-y-flores-blanco\/"},"modified":"2025-07-25T18:38:40","modified_gmt":"2025-07-25T16:38:40","slug":"bouchon-en-ceramique-salamandre-et-fleurs-blanc","status":"publish","type":"product","link":"https:\/\/olemosaic.com\/fr\/produit\/bouchon-en-ceramique-salamandre-et-fleurs-blanc\/","title":{"rendered":"Bouchon en c\u00e9ramique. Salamandre et fleurs. Blanc."},"content":{"rendered":"<p>Ce bouchon en c\u00e9ramique, d\u00e9cor\u00e9 d&rsquo;une salamandre color\u00e9e et de fleurs, est un accessoire unique qui apporte une touche artisanale \u00e0 vos bouteilles, capturant l&rsquo;essence de l&rsquo;h\u00e9ritage culturel espagnol. Le couvercle blanc contraste parfaitement avec le design vibrant en mosa\u00efque, aux tons intenses de rouge, bleu et vert, cr\u00e9ant une pi\u00e8ce attrayante et originale pour n&rsquo;importe quel foyer. La salamandre, symbole de transformation et de renouveau, est m\u00e9ticuleusement peinte \u00e0 la main (effet), accompagn\u00e9e de charmantes fleurs qui apportent fra\u00eecheur et vitalit\u00e9 \u00e0 l&rsquo;ensemble. La base en li\u00e8ge garantit une \u00e9tanch\u00e9it\u00e9 parfaite, gardant le contenu de la bouteille frais, tandis que le couvercle d\u00e9coratif devient un d\u00e9tail esth\u00e9tique int\u00e9ressant.<\/p>\n<p>Ce bouchon n&rsquo;est pas seulement un \u00e9l\u00e9ment fonctionnel, mais aussi un souvenir repr\u00e9sentatif de la riche culture espagnole, populaire dans diverses r\u00e9gions pour son symbolisme et son design. En choisissant ce bouchon comme souvenir, les touristes peuvent emporter un morceau de la tradition artistique et du folklore color\u00e9 qui caract\u00e9rise l&rsquo;Espagne. Chez Ol\u00e9 Mosaic, nous sommes sp\u00e9cialistes de la distribution de souvenirs en gros, offrant des produits authentiques qui combinent beaut\u00e9 et fonctionnalit\u00e9. Ce bouchon en c\u00e9ramique est id\u00e9al pour les boutiques de cadeaux touristiques \u00e0 la recherche d&rsquo;articles uniques et significatifs pour leurs clients, se positionnant comme une excellente option sur le march\u00e9.<\/p>\n","protected":false},"excerpt":{"rendered":"<p>Bouchon en c\u00e9ramique d\u00e9cor\u00e9 d&rsquo;une salamandre color\u00e9e et de fleurs, id\u00e9al pour donner une touche artisanale \u00e0 vos bouteilles. Sa base en li\u00e8ge assure une \u00e9tanch\u00e9it\u00e9 parfaite, tandis que le couvercle blanc souligne le design vibrant, avec des mosa\u00efques dans les tons rouges, bleus et verts. Cette pi\u00e8ce au design artisanal, peinte \u00e0 la main, inspir\u00e9e de l&rsquo;h\u00e9ritage culturel espagnol, combine fonctionnalit\u00e9 et esth\u00e9tique, offrant un d\u00e9tail d\u00e9coratif int\u00e9ressant pour tout int\u00e9rieur.<\/p>\n","protected":false},"featured_media":8366,"template":"","meta":{"_acf_changed":false},"product_brand":[],"product_cat":[825],"product_tag":[530,585],"class_list":{"0":"post-32707","1":"product","2":"type-product","3":"status-publish","4":"has-post-thumbnail","6":"product_cat-bouchons","7":"product_tag-animaux","8":"product_tag-ceramique","9":"pa_motivo-salamandres","11":"first","12":"instock","13":"shipping-taxable","14":"product-type-simple"},"acf":[],"_links":{"self":[{"href":"https:\/\/olemosaic.com\/fr\/wp-json\/wp\/v2\/product\/32707","targetHints":{"allow":["GET"]}}],"collection":[{"href":"https:\/\/olemosaic.com\/fr\/wp-json\/wp\/v2\/product"}],"about":[{"href":"https:\/\/olemosaic.com\/fr\/wp-json\/wp\/v2\/types\/product"}],"wp:featuredmedia":[{"embeddable":true,"href":"https:\/\/olemosaic.com\/fr\/wp-json\/wp\/v2\/media\/8366"}],"wp:attachment":[{"href":"https:\/\/olemosaic.com\/fr\/wp-json\/wp\/v2\/media?parent=32707"}],"wp:term":[{"taxonomy":"product_brand","embeddable":true,"href":"https:\/\/olemosaic.com\/fr\/wp-json\/wp\/v2\/product_brand?post=32707"},{"taxonomy":"product_cat","embeddable":true,"href":"https:\/\/olemosaic.com\/fr\/wp-json\/wp\/v2\/product_cat?post=32707"},{"taxonomy":"product_tag","embeddable":true,"href":"https:\/\/olemosaic.com\/fr\/wp-json\/wp\/v2\/product_tag?post=32707"}],"curies":[{"name":"wp","href":"https:\/\/api.w.org\/{rel}","templated":true}]}}