{"id":32690,"date":"2025-02-20T23:34:33","date_gmt":"2025-02-20T22:34:33","guid":{"rendered":"http:\/\/olemosaic.com\/producto\/tapon-de-ceramica-panoramica-barcelona-beige\/"},"modified":"2025-07-25T18:38:37","modified_gmt":"2025-07-25T16:38:37","slug":"bouchon-en-ceramique-panoramique-barcelone-beige","status":"publish","type":"product","link":"https:\/\/olemosaic.com\/fr\/produit\/bouchon-en-ceramique-panoramique-barcelone-beige\/","title":{"rendered":"Bouchon en c\u00e9ramique. Panoramique. Barcelone. Beige."},"content":{"rendered":"<p>Ce bouchon en c\u00e9ramique, d\u00e9cor\u00e9 d&rsquo;une vue panoramique color\u00e9e de Barcelone, est un objet qui fusionne fonctionnalit\u00e9 et art, parfait pour rehausser n&rsquo;importe quelle bouteille. Son design tr\u00e8s sp\u00e9cial pr\u00e9sente une repr\u00e9sentation vibrante de la Sagrada Familia, l&rsquo;\u0153uvre iconique de l&rsquo;architecte Antoni Gaud\u00ed, se distinguant par ses formes uniques et les d\u00e9tails architecturaux qui ont fait de Barcelone une destination mondialement reconnue. La partie sup\u00e9rieure du bouchon semble \u00eatre peinte \u00e0 la main dans des tons beige, rouge et bleu, \u00e9voquant l&rsquo;essence de la ville avec une esth\u00e9tique moderne et une touche de mosa\u00efque qui capture la diversit\u00e9 chromatique des b\u00e2timents barcelonais.<\/p>\n<p>De plus, le nom \u00ab Barcelone \u00bb est \u00e9l\u00e9gamment inscrit, ajoutant un d\u00e9tail frappant qui souligne le lien culturel avec cette ville vibrante. La base en li\u00e8ge assure une fermeture herm\u00e9tique, pr\u00e9servant la fra\u00eecheur des vins et des huiles, ce qui en fait un souvenir utile et d\u00e9coratif.<\/p>\n<p>Ce bouchon est un hommage au riche patrimoine artistique de Barcelone et un excellent souvenir pour les touristes souhaitant emporter un morceau de la ville chez eux. Chez Ol\u00e9 Mosaic, en tant que grossiste de souvenirs, nous proposons des produits qui refl\u00e8tent l&rsquo;authenticit\u00e9 et la tradition locale, garantissant que chaque bouchon ne soit pas seulement un accessoire, mais aussi une pi\u00e8ce repr\u00e9sentative de la culture catalane. Profitez de cette occasion pour offrir \u00e0 vos clients un souvenir unique de Barcelone, id\u00e9al pour ceux qui recherchent des souvenirs de qualit\u00e9 et de pertinence culturelle.<\/p>\n","protected":false},"excerpt":{"rendered":"<p>Bouchon en c\u00e9ramique d\u00e9cor\u00e9 d&rsquo;une vue panoramique color\u00e9e de Barcelone, mettant en avant la c\u00e9l\u00e8bre Sagrada Familia. Ce bouchon attrayant, avec sa base en li\u00e8ge, pr\u00e9sente un design artisanal, peint \u00e0 la main, dans des tons beige, rouge et bleu, capturant l&rsquo;essence vibrante de la ville avec des d\u00e9tails en mosa\u00efque. Sur la partie sup\u00e9rieure, l&rsquo;inscription \u00ab Barcelone \u00bb compl\u00e8te son aspect frappant et moderne. Id\u00e9al pour apporter une touche de distinction \u00e0 n&rsquo;importe quelle bouteille.<\/p>\n","protected":false},"featured_media":7768,"template":"","meta":{"_acf_changed":false},"product_brand":[],"product_cat":[825],"product_tag":[585],"class_list":{"0":"post-32690","1":"product","2":"type-product","3":"status-publish","4":"has-post-thumbnail","6":"product_cat-bouchons","7":"product_tag-ceramique","8":"pa_ciudad-barcelona","9":"pa_motivo-panoramas","10":"pa_pais-espana","12":"first","13":"instock","14":"shipping-taxable","15":"product-type-simple"},"acf":[],"_links":{"self":[{"href":"https:\/\/olemosaic.com\/fr\/wp-json\/wp\/v2\/product\/32690","targetHints":{"allow":["GET"]}}],"collection":[{"href":"https:\/\/olemosaic.com\/fr\/wp-json\/wp\/v2\/product"}],"about":[{"href":"https:\/\/olemosaic.com\/fr\/wp-json\/wp\/v2\/types\/product"}],"wp:featuredmedia":[{"embeddable":true,"href":"https:\/\/olemosaic.com\/fr\/wp-json\/wp\/v2\/media\/7768"}],"wp:attachment":[{"href":"https:\/\/olemosaic.com\/fr\/wp-json\/wp\/v2\/media?parent=32690"}],"wp:term":[{"taxonomy":"product_brand","embeddable":true,"href":"https:\/\/olemosaic.com\/fr\/wp-json\/wp\/v2\/product_brand?post=32690"},{"taxonomy":"product_cat","embeddable":true,"href":"https:\/\/olemosaic.com\/fr\/wp-json\/wp\/v2\/product_cat?post=32690"},{"taxonomy":"product_tag","embeddable":true,"href":"https:\/\/olemosaic.com\/fr\/wp-json\/wp\/v2\/product_tag?post=32690"}],"curies":[{"name":"wp","href":"https:\/\/api.w.org\/{rel}","templated":true}]}}