{"id":32686,"date":"2025-02-20T23:34:32","date_gmt":"2025-02-20T22:34:32","guid":{"rendered":"http:\/\/olemosaic.com\/producto\/6-vasos-de-chupito-de-vidrio-metalizado-8\/"},"modified":"2025-07-25T19:24:59","modified_gmt":"2025-07-25T17:24:59","slug":"6-verres-a-shot-en-verre-metallise-8","status":"publish","type":"product","link":"https:\/\/olemosaic.com\/fr\/produit\/6-verres-a-shot-en-verre-metallise-8\/","title":{"rendered":"6 verres \u00e0 shot en verre m\u00e9tallis\u00e9. Gran Canaria."},"content":{"rendered":"<p>Ce lot de six verres \u00e0 shot en verre m\u00e9tallis\u00e9 est un hommage vibrant \u00e0 la culture de Gran Canaria, id\u00e9al pour ceux qui recherchent un souvenir authentique et festif. Chaque verre pr\u00e9sente un design unique orn\u00e9 de motifs color\u00e9s de l\u00e9zards, soigneusement \u00e9labor\u00e9s dans des tons bleu, vert, jaune, violet, bleu ciel et rouge, qui \u00e9voquent la riche biodiversit\u00e9 de l&rsquo;\u00eele. L&rsquo;inscription \u00ab\u00a0Gran Canaria\u00a0\u00bb sur chaque verre ajoute non seulement une touche locale, mais souligne \u00e9galement le lien avec son origine.<\/p>\n<p>La finition m\u00e9tallis\u00e9e de ces verres permet \u00e0 chaque couleur de briller intens\u00e9ment, ce qui en fait un \u00e9l\u00e9ment d\u00e9coratif captivant, parfait pour toute c\u00e9l\u00e9bration ou r\u00e9union. Ces verres, id\u00e9aux pour d\u00e9guster des boissons, invitent \u00e0 partager des moments sp\u00e9ciaux et deviennent un souvenir tangible des joies des \u00eeles Canaries.<\/p>\n<p>En tant que distributeurs de souvenirs en gros, chez Ol\u00e9 Mosaic, nous proposons une large s\u00e9lection de produits repr\u00e9sentatifs et de qualit\u00e9, et ce lot ne fait pas exception. C&rsquo;est une excellente option pour les boutiques de cadeaux touristiques qui cherchent \u00e0 offrir \u00e0 leurs clients quelque chose d&rsquo;authentique et de significatif. Avec ces verres \u00e0 shot de Gran Canaria, les touristes trouveront un souvenir unique qui refl\u00e8te la joie et les couleurs de cette \u00eele charmante.<\/p>\n","protected":false},"excerpt":{"rendered":"<p>Set de six verres \u00e0 shot en verre m\u00e9tallis\u00e9, inspir\u00e9s de la culture de Gran Canaria. Chaque verre pr\u00e9sente un design vibrant avec des motifs de l\u00e9zards de diff\u00e9rentes couleurs : bleu, vert, jaune, violet, bleu ciel et rouge. La d\u00e9coration est compl\u00e9t\u00e9e par l&rsquo;inscription \u00ab Gran Canaria \u00bb, qui ajoute une touche locale et joyeuse. Ces verres sont parfaits pour d\u00e9guster vos boissons pr\u00e9f\u00e9r\u00e9es et constituent \u00e9galement un souvenir d\u00e9coratif tr\u00e8s attrayant.<\/p>\n","protected":false},"featured_media":11215,"template":"","meta":{"_acf_changed":false},"product_brand":[],"product_cat":[814],"product_tag":[],"class_list":{"0":"post-32686","1":"product","2":"type-product","3":"status-publish","4":"has-post-thumbnail","6":"product_cat-verres-a-shot","7":"pa_ciudad-gran-canaria","8":"pa_motivo-salamandres","9":"pa_pais-espana","11":"first","12":"instock","13":"shipping-taxable","14":"product-type-simple"},"acf":[],"_links":{"self":[{"href":"https:\/\/olemosaic.com\/fr\/wp-json\/wp\/v2\/product\/32686","targetHints":{"allow":["GET"]}}],"collection":[{"href":"https:\/\/olemosaic.com\/fr\/wp-json\/wp\/v2\/product"}],"about":[{"href":"https:\/\/olemosaic.com\/fr\/wp-json\/wp\/v2\/types\/product"}],"wp:featuredmedia":[{"embeddable":true,"href":"https:\/\/olemosaic.com\/fr\/wp-json\/wp\/v2\/media\/11215"}],"wp:attachment":[{"href":"https:\/\/olemosaic.com\/fr\/wp-json\/wp\/v2\/media?parent=32686"}],"wp:term":[{"taxonomy":"product_brand","embeddable":true,"href":"https:\/\/olemosaic.com\/fr\/wp-json\/wp\/v2\/product_brand?post=32686"},{"taxonomy":"product_cat","embeddable":true,"href":"https:\/\/olemosaic.com\/fr\/wp-json\/wp\/v2\/product_cat?post=32686"},{"taxonomy":"product_tag","embeddable":true,"href":"https:\/\/olemosaic.com\/fr\/wp-json\/wp\/v2\/product_tag?post=32686"}],"curies":[{"name":"wp","href":"https:\/\/api.w.org\/{rel}","templated":true}]}}