{"id":32675,"date":"2025-02-20T23:34:32","date_gmt":"2025-02-20T22:34:32","guid":{"rendered":"http:\/\/olemosaic.com\/producto\/6-vasos-de-chupito-de-vidrio-metalizado-7\/"},"modified":"2025-07-25T19:06:51","modified_gmt":"2025-07-25T17:06:51","slug":"6-verres-a-shot-en-verre-metallise-7","status":"publish","type":"product","link":"https:\/\/olemosaic.com\/fr\/produit\/6-verres-a-shot-en-verre-metallise-7\/","title":{"rendered":"6 verres \u00e0 shot en verre m\u00e9tallis\u00e9. Art Flamenco."},"content":{"rendered":"<p>Ce lot de six verres \u00e0 shot en verre m\u00e9tallis\u00e9 est un charmant \u00e9chantillon de l&rsquo;essence culturelle espagnole, id\u00e9al pour ceux qui recherchent des souvenirs authentiques et vibrants. Chaque verre pr\u00e9sente un design unique et color\u00e9, orn\u00e9 d&rsquo;illustrations de personnages folkloriques, de guitares et de chaises de flamenco, des \u00e9l\u00e9ments qui \u00e9voquent la riche tradition espagnole. Les bords m\u00e9tallis\u00e9s, dans une joyeuse palette de rouge, jaune, vert, violet, bleu et turquoise, offrent une touche moderne et festive, parfaite pour toute c\u00e9l\u00e9bration.<\/p>\n<p>Le verre transparent permet aux illustrations joyeuses de ressortir, tandis que la finition m\u00e9tallis\u00e9e ajoute un \u00e9clat sp\u00e9cial, apportant un air d&rsquo;\u00e9l\u00e9gance \u00e0 chaque toast. Ce lot n&rsquo;est pas seulement fonctionnel, il agit \u00e9galement comme un souvenir brillant des f\u00eates color\u00e9es et de la vie culturelle vibrante de l&rsquo;Espagne. Id\u00e9al pour partager des moments avec les amis et la famille, c&rsquo;est un incontournable pour toute collection de souvenirs.<\/p>\n<p>Chez Ol\u00e9 Mosaic, notre mission est d&rsquo;offrir aux boutiques de cadeaux touristiques des produits authentiques, et ce lot de verres \u00e0 shot est une option exceptionnelle pour ceux qui souhaitent ramener chez eux un fragment de l&rsquo;esprit espagnol. En tant que distributeurs d&rsquo;articles repr\u00e9sentatifs de l&rsquo;Espagne, nous garantissons la qualit\u00e9 et l&rsquo;authenticit\u00e9 de chacun de nos produits, assurant leur pertinence culturelle et leur attrait sur le march\u00e9.<\/p>\n","protected":false},"excerpt":{"rendered":"<p>Lot de six verres \u00e0 shot en verre m\u00e9tallis\u00e9 qui capturent l&rsquo;essence culturelle de l&rsquo;Espagne. Chaque verre pr\u00e9sente un design vibrant et color\u00e9, orn\u00e9 d&rsquo;illustrations de personnages folkloriques et d&rsquo;\u00e9l\u00e9ments traditionnels, tels que des guitares et des chaises de flamenco. Les bords m\u00e9tallis\u00e9s, dans des tons rouge, jaune, vert, violet, bleu et turquoise, ajoutent une touche moderne et festive. Parfaits pour c\u00e9l\u00e9brer avec style et partager l&rsquo;esprit espagnol \u00e0 chaque toast.<\/p>\n","protected":false},"featured_media":11186,"template":"","meta":{"_acf_changed":false},"product_brand":[],"product_cat":[814],"product_tag":[],"class_list":{"0":"post-32675","1":"product","2":"type-product","3":"status-publish","4":"has-post-thumbnail","6":"product_cat-verres-a-shot","7":"pa_motivo-cours-interieures","9":"first","10":"instock","11":"shipping-taxable","12":"product-type-simple"},"acf":[],"_links":{"self":[{"href":"https:\/\/olemosaic.com\/fr\/wp-json\/wp\/v2\/product\/32675","targetHints":{"allow":["GET"]}}],"collection":[{"href":"https:\/\/olemosaic.com\/fr\/wp-json\/wp\/v2\/product"}],"about":[{"href":"https:\/\/olemosaic.com\/fr\/wp-json\/wp\/v2\/types\/product"}],"wp:featuredmedia":[{"embeddable":true,"href":"https:\/\/olemosaic.com\/fr\/wp-json\/wp\/v2\/media\/11186"}],"wp:attachment":[{"href":"https:\/\/olemosaic.com\/fr\/wp-json\/wp\/v2\/media?parent=32675"}],"wp:term":[{"taxonomy":"product_brand","embeddable":true,"href":"https:\/\/olemosaic.com\/fr\/wp-json\/wp\/v2\/product_brand?post=32675"},{"taxonomy":"product_cat","embeddable":true,"href":"https:\/\/olemosaic.com\/fr\/wp-json\/wp\/v2\/product_cat?post=32675"},{"taxonomy":"product_tag","embeddable":true,"href":"https:\/\/olemosaic.com\/fr\/wp-json\/wp\/v2\/product_tag?post=32675"}],"curies":[{"name":"wp","href":"https:\/\/api.w.org\/{rel}","templated":true}]}}