{"id":32674,"date":"2025-02-20T23:34:32","date_gmt":"2025-02-20T22:34:32","guid":{"rendered":"http:\/\/olemosaic.com\/producto\/6-vasos-de-chupito-de-vidrio-metalizado-6\/"},"modified":"2025-07-25T19:03:55","modified_gmt":"2025-07-25T17:03:55","slug":"6-verres-a-shot-en-verre-metallise-6","status":"publish","type":"product","link":"https:\/\/olemosaic.com\/fr\/produit\/6-verres-a-shot-en-verre-metallise-6\/","title":{"rendered":"6 verres \u00e0 shot en verre m\u00e9tallis\u00e9. Espagne."},"content":{"rendered":"<p>Ce lot de six verres \u00e0 shot en verre m\u00e9tallis\u00e9 est un article indispensable pour ceux qui souhaitent ajouter une touche de l&rsquo;essence espagnole \u00e0 leurs c\u00e9l\u00e9brations. Chaque verre pr\u00e9sente un design vibrant et attrayant dans des couleurs m\u00e9tallis\u00e9es : bleu, vert, rouge, jaune, turquoise et violet. Orn\u00e9s d&rsquo;illustrations de taureaux, ces verres ne capturent pas seulement la riche tradition culturelle de l&rsquo;Espagne, mais \u00e9voquent \u00e9galement la joie des f\u00eates et l&rsquo;art de trinquer en compagnie. Le mot \u00ab\u00a0ESPAGNE\u00a0\u00bb, grav\u00e9 en lettres \u00e9l\u00e9gantes sur chaque verre, souligne l&rsquo;authenticit\u00e9 de ce souvenir, en faisant un rappel repr\u00e9sentatif et frappant.<\/p>\n<p>Avec leur finition m\u00e9tallis\u00e9e, chaque verre r\u00e9fl\u00e9chit la lumi\u00e8re de mani\u00e8re spectaculaire, ajoutant une touche de couleur et une ambiance festive \u00e0 toute r\u00e9union. Id\u00e9aux pour d\u00e9guster des liqueurs ou des cocktails, ces verres sont parfaits pour partager des rires et de bons moments avec les amis et la famille. En tant que souvenir pratique, ils constituent une excellente option pour les touristes cherchant \u00e0 emporter avec eux un morceau de la culture espagnole.<\/p>\n<p>Chez Ol\u00e9 Mosaic, en tant que grossiste de verres \u00e0 shot, nous garantissons la distribution de produits authentiques et de qualit\u00e9, parfaits pour les boutiques de cadeaux touristiques souhaitant proposer des souvenirs m\u00e9morables d&rsquo;Espagne. Ces verres \u00e0 shot m\u00e9tallis\u00e9s sont id\u00e9aux pour ceux qui recherchent un souvenir alliant fonctionnalit\u00e9 et style, capturant l&rsquo;essence de la f\u00eate espagnole dans chaque verre.<\/p>\n","protected":false},"excerpt":{"rendered":"<p>Verres \u00e0 shot en verre m\u00e9tallis\u00e9, id\u00e9aux pour trinquer lors de toute c\u00e9l\u00e9bration. Chaque verre pr\u00e9sente un design vibrant dans des couleurs m\u00e9tallis\u00e9es, avec des illustrations de taureaux repr\u00e9sentant la tradition espagnole, ainsi que le mot \u00ab\u00a0ESPAGNE\u00a0\u00bb en lettres \u00e9l\u00e9gantes. Ce lot de six verres, dans des tons bleu, vert, rouge, jaune, turquoise et violet, est parfait pour ajouter une touche festive \u00e0 vos r\u00e9unions et profiter d&rsquo;une exp\u00e9rience authentique.<\/p>\n","protected":false},"featured_media":11185,"template":"","meta":{"_acf_changed":false},"product_brand":[],"product_cat":[814],"product_tag":[530],"class_list":{"0":"post-32674","1":"product","2":"type-product","3":"status-publish","4":"has-post-thumbnail","6":"product_cat-verres-a-shot","7":"product_tag-animaux","8":"pa_motivo-taureaux","10":"first","11":"instock","12":"shipping-taxable","13":"product-type-simple"},"acf":[],"_links":{"self":[{"href":"https:\/\/olemosaic.com\/fr\/wp-json\/wp\/v2\/product\/32674","targetHints":{"allow":["GET"]}}],"collection":[{"href":"https:\/\/olemosaic.com\/fr\/wp-json\/wp\/v2\/product"}],"about":[{"href":"https:\/\/olemosaic.com\/fr\/wp-json\/wp\/v2\/types\/product"}],"wp:featuredmedia":[{"embeddable":true,"href":"https:\/\/olemosaic.com\/fr\/wp-json\/wp\/v2\/media\/11185"}],"wp:attachment":[{"href":"https:\/\/olemosaic.com\/fr\/wp-json\/wp\/v2\/media?parent=32674"}],"wp:term":[{"taxonomy":"product_brand","embeddable":true,"href":"https:\/\/olemosaic.com\/fr\/wp-json\/wp\/v2\/product_brand?post=32674"},{"taxonomy":"product_cat","embeddable":true,"href":"https:\/\/olemosaic.com\/fr\/wp-json\/wp\/v2\/product_cat?post=32674"},{"taxonomy":"product_tag","embeddable":true,"href":"https:\/\/olemosaic.com\/fr\/wp-json\/wp\/v2\/product_tag?post=32674"}],"curies":[{"name":"wp","href":"https:\/\/api.w.org\/{rel}","templated":true}]}}