{"id":32673,"date":"2025-02-20T23:34:32","date_gmt":"2025-02-20T22:34:32","guid":{"rendered":"http:\/\/olemosaic.com\/producto\/6-vasos-de-chupito-de-vidrio-metalizado-5\/"},"modified":"2025-07-25T18:54:35","modified_gmt":"2025-07-25T16:54:35","slug":"6-verres-a-shot-en-verre-metallise-5","status":"publish","type":"product","link":"https:\/\/olemosaic.com\/fr\/produit\/6-verres-a-shot-en-verre-metallise-5\/","title":{"rendered":"6 verres \u00e0 shot en verre m\u00e9tallis\u00e9. Fiesta."},"content":{"rendered":"<p>Ce lot de six verres \u00e0 shot en verre m\u00e9tallis\u00e9 est le choix parfait pour ceux qui recherchent un souvenir authentique de l&rsquo;Espagne alliant fonctionnalit\u00e9 et esth\u00e9tique. Chaque verre est con\u00e7u avec des motifs color\u00e9s \u00e9voquant le vibrant folklore espagnol, mettant en avant des illustrations de danseuses de flamenco (bailaoras) dans une attitude festive. La palette de couleurs comprend des tons vibrants tels que le vert, le bleu, le rouge et le jaune, qui contrastent avec la transparence du verre, cr\u00e9ant un effet visuel joyeux et contemporain qui animera certainement toute c\u00e9l\u00e9bration.<\/p>\n<p>Ces pi\u00e8ces sont id\u00e9ales aussi bien pour un usage quotidien que pour des moments sp\u00e9ciaux, o\u00f9 l&rsquo;on cherche \u00e0 revivre l&rsquo;essence de la culture espagnole. Leur fabrication en verre m\u00e9tallis\u00e9 apporte non seulement une touche distinctive, mais assure \u00e9galement durabilit\u00e9 et \u00e9l\u00e9gance, en faisant des souvenirs parfaits pour les touristes ou des cadeaux symboliques transmettant la chaleur et la joie de la f\u00eate espagnole.<\/p>\n<p>En tant que produit repr\u00e9sentatif de la riche tradition culturelle de l&rsquo;Espagne, ce lot de verres \u00e0 shot devient une excellente option pour les boutiques de cadeaux touristiques souhaitant offrir \u00e0 leurs clients une touche d&rsquo;authenticit\u00e9. Chez Ol\u00e9 Mosaic, en tant que grossiste de souvenirs d&rsquo;Espagne, nous garantissons la qualit\u00e9 et le design attrayant de chaque produit, assurant que chaque verre soit un souvenir m\u00e9morable et une c\u00e9l\u00e9bration de la culture espagnole.<\/p>\n","protected":false},"excerpt":{"rendered":"<p>Lot de six verres \u00e0 shot en verre m\u00e9tallis\u00e9, parfaits pour partager avec des amis et se souvenir de l&rsquo;essence de l&rsquo;Espagne. Chaque verre pr\u00e9sente des designs color\u00e9s et m\u00e9tallis\u00e9s, avec des illustrations \u00e9voquant le folklore espagnol, comme des danseuses de flamenco en pleine f\u00eate. Les couleurs vibrantes de chaque verre, incluant le vert, le bleu, le rouge et le jaune, contrastent avec la transparence du verre, apportant une touche joyeuse et contemporaine \u00e0 toute c\u00e9l\u00e9bration. Id\u00e9aux comme souvenir ou pour un usage quotidien, ces verres sont une pi\u00e8ce distinctive pour ceux qui appr\u00e9cient la culture espagnole.<\/p>\n","protected":false},"featured_media":11184,"template":"","meta":{"_acf_changed":false},"product_brand":[],"product_cat":[814],"product_tag":[],"class_list":{"0":"post-32673","1":"product","2":"type-product","3":"status-publish","4":"has-post-thumbnail","6":"product_cat-verres-a-shot","7":"pa_motivo-danseurs","9":"first","10":"instock","11":"shipping-taxable","12":"product-type-simple"},"acf":[],"_links":{"self":[{"href":"https:\/\/olemosaic.com\/fr\/wp-json\/wp\/v2\/product\/32673","targetHints":{"allow":["GET"]}}],"collection":[{"href":"https:\/\/olemosaic.com\/fr\/wp-json\/wp\/v2\/product"}],"about":[{"href":"https:\/\/olemosaic.com\/fr\/wp-json\/wp\/v2\/types\/product"}],"wp:featuredmedia":[{"embeddable":true,"href":"https:\/\/olemosaic.com\/fr\/wp-json\/wp\/v2\/media\/11184"}],"wp:attachment":[{"href":"https:\/\/olemosaic.com\/fr\/wp-json\/wp\/v2\/media?parent=32673"}],"wp:term":[{"taxonomy":"product_brand","embeddable":true,"href":"https:\/\/olemosaic.com\/fr\/wp-json\/wp\/v2\/product_brand?post=32673"},{"taxonomy":"product_cat","embeddable":true,"href":"https:\/\/olemosaic.com\/fr\/wp-json\/wp\/v2\/product_cat?post=32673"},{"taxonomy":"product_tag","embeddable":true,"href":"https:\/\/olemosaic.com\/fr\/wp-json\/wp\/v2\/product_tag?post=32673"}],"curies":[{"name":"wp","href":"https:\/\/api.w.org\/{rel}","templated":true}]}}