{"id":32672,"date":"2025-02-20T22:34:32","date_gmt":"2025-02-20T22:34:32","guid":{"rendered":"http:\/\/olemosaic.com\/producto\/saleros-de-ceramica-mosaico-blanco\/"},"modified":"2025-07-25T20:05:22","modified_gmt":"2025-07-25T18:05:22","slug":"salieres-en-ceramique-mosaique-blanc","status":"publish","type":"product","link":"https:\/\/olemosaic.com\/fr\/produit\/salieres-en-ceramique-mosaique-blanc\/","title":{"rendered":"Sali\u00e8res en c\u00e9ramique. Mosa\u00efque. Blanc."},"content":{"rendered":"<p>Ce lot de sali\u00e8res en c\u00e9ramique, inspir\u00e9 par les designs vibrants de mosa\u00efques, est un souvenir \u00e9vocateur de la riche tradition d\u00e9corative espagnole. Chaque sali\u00e8re offre un d\u00e9ploiement de couleurs vives, avec des tons intenses de bleu, rouge et orange, combin\u00e9s dans des motifs g\u00e9om\u00e9triques et floraux complexes qui rappellent les azulejos ornant l&rsquo;architecture iconique du pays, de l&rsquo;Alhambra aux rues de S\u00e9ville. Fabriqu\u00e9es avec une c\u00e9ramique de haute qualit\u00e9, ces sali\u00e8res sont finies avec un \u00e9mail blanc brillant qui rehausse leur beaut\u00e9 et apporte une touche d&rsquo;\u00e9l\u00e9gance \u00e0 n&rsquo;importe quelle table.<\/p>\n<p>Con\u00e7ues pour \u00eatre plus que fonctionnelles, ces sali\u00e8res sont de v\u00e9ritables pi\u00e8ces d\u00e9coratives qui ajoutent un air artistique \u00e0 la gastronomie. Leur singularit\u00e9 en fait un excellent souvenir pour les collectionneurs et les amoureux de la culture, offrant un petit morceau d&rsquo;Espagne \u00e0 appr\u00e9cier au quotidien. Chez Ol\u00e9 Mosaic, nous nous sp\u00e9cialisons dans la distribution en gros de souvenirs, et ces sali\u00e8res sont une option parfaite pour les boutiques de cadeaux touristiques \u00e0 la recherche de produits authentiques et de qualit\u00e9. Les souvenirs en c\u00e9ramique, comme ces sali\u00e8res en mosa\u00efque, sont id\u00e9aux pour ceux qui souhaitent ramener chez eux un souvenir m\u00e9morable c\u00e9l\u00e9brant l&rsquo;exquis h\u00e9ritage culturel de l&rsquo;Espagne.<\/p>\n","protected":false},"excerpt":{"rendered":"<p>Sali\u00e8res en c\u00e9ramique avec un design vibrant de mosa\u00efque, \u00e9voquant la riche tradition d\u00e9corative de l&rsquo;Espagne. Chaque sali\u00e8re pr\u00e9sente une fusion de couleurs vives comme le bleu, le rouge et l&rsquo;orange, avec des motifs g\u00e9om\u00e9triques et floraux complexes qui lui donnent une touche artistique. La c\u00e9ramique est de haute qualit\u00e9 et les sali\u00e8res sont finies en blanc brillant, parfaites pour ajouter une touche d&rsquo;\u00e9l\u00e9gance et de culture \u00e0 votre table. Id\u00e9ales pour les collectionneurs et les amateurs de gastronomie.<\/p>\n","protected":false},"featured_media":8896,"template":"","meta":{"_acf_changed":false},"product_brand":[],"product_cat":[817],"product_tag":[585],"class_list":{"0":"post-32672","1":"product","2":"type-product","3":"status-publish","4":"has-post-thumbnail","6":"product_cat-salieres","7":"product_tag-ceramique","8":"pa_motivo-mosaique","10":"first","11":"instock","12":"shipping-taxable","13":"product-type-simple"},"acf":[],"_links":{"self":[{"href":"https:\/\/olemosaic.com\/fr\/wp-json\/wp\/v2\/product\/32672","targetHints":{"allow":["GET"]}}],"collection":[{"href":"https:\/\/olemosaic.com\/fr\/wp-json\/wp\/v2\/product"}],"about":[{"href":"https:\/\/olemosaic.com\/fr\/wp-json\/wp\/v2\/types\/product"}],"wp:featuredmedia":[{"embeddable":true,"href":"https:\/\/olemosaic.com\/fr\/wp-json\/wp\/v2\/media\/8896"}],"wp:attachment":[{"href":"https:\/\/olemosaic.com\/fr\/wp-json\/wp\/v2\/media?parent=32672"}],"wp:term":[{"taxonomy":"product_brand","embeddable":true,"href":"https:\/\/olemosaic.com\/fr\/wp-json\/wp\/v2\/product_brand?post=32672"},{"taxonomy":"product_cat","embeddable":true,"href":"https:\/\/olemosaic.com\/fr\/wp-json\/wp\/v2\/product_cat?post=32672"},{"taxonomy":"product_tag","embeddable":true,"href":"https:\/\/olemosaic.com\/fr\/wp-json\/wp\/v2\/product_tag?post=32672"}],"curies":[{"name":"wp","href":"https:\/\/api.w.org\/{rel}","templated":true}]}}