{"id":32671,"date":"2025-02-20T23:34:32","date_gmt":"2025-02-20T22:34:32","guid":{"rendered":"http:\/\/olemosaic.com\/producto\/saleros-de-ceramica-salamandra-mallorca-beige-2\/"},"modified":"2025-07-25T19:01:42","modified_gmt":"2025-07-25T17:01:42","slug":"salieres-en-ceramique-salamandre-majorque-beige-2","status":"publish","type":"product","link":"https:\/\/olemosaic.com\/fr\/produit\/salieres-en-ceramique-salamandre-majorque-beige-2\/","title":{"rendered":"Sali\u00e8res en c\u00e9ramique. Salamandre et fleurs. Majorque. Beige."},"content":{"rendered":"<p>Ce lot de sali\u00e8res en c\u00e9ramique, inspir\u00e9 par la biodiversit\u00e9 de Majorque, est un accessoire charmant qui apporte une touche m\u00e9diterran\u00e9enne \u00e0 n&rsquo;importe quelle table. Chaque sali\u00e8re, fabriqu\u00e9e en c\u00e9ramique de haute qualit\u00e9, pr\u00e9sente un design vibrant dans des tons beiges, orn\u00e9 d&rsquo;illustrations color\u00e9es de salamandres et de fleurs qui \u00e9voquent la riche flore et faune de l&rsquo;\u00eele. Les d\u00e9tails peints \u00e0 la main ne mettent pas seulement en valeur l&rsquo;artisanat du produit, mais c\u00e9l\u00e8brent \u00e9galement la culture locale et ses traditions artistiques. Le bouchon rouge distinctif ajoute un \u00e9l\u00e9ment de fra\u00eecheur et d&rsquo;originalit\u00e9, conf\u00e9rant \u00e0 chaque sali\u00e8re un caract\u00e8re unique et attrayant.<\/p>\n<p>Ces sali\u00e8res de Majorque ne sont pas seulement fonctionnelles, elles sont aussi une repr\u00e9sentation parfaite du style de vie d\u00e9contract\u00e9 et color\u00e9 de l&rsquo;\u00eele. Leur design transmet la chaleur et la diversit\u00e9 de l&rsquo;environnement m\u00e9diterran\u00e9en, ce qui en fait un excellent choix pour ceux qui recherchent des souvenirs authentiques capturant l&rsquo;essence de leur exp\u00e9rience \u00e0 Majorque. Chez Ol\u00e9 Mosaic, nous sommes sp\u00e9cialis\u00e9s dans la distribution de souvenirs de qualit\u00e9 en gros, et ces sali\u00e8res sont id\u00e9ales pour les boutiques de cadeaux touristiques souhaitant proposer des produits refl\u00e9tant la culture et le folklore local. \u00c9levez l&rsquo;exp\u00e9rience gastronomique de vos clients avec ces authentiques souvenirs en c\u00e9ramique, qui sont \u00e9galement un souvenir durable de la beaut\u00e9 de Majorque.<\/p>\n","protected":false},"excerpt":{"rendered":"<p>Sali\u00e8res en c\u00e9ramique inspir\u00e9es par la riche biodiversit\u00e9 majorquine, avec un design vibrant dans des tons beiges. Chaque sali\u00e8re pr\u00e9sente une illustration color\u00e9e de salamandres et de fleurs, soulignant le caract\u00e8re m\u00e9diterran\u00e9en de l&rsquo;\u00eele. Les d\u00e9tails peints \u00e0 la main et la touche brillante du bouchon rouge leur donnent un charme artisanal, en faisant l&rsquo;accessoire parfait pour toute table souhaitant ajouter un air frais et original, tr\u00e8s typique de Majorque.<\/p>\n","protected":false},"featured_media":7692,"template":"","meta":{"_acf_changed":false},"product_brand":[],"product_cat":[817],"product_tag":[530,585],"class_list":{"0":"post-32671","1":"product","2":"type-product","3":"status-publish","4":"has-post-thumbnail","6":"product_cat-salieres","7":"product_tag-animaux","8":"product_tag-ceramique","9":"pa_ciudad-mallorca","10":"pa_motivo-salamandres","11":"pa_pais-espana","13":"first","14":"instock","15":"shipping-taxable","16":"product-type-simple"},"acf":[],"_links":{"self":[{"href":"https:\/\/olemosaic.com\/fr\/wp-json\/wp\/v2\/product\/32671","targetHints":{"allow":["GET"]}}],"collection":[{"href":"https:\/\/olemosaic.com\/fr\/wp-json\/wp\/v2\/product"}],"about":[{"href":"https:\/\/olemosaic.com\/fr\/wp-json\/wp\/v2\/types\/product"}],"wp:featuredmedia":[{"embeddable":true,"href":"https:\/\/olemosaic.com\/fr\/wp-json\/wp\/v2\/media\/7692"}],"wp:attachment":[{"href":"https:\/\/olemosaic.com\/fr\/wp-json\/wp\/v2\/media?parent=32671"}],"wp:term":[{"taxonomy":"product_brand","embeddable":true,"href":"https:\/\/olemosaic.com\/fr\/wp-json\/wp\/v2\/product_brand?post=32671"},{"taxonomy":"product_cat","embeddable":true,"href":"https:\/\/olemosaic.com\/fr\/wp-json\/wp\/v2\/product_cat?post=32671"},{"taxonomy":"product_tag","embeddable":true,"href":"https:\/\/olemosaic.com\/fr\/wp-json\/wp\/v2\/product_tag?post=32671"}],"curies":[{"name":"wp","href":"https:\/\/api.w.org\/{rel}","templated":true}]}}