{"id":32670,"date":"2025-02-20T23:34:32","date_gmt":"2025-02-20T22:34:32","guid":{"rendered":"http:\/\/olemosaic.com\/producto\/saleros-de-ceramica-salamandra-mallorca-beige\/"},"modified":"2025-07-25T18:47:00","modified_gmt":"2025-07-25T16:47:00","slug":"salieres-en-ceramique-salamandre-majorque-beige","status":"publish","type":"product","link":"https:\/\/olemosaic.com\/fr\/produit\/salieres-en-ceramique-salamandre-majorque-beige\/","title":{"rendered":"Sali\u00e8res en c\u00e9ramique. Salamandre. Majorque. Beige."},"content":{"rendered":"<p>Cet ensemble de sali\u00e8res en c\u00e9ramique est un souvenir attrayant et ing\u00e9nieux de Majorque, parfait pour ceux qui souhaitent ramener un morceau de la beaut\u00e9 m\u00e9diterran\u00e9enne chez eux. Chaque sali\u00e8re, fabriqu\u00e9e en c\u00e9ramique de haute qualit\u00e9, pr\u00e9sente un design vibrant et color\u00e9 \u00e9voquant la richesse de la vie marine. Les illustrations montrent des hippocampes et des dauphins dans un environnement rempli de coraux color\u00e9s et d&rsquo;\u00e9toiles de mer, le tout peint \u00e0 la main avec un soin exceptionnel. Les d\u00e9tails m\u00e9ticuleux sont encadr\u00e9s par un fond blanc brillant qui souligne la vivacit\u00e9 des couleurs, y compris des nuances de bleu et de rouge qui capturent l&rsquo;essence de l&rsquo;oc\u00e9an.<\/p>\n<p>Le couvercle en c\u00e9ramique de couleur beige ajoute une touche d&rsquo;\u00e9l\u00e9gance et de sophistication, transformant ces sali\u00e8res en \u00e9l\u00e9ments d\u00e9coratifs qui compl\u00e8tent n&rsquo;importe quelle table avec un esprit m\u00e9diterran\u00e9en. Ce souvenir de Majorque n&rsquo;est pas seulement fonctionnel, mais aussi un sujet de conversation qui rappelle aux touristes la beaut\u00e9 naturelle des c\u00f4tes de l&rsquo;\u00eele. Chez Ol\u00e9 Mosaic, nous sommes des distributeurs de souvenirs authentiques et repr\u00e9sentatifs, et ces sali\u00e8res sont une excellente option pour les boutiques de cadeaux touristiques \u00e0 la recherche de produits de qualit\u00e9 refl\u00e9tant la culture et l&rsquo;art local. C&rsquo;est pourquoi nos sali\u00e8res en c\u00e9ramique sont le choix id\u00e9al pour ceux qui souhaitent ramener un souvenir unique de Majorque chez eux.<\/p>\n","protected":false},"excerpt":{"rendered":"<p>Sali\u00e8res en c\u00e9ramique d\u00e9cor\u00e9es de motifs marins, inspir\u00e9es par la beaut\u00e9 de Majorque. Chaque sali\u00e8re pr\u00e9sente un design vibrant avec des hippocampes et des dauphins, entour\u00e9s de coraux color\u00e9s et d&rsquo;\u00e9toiles de mer. Les d\u00e9tails sont peints \u00e0 la main, avec une finition dans les tons bleu et rouge sur un fond blanc brillant. Le couvercle en c\u00e9ramique de couleur beige ajoute une touche d&rsquo;\u00e9l\u00e9gance, transformant ces sali\u00e8res en un \u00e9l\u00e9ment d\u00e9coratif et fonctionnel charmant pour n&rsquo;importe quelle table.<\/p>\n","protected":false},"featured_media":7865,"template":"","meta":{"_acf_changed":false},"product_brand":[],"product_cat":[817],"product_tag":[530,585],"class_list":{"0":"post-32670","1":"product","2":"type-product","3":"status-publish","4":"has-post-thumbnail","6":"product_cat-salieres","7":"product_tag-animaux","8":"product_tag-ceramique","9":"pa_ciudad-mallorca","10":"pa_motivo-salamandres","11":"pa_pais-espana","13":"first","14":"instock","15":"shipping-taxable","16":"product-type-simple"},"acf":[],"_links":{"self":[{"href":"https:\/\/olemosaic.com\/fr\/wp-json\/wp\/v2\/product\/32670","targetHints":{"allow":["GET"]}}],"collection":[{"href":"https:\/\/olemosaic.com\/fr\/wp-json\/wp\/v2\/product"}],"about":[{"href":"https:\/\/olemosaic.com\/fr\/wp-json\/wp\/v2\/types\/product"}],"wp:featuredmedia":[{"embeddable":true,"href":"https:\/\/olemosaic.com\/fr\/wp-json\/wp\/v2\/media\/7865"}],"wp:attachment":[{"href":"https:\/\/olemosaic.com\/fr\/wp-json\/wp\/v2\/media?parent=32670"}],"wp:term":[{"taxonomy":"product_brand","embeddable":true,"href":"https:\/\/olemosaic.com\/fr\/wp-json\/wp\/v2\/product_brand?post=32670"},{"taxonomy":"product_cat","embeddable":true,"href":"https:\/\/olemosaic.com\/fr\/wp-json\/wp\/v2\/product_cat?post=32670"},{"taxonomy":"product_tag","embeddable":true,"href":"https:\/\/olemosaic.com\/fr\/wp-json\/wp\/v2\/product_tag?post=32670"}],"curies":[{"name":"wp","href":"https:\/\/api.w.org\/{rel}","templated":true}]}}