{"id":32655,"date":"2025-02-20T23:34:31","date_gmt":"2025-02-20T22:34:31","guid":{"rendered":"http:\/\/olemosaic.com\/producto\/4-bols-de-coco-de-13-x-6-cm-delfin-2\/"},"modified":"2025-07-25T20:22:26","modified_gmt":"2025-07-25T18:22:26","slug":"4-bols-en-noix-de-coco-de-13-x-6-cm-dauphin-2","status":"publish","type":"product","link":"https:\/\/olemosaic.com\/fr\/produit\/4-bols-en-noix-de-coco-de-13-x-6-cm-dauphin-2\/","title":{"rendered":"4 Bols en noix de coco de 13 x 6 cm. Dauphin."},"content":{"rendered":"<p>Ce lot de quatre bols en noix de coco d\u00e9coratifs est un hommage \u00e0 la beaut\u00e9 marine, con\u00e7u pour \u00e9voquer la fra\u00eecheur des oc\u00e9ans. Chaque bol, d&rsquo;une taille de 13 x 6 cm, pr\u00e9sente une couleur de fond vibrante dans des tons de bleu, rouge, orange et fuchsia, apportant une touche joyeuse et festive \u00e0 n&rsquo;importe quelle table. Les \u00e9l\u00e9gants bords de style mosa\u00efque ajoutent une finition sophistiqu\u00e9e, tandis que les dauphins peints dans un blanc pur et brillant ressortent avec gr\u00e2ce sur chaque fond color\u00e9, symbolisant la libert\u00e9 et la joie de la mer. Id\u00e9aux aussi bien pour servir des ap\u00e9ritifs que pour \u00eatre utilis\u00e9s comme pi\u00e8ces d\u00e9coratives modernes, ces bols sont parfaits pour ceux qui souhaitent enrichir leur foyer avec un \u00e9l\u00e9ment typique des r\u00e9gions c\u00f4ti\u00e8res.<\/p>\n<p>Ces souvenirs, qui refl\u00e8tent l&rsquo;essence du mode de vie m\u00e9diterran\u00e9en, sont un excellent choix pour les touristes \u00e0 la recherche de souvenirs authentiques et repr\u00e9sentatifs de la culture marine. Chez Ol\u00e9 Mosaic, en tant que grossiste de souvenirs, nous proposons des produits artisanaux qui capturent la magie de la mer et sa biodiversit\u00e9. Ce lot de bols en noix de coco n&rsquo;est pas seulement un article fonctionnel, mais aussi un beau souvenir repr\u00e9sentant le lien avec la nature et le charme de la vie c\u00f4ti\u00e8re. Un cadeau id\u00e9al pour les boutiques de cadeaux touristiques souhaitant proposer des articles uniques avec une profonde signification culturelle.<\/p>\n","protected":false},"excerpt":{"rendered":"<p>Lot de quatre bols en noix de coco de 13 x 6 cm d\u00e9cor\u00e9s de joyeux dauphins. Chaque bol pr\u00e9sente une couleur de fond vibrante : bleu, rouge, orange et fuchsia, avec un \u00e9l\u00e9gant bord de style mosa\u00efque. Les dauphins, peints dans un blanc immacul\u00e9, ressortent avec gr\u00e2ce sur le fond color\u00e9, apportant une touche joyeuse et marine. Id\u00e9aux pour servir des ap\u00e9ritifs ou comme pi\u00e8ces d\u00e9coratives modernes, ces bols \u00e9voquent la fra\u00eecheur et la beaut\u00e9 de la mer.<\/p>\n","protected":false},"featured_media":13821,"template":"","meta":{"_acf_changed":false},"product_brand":[],"product_cat":[521],"product_tag":[530],"class_list":{"0":"post-32655","1":"product","2":"type-product","3":"status-publish","4":"has-post-thumbnail","6":"product_cat-bols","7":"product_tag-animaux","8":"pa_motivo-dauphins","10":"first","11":"instock","12":"shipping-taxable","13":"product-type-simple"},"acf":[],"_links":{"self":[{"href":"https:\/\/olemosaic.com\/fr\/wp-json\/wp\/v2\/product\/32655","targetHints":{"allow":["GET"]}}],"collection":[{"href":"https:\/\/olemosaic.com\/fr\/wp-json\/wp\/v2\/product"}],"about":[{"href":"https:\/\/olemosaic.com\/fr\/wp-json\/wp\/v2\/types\/product"}],"wp:featuredmedia":[{"embeddable":true,"href":"https:\/\/olemosaic.com\/fr\/wp-json\/wp\/v2\/media\/13821"}],"wp:attachment":[{"href":"https:\/\/olemosaic.com\/fr\/wp-json\/wp\/v2\/media?parent=32655"}],"wp:term":[{"taxonomy":"product_brand","embeddable":true,"href":"https:\/\/olemosaic.com\/fr\/wp-json\/wp\/v2\/product_brand?post=32655"},{"taxonomy":"product_cat","embeddable":true,"href":"https:\/\/olemosaic.com\/fr\/wp-json\/wp\/v2\/product_cat?post=32655"},{"taxonomy":"product_tag","embeddable":true,"href":"https:\/\/olemosaic.com\/fr\/wp-json\/wp\/v2\/product_tag?post=32655"}],"curies":[{"name":"wp","href":"https:\/\/api.w.org\/{rel}","templated":true}]}}