{"id":32652,"date":"2025-02-20T23:34:30","date_gmt":"2025-02-20T22:34:30","guid":{"rendered":"http:\/\/olemosaic.com\/producto\/4-bols-de-coco-de-13-x-6-cm-tortuga-mallorca-2\/"},"modified":"2025-07-25T20:37:38","modified_gmt":"2025-07-25T18:37:38","slug":"4-bols-en-noix-de-coco-de-13-x-6-cm-tortue-majorque-2","status":"publish","type":"product","link":"https:\/\/olemosaic.com\/fr\/produit\/4-bols-en-noix-de-coco-de-13-x-6-cm-tortue-majorque-2\/","title":{"rendered":"4 Bols en noix de coco de 13 x 6 cm. Tortue. Majorque."},"content":{"rendered":"<p>Ce lot de quatre bols en noix de coco, de 13 x 6 cm, est un ajout vibrant et distinctif qui \u00e9voque la beaut\u00e9 et le charme de Majorque. Chaque bol est m\u00e9ticuleusement d\u00e9cor\u00e9 de motifs de tortue, un symbole iconique de l&rsquo;\u00eele, qui souligne l&rsquo;amour pour la mer et la nature. La palette de couleurs comprend des tons vibrants de bleu, rouge, jaune et rose, cr\u00e9ant un effet visuel percutant. La finition brillante fait ressortir les d\u00e9tails en forme de c\u0153urs, apportant une touche ludique et joyeuse qui incarne l&rsquo;essence m\u00e9diterran\u00e9enne.<\/p>\n<p>Ces bols polyvalents ne sont pas seulement id\u00e9aux pour servir des ap\u00e9ritifs, ils fonctionnent \u00e9galement comme des \u00e9l\u00e9ments d\u00e9coratifs uniques qui ajouteront du caract\u00e8re \u00e0 n&rsquo;importe quel foyer. Le lien culturel de ces bols avec Majorque se manifeste dans leur design, qui refl\u00e8te la riche biodiversit\u00e9 et l&rsquo;abondance de la vie marine entourant l&rsquo;\u00eele. En tant que souvenirs de Majorque, ces bols en noix de coco sont un excellent choix pour les touristes cherchant \u00e0 emporter un morceau de la culture locale.<\/p>\n<p>Chez Ol\u00e9 Mosaic, nous nous sp\u00e9cialisons dans la distribution de souvenirs en gros, et ces bols sont un exemple parfait de la fa\u00e7on de capturer l&rsquo;essence d&rsquo;un lieu dans un objet fonctionnel et d\u00e9coratif. Leur authenticit\u00e9 et leur style en font un cadeau id\u00e9al pour ceux qui recherchent une pi\u00e8ce repr\u00e9sentative de la beaut\u00e9 de Majorque.<\/p>\n","protected":false},"excerpt":{"rendered":"<p>Bols en noix de coco de 13 x 6 cm, d\u00e9cor\u00e9s de charmants motifs de tortue, id\u00e9aux pour donner une touche distinctive \u00e0 n&rsquo;importe quel foyer. Chaque bol pr\u00e9sente une palette de couleurs vibrantes, incluant le bleu, le rouge, le jaune et le rose, avec une finition brillante qui souligne les d\u00e9tails en forme de c\u0153urs. Avec le texte \u00ab MAJORQUE \u00bb positionnant la tortue comme symbole iconique, ces bols polyvalents sont parfaits pour servir des ap\u00e9ritifs ou comme \u00e9l\u00e9ment d\u00e9coratif, refl\u00e9tant l&rsquo;essence m\u00e9diterran\u00e9enne de l&rsquo;\u00eele.<\/p>\n","protected":false},"featured_media":10682,"template":"","meta":{"_acf_changed":false},"product_brand":[],"product_cat":[521],"product_tag":[530],"class_list":{"0":"post-32652","1":"product","2":"type-product","3":"status-publish","4":"has-post-thumbnail","6":"product_cat-bols","7":"product_tag-animaux","8":"pa_ciudad-mallorca","9":"pa_motivo-tortues","10":"pa_pais-espana","12":"first","13":"instock","14":"shipping-taxable","15":"product-type-simple"},"acf":[],"_links":{"self":[{"href":"https:\/\/olemosaic.com\/fr\/wp-json\/wp\/v2\/product\/32652","targetHints":{"allow":["GET"]}}],"collection":[{"href":"https:\/\/olemosaic.com\/fr\/wp-json\/wp\/v2\/product"}],"about":[{"href":"https:\/\/olemosaic.com\/fr\/wp-json\/wp\/v2\/types\/product"}],"wp:featuredmedia":[{"embeddable":true,"href":"https:\/\/olemosaic.com\/fr\/wp-json\/wp\/v2\/media\/10682"}],"wp:attachment":[{"href":"https:\/\/olemosaic.com\/fr\/wp-json\/wp\/v2\/media?parent=32652"}],"wp:term":[{"taxonomy":"product_brand","embeddable":true,"href":"https:\/\/olemosaic.com\/fr\/wp-json\/wp\/v2\/product_brand?post=32652"},{"taxonomy":"product_cat","embeddable":true,"href":"https:\/\/olemosaic.com\/fr\/wp-json\/wp\/v2\/product_cat?post=32652"},{"taxonomy":"product_tag","embeddable":true,"href":"https:\/\/olemosaic.com\/fr\/wp-json\/wp\/v2\/product_tag?post=32652"}],"curies":[{"name":"wp","href":"https:\/\/api.w.org\/{rel}","templated":true}]}}