{"id":32640,"date":"2025-02-20T23:34:30","date_gmt":"2025-02-20T22:34:30","guid":{"rendered":"http:\/\/olemosaic.com\/producto\/4-bols-de-coco-de-13-x-6-cm-delfin-mallorca-4\/"},"modified":"2025-07-25T20:28:17","modified_gmt":"2025-07-25T18:28:17","slug":"4-bols-de-coco-de-13-x-6-cm-dauphin-majorque-4","status":"publish","type":"product","link":"https:\/\/olemosaic.com\/fr\/produit\/4-bols-de-coco-de-13-x-6-cm-dauphin-majorque-4\/","title":{"rendered":"4 Bols de coco de 13 x 6 cm. Dauphin. Majorque. Style m\u00e9diterran\u00e9en."},"content":{"rendered":"<p>Ce jeu de quatre bols en noix de coco, d\u00e9cor\u00e9s de mosa\u00efques vibrantes et de la charmante figure d&rsquo;un dauphin, est un reflet de la beaut\u00e9 de Majorque. Chaque bol, de 13 x 6 cm, pr\u00e9sente un design peint \u00e0 la main o\u00f9 les variations de couleurs, allant des lilas et bleus aux dor\u00e9s et orang\u00e9s, \u00e9voquent les tons de la M\u00e9diterran\u00e9e. Les surfaces des bols sont orn\u00e9es de motifs d\u00e9licats, tels que des c\u0153urs et des fleurs, qui ajoutent une touche joyeuse et color\u00e9e, renfor\u00e7ant leur attrait visuel.<\/p>\n<p>Avec le mot \u00ab\u00a0Mallorca\u00a0\u00bb imprim\u00e9 sur chaque bol, ces souvenirs offrent un rappel tangible du temps pass\u00e9 sur cette \u00eele paradisiaque. La figure du dauphin, symbole de la joie de la mer M\u00e9diterran\u00e9e, renforce sa connexion culturelle avec l&rsquo;environnement marin de Majorque et la riche faune qui habite ses eaux.<\/p>\n<p>Id\u00e9aux pour les touristes \u00e0 la recherche de souvenirs authentiques et repr\u00e9sentatifs, ces bols en noix de coco ne sont pas seulement d\u00e9coratifs, mais aussi fonctionnels. Ils sont parfaits pour servir des ap\u00e9ritifs ou comme \u00e9l\u00e9ment d\u00e9coratif distinctif dans la maison. Chez Ol\u00e9 Mosaic, en tant que distributeurs de souvenirs en gros, nous garantissons la qualit\u00e9 et l&rsquo;authenticit\u00e9 de chaque pi\u00e8ce, ce qui fait de ce jeu une excellente option pour les boutiques de cadeaux touristiques souhaitant proposer des produits au go\u00fbt authentiquement m\u00e9diterran\u00e9en.<\/p>\n","protected":false},"excerpt":{"rendered":"<p>Bol en noix de coco de 13 x 6 cm, d\u00e9cor\u00e9 de mosa\u00efques color\u00e9es et de la figure d&rsquo;un dauphin, inspir\u00e9 par la beaut\u00e9 de Majorque. Cet ensemble de quatre bols pr\u00e9sente un design artisanal, peint \u00e0 la main, avec des variations de tons allant des lilas et bleus aux dor\u00e9s et orang\u00e9s. Chaque bol porte le mot \u00ab\u00a0Mallorca\u00a0\u00bb imprim\u00e9, capturant l&rsquo;essence de la M\u00e9diterran\u00e9e et en faisant un excellent souvenir ou une d\u00e9coration pour votre maison.<\/p>\n","protected":false},"featured_media":10704,"template":"","meta":{"_acf_changed":false},"product_brand":[],"product_cat":[521],"product_tag":[530],"class_list":{"0":"post-32640","1":"product","2":"type-product","3":"status-publish","4":"has-post-thumbnail","6":"product_cat-bols","7":"product_tag-animaux","8":"pa_ciudad-mallorca","9":"pa_motivo-dauphins","10":"pa_pais-espana","12":"first","13":"instock","14":"shipping-taxable","15":"product-type-simple"},"acf":[],"_links":{"self":[{"href":"https:\/\/olemosaic.com\/fr\/wp-json\/wp\/v2\/product\/32640","targetHints":{"allow":["GET"]}}],"collection":[{"href":"https:\/\/olemosaic.com\/fr\/wp-json\/wp\/v2\/product"}],"about":[{"href":"https:\/\/olemosaic.com\/fr\/wp-json\/wp\/v2\/types\/product"}],"wp:featuredmedia":[{"embeddable":true,"href":"https:\/\/olemosaic.com\/fr\/wp-json\/wp\/v2\/media\/10704"}],"wp:attachment":[{"href":"https:\/\/olemosaic.com\/fr\/wp-json\/wp\/v2\/media?parent=32640"}],"wp:term":[{"taxonomy":"product_brand","embeddable":true,"href":"https:\/\/olemosaic.com\/fr\/wp-json\/wp\/v2\/product_brand?post=32640"},{"taxonomy":"product_cat","embeddable":true,"href":"https:\/\/olemosaic.com\/fr\/wp-json\/wp\/v2\/product_cat?post=32640"},{"taxonomy":"product_tag","embeddable":true,"href":"https:\/\/olemosaic.com\/fr\/wp-json\/wp\/v2\/product_tag?post=32640"}],"curies":[{"name":"wp","href":"https:\/\/api.w.org\/{rel}","templated":true}]}}