{"id":32638,"date":"2025-02-20T23:34:29","date_gmt":"2025-02-20T22:34:29","guid":{"rendered":"http:\/\/olemosaic.com\/producto\/4-bols-de-coco-de-13-x-6-cm-delfin-mallorca-3\/"},"modified":"2025-07-25T20:24:23","modified_gmt":"2025-07-25T18:24:23","slug":"4-bols-de-coco-de-13-x-6-cm-dauphin-majorque-3","status":"publish","type":"product","link":"https:\/\/olemosaic.com\/fr\/produit\/4-bols-de-coco-de-13-x-6-cm-dauphin-majorque-3\/","title":{"rendered":"4 Bols de coco de 13 x 6 cm. Dauphin. Style marin. Majorque."},"content":{"rendered":"<p>Cet ensemble de quatre bols en noix de coco d\u00e9cor\u00e9s de dauphins est une repr\u00e9sentation authentique de l&rsquo;esprit m\u00e9diterran\u00e9en de Majorque. Chaque bol, de 13 cm de diam\u00e8tre et 6 cm de profondeur, pr\u00e9sente une finition en mosa\u00efque vibrante dans quatre couleurs captivantes : bleu, rouge, orange et rose. Ce design tr\u00e8s sp\u00e9cial \u00e9voque la beaut\u00e9 de la vie marine, avec l&rsquo;\u00e9l\u00e9gant dauphin au centre, soulignant la connexion de l&rsquo;\u00eele avec l&rsquo;oc\u00e9an.<\/p>\n<p>Le mot \u00ab\u00a0MALLORCA\u00a0\u00bb est soigneusement imprim\u00e9, apportant une touche personnelle et authentique \u00e0 chaque pi\u00e8ce. Ces bols ne sont pas seulement parfaits pour servir des ap\u00e9ritifs lors de r\u00e9unions et de c\u00e9l\u00e9brations, mais ils fonctionnent \u00e9galement comme des \u00e9l\u00e9ments d\u00e9coratifs qui apportent un air festif et joyeux \u00e0 n&rsquo;importe quel coin de la maison. La polyvalence de cette collection en fait un excellent cadeau pour ceux qui recherchent des souvenirs de la riche culture majorquine.<\/p>\n<p>Chez Ol\u00e9 Mosaic, nous sommes sp\u00e9cialistes de la distribution de souvenirs en gros, et cet ensemble de bols en noix de coco est une option id\u00e9ale pour les boutiques de cadeaux touristiques souhaitant proposer des produits authentiques et repr\u00e9sentatifs de la biodiversit\u00e9 et du patrimoine culturel de Majorque. Avec leur design artisanal et leur th\u00e9matique marine, ces bols dauphins sont un souvenir exceptionnel qui capture l&rsquo;essence de l&rsquo;\u00eele et son atmosph\u00e8re joyeuse.<\/p>\n","protected":false},"excerpt":{"rendered":"<p>Ensemble de quatre bols en noix de coco de 13 x 6 cm, d\u00e9cor\u00e9s d&rsquo;un joyeux motif de dauphins repr\u00e9sentant la beaut\u00e9 marine de Majorque. Chaque bol est pr\u00e9sent\u00e9 dans des couleurs vibrantes : bleu, rouge, orange et rose, avec une finition en mosa\u00efque qui rehausse son art. Au centre, on peut appr\u00e9cier le mot \u00ab\u00a0MALLORCA\u00a0\u00bb accompagn\u00e9 de l&rsquo;illustration d&rsquo;un dauphin, id\u00e9al pour servir des ap\u00e9ritifs ou comme \u00e9l\u00e9ment d\u00e9coratif apportant un air m\u00e9diterran\u00e9en \u00e0 n&rsquo;importe quel espace.<\/p>\n","protected":false},"featured_media":13819,"template":"","meta":{"_acf_changed":false},"product_brand":[],"product_cat":[521],"product_tag":[530],"class_list":{"0":"post-32638","1":"product","2":"type-product","3":"status-publish","4":"has-post-thumbnail","6":"product_cat-bols","7":"product_tag-animaux","8":"pa_ciudad-mallorca","9":"pa_motivo-dauphins","10":"pa_pais-espana","12":"first","13":"instock","14":"shipping-taxable","15":"product-type-simple"},"acf":[],"_links":{"self":[{"href":"https:\/\/olemosaic.com\/fr\/wp-json\/wp\/v2\/product\/32638","targetHints":{"allow":["GET"]}}],"collection":[{"href":"https:\/\/olemosaic.com\/fr\/wp-json\/wp\/v2\/product"}],"about":[{"href":"https:\/\/olemosaic.com\/fr\/wp-json\/wp\/v2\/types\/product"}],"wp:featuredmedia":[{"embeddable":true,"href":"https:\/\/olemosaic.com\/fr\/wp-json\/wp\/v2\/media\/13819"}],"wp:attachment":[{"href":"https:\/\/olemosaic.com\/fr\/wp-json\/wp\/v2\/media?parent=32638"}],"wp:term":[{"taxonomy":"product_brand","embeddable":true,"href":"https:\/\/olemosaic.com\/fr\/wp-json\/wp\/v2\/product_brand?post=32638"},{"taxonomy":"product_cat","embeddable":true,"href":"https:\/\/olemosaic.com\/fr\/wp-json\/wp\/v2\/product_cat?post=32638"},{"taxonomy":"product_tag","embeddable":true,"href":"https:\/\/olemosaic.com\/fr\/wp-json\/wp\/v2\/product_tag?post=32638"}],"curies":[{"name":"wp","href":"https:\/\/api.w.org\/{rel}","templated":true}]}}