{"id":32637,"date":"2025-02-20T23:34:29","date_gmt":"2025-02-20T22:34:29","guid":{"rendered":"http:\/\/olemosaic.com\/producto\/4-bols-de-coco-de-13-x-6-cm-camino-de-santiago-2\/"},"modified":"2025-07-25T19:20:41","modified_gmt":"2025-07-25T17:20:41","slug":"4-bols-de-coco-de-13-x-6-cm-chemin-de-compostelle-2","status":"publish","type":"product","link":"https:\/\/olemosaic.com\/fr\/produit\/4-bols-de-coco-de-13-x-6-cm-chemin-de-compostelle-2\/","title":{"rendered":"4 Bols de coco de 13 x 6 cm. Chemin de Compostelle."},"content":{"rendered":"<p>Cet ensemble de quatre bols en noix de coco de 13 x 6 cm est une repr\u00e9sentation vibrante et authentique du c\u00e9l\u00e8bre Chemin de Compostelle, id\u00e9al comme souvenir pour ceux qui souhaitent emporter un morceau de cette route jacquaire embl\u00e9matique. Chaque bol se distingue par son design unique, soigneusement peint \u00e0 la main, et arbore \u00e0 l&rsquo;int\u00e9rieur des mosa\u00efques color\u00e9es avec des c\u0153urs et des fleurs, cr\u00e9ant une esth\u00e9tique joyeuse et accueillante. Au centre de chaque bol, un sceau distinctif du Chemin non seulement embellit l&rsquo;objet, mais symbolise \u00e9galement la riche histoire et la culture associ\u00e9es \u00e0 cette ancienne route de p\u00e8lerinage.<\/p>\n<p>En plus d&rsquo;\u00eatre pratiques pour servir des ap\u00e9ritifs, ces bols peuvent \u00e9galement servir de charmantes pi\u00e8ces d\u00e9coratives \u00e9voquant la tradition et la beaut\u00e9 du Chemin de Compostelle. Leur travail artisanal \u00e9labor\u00e9 souligne l&rsquo;engagement envers l&rsquo;authenticit\u00e9 et la qualit\u00e9, faisant de chaque pi\u00e8ce un souvenir m\u00e9morable et repr\u00e9sentatif de l&rsquo;exp\u00e9rience du p\u00e8lerin. Chez Ol\u00e9 Mosaic, nous nous sp\u00e9cialisons dans la distribution de souvenirs en gros, offrant des produits qui capturent l&rsquo;essence de leur r\u00e9gion d&rsquo;origine. Ces bols en noix de coco sont une excellente option pour les boutiques de cadeaux touristiques cherchant \u00e0 offrir \u00e0 leurs clients d&rsquo;authentiques souvenirs du Chemin de Compostelle, garantissant un h\u00e9ritage culturel significatif \u00e0 chaque vente.<\/p>\n","protected":false},"excerpt":{"rendered":"<p>Bols en noix de coco de 13 x 6 cm, d\u00e9cor\u00e9s de motifs du Chemin de Compostelle. Chaque bol pr\u00e9sente un design unique avec des mosa\u00efques aux couleurs vibrantes incluant des c\u0153urs et des fleurs, encadr\u00e9s avec \u00e9l\u00e9gance autour d&rsquo;un sceau distinctif du Chemin. Peints dans un style artisanal, ces bols refl\u00e8tent la richesse culturelle de la route jacquaire, int\u00e9grant des \u00e9l\u00e9ments d\u00e9coratifs qui \u00e9voquent son histoire et sa beaut\u00e9. Parfaits pour servir des ap\u00e9ritifs ou comme pi\u00e8ce d\u00e9corative.<\/p>\n","protected":false},"featured_media":10695,"template":"","meta":{"_acf_changed":false},"product_brand":[],"product_cat":[521],"product_tag":[],"class_list":{"0":"post-32637","1":"product","2":"type-product","3":"status-publish","4":"has-post-thumbnail","6":"product_cat-bols","7":"pa_ciudad-santiago-de-compostela","8":"pa_pais-espana","10":"first","11":"instock","12":"shipping-taxable","13":"product-type-simple"},"acf":[],"_links":{"self":[{"href":"https:\/\/olemosaic.com\/fr\/wp-json\/wp\/v2\/product\/32637","targetHints":{"allow":["GET"]}}],"collection":[{"href":"https:\/\/olemosaic.com\/fr\/wp-json\/wp\/v2\/product"}],"about":[{"href":"https:\/\/olemosaic.com\/fr\/wp-json\/wp\/v2\/types\/product"}],"wp:featuredmedia":[{"embeddable":true,"href":"https:\/\/olemosaic.com\/fr\/wp-json\/wp\/v2\/media\/10695"}],"wp:attachment":[{"href":"https:\/\/olemosaic.com\/fr\/wp-json\/wp\/v2\/media?parent=32637"}],"wp:term":[{"taxonomy":"product_brand","embeddable":true,"href":"https:\/\/olemosaic.com\/fr\/wp-json\/wp\/v2\/product_brand?post=32637"},{"taxonomy":"product_cat","embeddable":true,"href":"https:\/\/olemosaic.com\/fr\/wp-json\/wp\/v2\/product_cat?post=32637"},{"taxonomy":"product_tag","embeddable":true,"href":"https:\/\/olemosaic.com\/fr\/wp-json\/wp\/v2\/product_tag?post=32637"}],"curies":[{"name":"wp","href":"https:\/\/api.w.org\/{rel}","templated":true}]}}