{"id":32636,"date":"2025-02-20T22:34:29","date_gmt":"2025-02-20T22:34:29","guid":{"rendered":"http:\/\/olemosaic.com\/producto\/4-bols-de-coco-de-13-x-6-cm-isla-mallorca-2\/"},"modified":"2025-07-25T19:27:03","modified_gmt":"2025-07-25T17:27:03","slug":"4-bols-de-coco-de-13-x-6-cm-ile-majorque-2","status":"publish","type":"product","link":"https:\/\/olemosaic.com\/fr\/produit\/4-bols-de-coco-de-13-x-6-cm-ile-majorque-2\/","title":{"rendered":"4 Bols de coco de 13 x 6 cm. \u00cele. Majorque."},"content":{"rendered":"<p>Cet ensemble de quatre bols en noix de coco de 13 x 6 cm est un souvenir attrayant de Majorque qui capture l&rsquo;essence vibrante de cette belle \u00eele. Chaque bol est m\u00e9ticuleusement d\u00e9cor\u00e9 d&rsquo;un motif unique pr\u00e9sentant une combinaison \u00e9blouissante de tons bleus, rouges, oranges et dor\u00e9s, \u00e9voquant les paysages color\u00e9s et ensoleill\u00e9s de Majorque. La technique de d\u00e9coration refl\u00e8te la tradition artisanale locale, avec une finition brillante qui souligne les textures d\u00e9licates de la noix de coco, cr\u00e9ant une pi\u00e8ce \u00e0 la fois fonctionnelle et d\u00e9corative.<\/p>\n<p>Chaque bol porte l&rsquo;inscription \u00ab\u00a0Mallorca\u00a0\u00bb, ce qui augmente sa valeur en tant que souvenir repr\u00e9sentatif de la r\u00e9gion. Id\u00e9aux pour servir des ap\u00e9ritifs ou comme \u00e9l\u00e9ment d\u00e9coratif fascinant dans la maison, ces bols apportent une touche artistique et unique \u00e0 n&rsquo;importe quel environnement. La vari\u00e9t\u00e9 de couleurs et de motifs de cet ensemble non seulement embellit, mais c\u00e9l\u00e8bre \u00e9galement la riche culture et le style de vie majorquin.<\/p>\n<p>Chez Ol\u00e9 Mosaic, en tant que grossiste de souvenirs authentiques, nous proposons des produits qui refl\u00e8tent l&rsquo;identit\u00e9 culturelle de leurs r\u00e9gions. Ces bols en noix de coco sont une excellente option pour les boutiques de cadeaux touristiques cherchant \u00e0 offrir des articles de qualit\u00e9 et porteurs de sens, id\u00e9aux pour les touristes souhaitant emporter un morceau de la magie de Majorque.<\/p>\n","protected":false},"excerpt":{"rendered":"<p>Bol en noix de coco de 13 x 6 cm, ensemble de quatre pi\u00e8ces inspir\u00e9 par la beaut\u00e9 de Majorque. Chaque bol pr\u00e9sente un design unique avec une finition brillante et color\u00e9e combinant des tons bleus, rouges, oranges et dor\u00e9s, t\u00e9moignant de la d\u00e9licatesse de la technique de d\u00e9coration. Avec un d\u00e9tail distinctif, chaque bol inclut l&rsquo;inscription \u00ab\u00a0Mallorca\u00a0\u00bb, renfor\u00e7ant son attrait en tant que souvenir. Id\u00e9aux pour servir des ap\u00e9ritifs ou comme \u00e9l\u00e9ment d\u00e9coratif, ces bols apportent une touche artistique \u00e0 tout int\u00e9rieur.<\/p>\n","protected":false},"featured_media":10642,"template":"","meta":{"_acf_changed":false},"product_brand":[],"product_cat":[521],"product_tag":[],"class_list":{"0":"post-32636","1":"product","2":"type-product","3":"status-publish","4":"has-post-thumbnail","6":"product_cat-bols","7":"pa_ciudad-mallorca","8":"pa_motivo-iles","9":"pa_pais-espana","11":"first","12":"instock","13":"shipping-taxable","14":"product-type-simple"},"acf":[],"_links":{"self":[{"href":"https:\/\/olemosaic.com\/fr\/wp-json\/wp\/v2\/product\/32636","targetHints":{"allow":["GET"]}}],"collection":[{"href":"https:\/\/olemosaic.com\/fr\/wp-json\/wp\/v2\/product"}],"about":[{"href":"https:\/\/olemosaic.com\/fr\/wp-json\/wp\/v2\/types\/product"}],"wp:featuredmedia":[{"embeddable":true,"href":"https:\/\/olemosaic.com\/fr\/wp-json\/wp\/v2\/media\/10642"}],"wp:attachment":[{"href":"https:\/\/olemosaic.com\/fr\/wp-json\/wp\/v2\/media?parent=32636"}],"wp:term":[{"taxonomy":"product_brand","embeddable":true,"href":"https:\/\/olemosaic.com\/fr\/wp-json\/wp\/v2\/product_brand?post=32636"},{"taxonomy":"product_cat","embeddable":true,"href":"https:\/\/olemosaic.com\/fr\/wp-json\/wp\/v2\/product_cat?post=32636"},{"taxonomy":"product_tag","embeddable":true,"href":"https:\/\/olemosaic.com\/fr\/wp-json\/wp\/v2\/product_tag?post=32636"}],"curies":[{"name":"wp","href":"https:\/\/api.w.org\/{rel}","templated":true}]}}