{"id":32624,"date":"2025-02-20T23:34:29","date_gmt":"2025-02-20T22:34:29","guid":{"rendered":"http:\/\/olemosaic.com\/producto\/6-vasos-de-chupito-de-vidrio-metalizado-4\/"},"modified":"2025-07-25T18:48:26","modified_gmt":"2025-07-25T16:48:26","slug":"6-verres-a-shot-en-verre-metallise-lanzarote","status":"publish","type":"product","link":"https:\/\/olemosaic.com\/fr\/produit\/6-verres-a-shot-en-verre-metallise-lanzarote\/","title":{"rendered":"6 verres \u00e0 shot en verre m\u00e9tallis\u00e9. Lanzarote."},"content":{"rendered":"<p>Ce coffret de 6 verres \u00e0 shot en verre m\u00e9tallis\u00e9 est un hommage \u00e0 la beaut\u00e9 et \u00e0 la biodiversit\u00e9 de Lanzarote. Chaque verre pr\u00e9sente un design exclusif avec des d\u00e9tails m\u00e9talliques vibrants dans des tons tels que le bleu, le vert, le rouge et le violet, qui refl\u00e8tent la riche flore locale et les formes naturelles embl\u00e9matiques de l&rsquo;\u00eele. Avec leur finition \u00e9l\u00e9gante, ces verres ne sont pas seulement id\u00e9aux pour d\u00e9guster des boissons, mais ils apportent \u00e9galement une touche distinctive \u00e0 toute c\u00e9l\u00e9bration, transformant chaque toast en une occasion sp\u00e9ciale.<\/p>\n<p>Les verres pr\u00e9sentent de d\u00e9licats motifs d\u00e9coratifs \u00e9voquant les paysages volcaniques et la v\u00e9g\u00e9tation singuli\u00e8re de Lanzarote, comme l&#8217;embl\u00e9matique cactus et les vagues de l&rsquo;oc\u00e9an qui caressent la c\u00f4te. Ce souvenir ne capture pas seulement l&rsquo;essence de l&rsquo;\u00eele, il constitue \u00e9galement un rappel parfait de la culture et de la nature de cette destination touristique. En choisissant ces verres pour votre collection de souvenirs, vous offrez \u00e0 vos clients une pi\u00e8ce authentique repr\u00e9sentant le riche h\u00e9ritage insulaire.<\/p>\n<p>Chez Ol\u00e9 Mosaic, nous nous sp\u00e9cialisons dans la distribution de souvenirs en gros, et ce coffret de verres \u00e0 shot est une excellente option pour ceux qui recherchent des produits de qualit\u00e9 et de pertinence culturelle pour leurs boutiques. Avec un accent mis sur l&rsquo;artisanat et le design exclusif, ces verres de Lanzarote sont le souvenir id\u00e9al pour les touristes souhaitant emporter un morceau de l&rsquo;\u00eele avec eux.<\/p>\n","protected":false},"excerpt":{"rendered":"<p>Lot de 6 verres \u00e0 shot en verre m\u00e9tallis\u00e9 \u00e9voquant la beaut\u00e9 de Lanzarote. Chaque verre pr\u00e9sente un design unique avec des d\u00e9tails m\u00e9talliques dans diverses tonalit\u00e9s, comme le bleu, le vert, le rouge et le violet, montrant des motifs d\u00e9coratifs inspir\u00e9s de la flore locale et des formes embl\u00e9matiques de l&rsquo;\u00eele. Avec une finition \u00e9l\u00e9gante, ces verres sont parfaits pour savourer vos boissons pr\u00e9f\u00e9r\u00e9es et ajouter une touche distinctive \u00e0 toute c\u00e9l\u00e9bration.<\/p>\n","protected":false},"featured_media":11214,"template":"","meta":{"_acf_changed":false},"product_brand":[],"product_cat":[814],"product_tag":[],"class_list":{"0":"post-32624","1":"product","2":"type-product","3":"status-publish","4":"has-post-thumbnail","6":"product_cat-verres-a-shot","7":"pa_ciudad-lanzarote","8":"pa_motivo-salamandres","9":"pa_pais-espana","11":"first","12":"instock","13":"shipping-taxable","14":"product-type-simple"},"acf":[],"_links":{"self":[{"href":"https:\/\/olemosaic.com\/fr\/wp-json\/wp\/v2\/product\/32624","targetHints":{"allow":["GET"]}}],"collection":[{"href":"https:\/\/olemosaic.com\/fr\/wp-json\/wp\/v2\/product"}],"about":[{"href":"https:\/\/olemosaic.com\/fr\/wp-json\/wp\/v2\/types\/product"}],"wp:featuredmedia":[{"embeddable":true,"href":"https:\/\/olemosaic.com\/fr\/wp-json\/wp\/v2\/media\/11214"}],"wp:attachment":[{"href":"https:\/\/olemosaic.com\/fr\/wp-json\/wp\/v2\/media?parent=32624"}],"wp:term":[{"taxonomy":"product_brand","embeddable":true,"href":"https:\/\/olemosaic.com\/fr\/wp-json\/wp\/v2\/product_brand?post=32624"},{"taxonomy":"product_cat","embeddable":true,"href":"https:\/\/olemosaic.com\/fr\/wp-json\/wp\/v2\/product_cat?post=32624"},{"taxonomy":"product_tag","embeddable":true,"href":"https:\/\/olemosaic.com\/fr\/wp-json\/wp\/v2\/product_tag?post=32624"}],"curies":[{"name":"wp","href":"https:\/\/api.w.org\/{rel}","templated":true}]}}