{"id":32623,"date":"2025-02-20T22:34:29","date_gmt":"2025-02-20T22:34:29","guid":{"rendered":"http:\/\/olemosaic.com\/producto\/4-bols-de-coco-de-13-x-6-cm-camino-de-santiago\/"},"modified":"2025-07-25T19:21:06","modified_gmt":"2025-07-25T17:21:06","slug":"4-bols-en-noix-de-coco-13-x-6-cm-chemin-de-compostelle","status":"publish","type":"product","link":"https:\/\/olemosaic.com\/fr\/produit\/4-bols-en-noix-de-coco-13-x-6-cm-chemin-de-compostelle\/","title":{"rendered":"4 Bols en noix de coco de 13 x 6 cm. Chemin de Compostelle."},"content":{"rendered":"<p>Cet ensemble de 4 bols en noix de coco, de 13 x 6 cm chacun, est une repr\u00e9sentation color\u00e9e du c\u00e9l\u00e8bre Chemin de Compostelle, un itin\u00e9raire de p\u00e8lerinage embl\u00e9matique qui attire des milliers de voyageurs chaque ann\u00e9e. Avec une palette de couleurs vibrantes comprenant le bleu, le rouge, l&rsquo;orange et le rose, chaque bol est d\u00e9cor\u00e9 de motifs graphiques complexes mettant en avant l&rsquo;iconique coquille du p\u00e8lerin, symbole du chemin, ainsi que l&rsquo;inscription \u00ab\u00a0CAMINO DE SANTIAGO\u00a0\u00bb. Les bords des bols sont orn\u00e9s de c\u0153urs, ajoutant une touche ludique et attrayante qui les rend parfaits pour toutes les occasions.<\/p>\n<p>Ces bols ne sont pas seulement id\u00e9aux pour ranger de petits objets, ils servent \u00e9galement de d\u00e9coration color\u00e9e pour la maison, emportant avec eux un petit morceau du riche patrimoine culturel de l&rsquo;Espagne. Le Chemin de Compostelle est connu pour sa spiritualit\u00e9 et sa beaut\u00e9 naturelle, des qualit\u00e9s qui se refl\u00e8tent dans l&rsquo;essence de ces merveilleux souvenirs.<\/p>\n<p>Chez Ol\u00e9 Mosaic, nous sommes grossistes d&rsquo;articles repr\u00e9sentatifs et authentiques de diverses r\u00e9gions d&rsquo;Espagne. Ces bols en noix de coco sont une excellente option pour les boutiques de cadeaux touristiques \u00e0 la recherche de produits uniques et de qualit\u00e9. Ils offrent aux touristes un souvenir pratique et m\u00e9morable de leur exp\u00e9rience sur le Chemin de Compostelle, en plus d&rsquo;un bel accessoire d\u00e9coratif qui illuminera n&rsquo;importe quel espace.<\/p>\n","protected":false},"excerpt":{"rendered":"<p>Bols en noix de coco de 13 x 6 cm avec motifs du Chemin de Compostelle, parfaits pour ranger de petits objets. Chaque bol pr\u00e9sente une couleur vibrante, comme le bleu, le rouge, l&rsquo;orange et le rose, et est d\u00e9cor\u00e9 d&rsquo;un design graphique mettant en valeur l&#8217;embl\u00e9matique coquille du p\u00e8lerin et l&rsquo;inscription \u00ab\u00a0CAMINO DE SANTIAGO\u00a0\u00bb. Leurs bords sont orn\u00e9s de c\u0153urs, ce qui ajoute une touche amusante et attrayante. Ils sont id\u00e9aux comme souvenir ou pour donner une touche color\u00e9e \u00e0 n&rsquo;importe quel espace.<\/p>\n","protected":false},"featured_media":10670,"template":"","meta":{"_acf_changed":false},"product_brand":[],"product_cat":[521],"product_tag":[],"class_list":{"0":"post-32623","1":"product","2":"type-product","3":"status-publish","4":"has-post-thumbnail","6":"product_cat-bols","7":"pa_ciudad-santiago-de-compostela","8":"pa_pais-espana","10":"first","11":"instock","12":"shipping-taxable","13":"product-type-simple"},"acf":[],"_links":{"self":[{"href":"https:\/\/olemosaic.com\/fr\/wp-json\/wp\/v2\/product\/32623","targetHints":{"allow":["GET"]}}],"collection":[{"href":"https:\/\/olemosaic.com\/fr\/wp-json\/wp\/v2\/product"}],"about":[{"href":"https:\/\/olemosaic.com\/fr\/wp-json\/wp\/v2\/types\/product"}],"wp:featuredmedia":[{"embeddable":true,"href":"https:\/\/olemosaic.com\/fr\/wp-json\/wp\/v2\/media\/10670"}],"wp:attachment":[{"href":"https:\/\/olemosaic.com\/fr\/wp-json\/wp\/v2\/media?parent=32623"}],"wp:term":[{"taxonomy":"product_brand","embeddable":true,"href":"https:\/\/olemosaic.com\/fr\/wp-json\/wp\/v2\/product_brand?post=32623"},{"taxonomy":"product_cat","embeddable":true,"href":"https:\/\/olemosaic.com\/fr\/wp-json\/wp\/v2\/product_cat?post=32623"},{"taxonomy":"product_tag","embeddable":true,"href":"https:\/\/olemosaic.com\/fr\/wp-json\/wp\/v2\/product_tag?post=32623"}],"curies":[{"name":"wp","href":"https:\/\/api.w.org\/{rel}","templated":true}]}}