{"id":32622,"date":"2025-02-20T22:34:28","date_gmt":"2025-02-20T22:34:28","guid":{"rendered":"http:\/\/olemosaic.com\/producto\/4-bols-de-coco-de-13-x-6-cm-flor\/"},"modified":"2025-07-25T20:04:45","modified_gmt":"2025-07-25T18:04:45","slug":"4-bols-en-noix-de-coco-13-x-6-cm-fleur","status":"publish","type":"product","link":"https:\/\/olemosaic.com\/fr\/produit\/4-bols-en-noix-de-coco-13-x-6-cm-fleur\/","title":{"rendered":"4 Bols en noix de coco de 13 x 6 cm. Fleur."},"content":{"rendered":"<p>Ce lot de 4 bols en noix de coco, de 13 x 6 cm, est un bijou qui capture l&rsquo;essence du folklore m\u00e9diterran\u00e9en dans chaque d\u00e9tail. Chaque bol est m\u00e9ticuleusement fabriqu\u00e9 \u00e0 partir de coques de noix de coco, ce qui en fait une option durable et l\u00e9g\u00e8re, parfaite aussi bien pour servir des ap\u00e9ritifs que pour d\u00e9corer. L&rsquo;int\u00e9rieur de chaque bol est embelli par des motifs floraux complexes et une vari\u00e9t\u00e9 de couleurs vibrantes, telles que le bleu, le vert, le dor\u00e9 et l&rsquo;ocre, qui \u00e9voquent l&rsquo;art traditionnel de la r\u00e9gion.<\/p>\n<p>Chaque bol pr\u00e9sente un design unique, ce qui ajoute une touche personnelle et distinctive \u00e0 la collection. Les motifs floraux ne rehaussent pas seulement son esth\u00e9tique, mais connectent \u00e9galement les utilisateurs \u00e0 la riche tradition culturelle de la M\u00e9diterran\u00e9e, o\u00f9 la nature et l&rsquo;artisanat s&rsquo;entrelacent pour cr\u00e9er des pi\u00e8ces uniques. Ce lot n&rsquo;est pas seulement un excellent souvenir pour ceux qui souhaitent emporter avec eux un morceau de la culture m\u00e9diterran\u00e9enne, mais il repr\u00e9sente \u00e9galement l&rsquo;authenticit\u00e9 et la cr\u00e9ativit\u00e9 des artisans locaux.<\/p>\n<p>Chez Ol\u00e9 Mosaic, en tant que grossiste de souvenirs de haute qualit\u00e9, nous proposons des produits qui refl\u00e8tent la richesse culturelle de leurs r\u00e9gions d&rsquo;origine. Ce lot de bols en noix de coco est une option id\u00e9ale pour les boutiques de cadeaux touristiques qui recherchent des articles authentiques et fonctionnels, parfaits pour que les visiteurs se souviennent de leur exp\u00e9rience en M\u00e9diterran\u00e9e.<\/p>\n","protected":false},"excerpt":{"rendered":"<p>Lot de 4 bols en noix de coco de 13 x 6 cm, d\u00e9cor\u00e9s de motifs floraux et de couleurs vibrantes. Chaque bol pr\u00e9sente un design unique, avec des incrustations dans les tons bleu, vert, dor\u00e9 et ocre, \u00e9voquant l&rsquo;art traditionnel. Fabriqu\u00e9s \u00e0 partir de coques de noix de coco, ces bols artisanaux sont l\u00e9gers et r\u00e9sistants, parfaits pour servir des ap\u00e9ritifs ou comme \u00e9l\u00e9ments d\u00e9coratifs. Une pi\u00e8ce id\u00e9ale qui combine fonctionnalit\u00e9 et esth\u00e9tique, inspir\u00e9e du folklore m\u00e9diterran\u00e9en.<\/p>\n","protected":false},"featured_media":10690,"template":"","meta":{"_acf_changed":false},"product_brand":[],"product_cat":[521],"product_tag":[],"class_list":{"0":"post-32622","1":"product","2":"type-product","3":"status-publish","4":"has-post-thumbnail","6":"product_cat-bols","7":"pa_motivo-fleurs","9":"first","10":"instock","11":"shipping-taxable","12":"product-type-simple"},"acf":[],"_links":{"self":[{"href":"https:\/\/olemosaic.com\/fr\/wp-json\/wp\/v2\/product\/32622","targetHints":{"allow":["GET"]}}],"collection":[{"href":"https:\/\/olemosaic.com\/fr\/wp-json\/wp\/v2\/product"}],"about":[{"href":"https:\/\/olemosaic.com\/fr\/wp-json\/wp\/v2\/types\/product"}],"wp:featuredmedia":[{"embeddable":true,"href":"https:\/\/olemosaic.com\/fr\/wp-json\/wp\/v2\/media\/10690"}],"wp:attachment":[{"href":"https:\/\/olemosaic.com\/fr\/wp-json\/wp\/v2\/media?parent=32622"}],"wp:term":[{"taxonomy":"product_brand","embeddable":true,"href":"https:\/\/olemosaic.com\/fr\/wp-json\/wp\/v2\/product_brand?post=32622"},{"taxonomy":"product_cat","embeddable":true,"href":"https:\/\/olemosaic.com\/fr\/wp-json\/wp\/v2\/product_cat?post=32622"},{"taxonomy":"product_tag","embeddable":true,"href":"https:\/\/olemosaic.com\/fr\/wp-json\/wp\/v2\/product_tag?post=32622"}],"curies":[{"name":"wp","href":"https:\/\/api.w.org\/{rel}","templated":true}]}}