{"id":32610,"date":"2025-02-20T23:34:28","date_gmt":"2025-02-20T22:34:28","guid":{"rendered":"http:\/\/olemosaic.com\/producto\/4-bols-de-coco-de-13-x-6-cm-caballito-de-mar-gran-canaria-2\/"},"modified":"2025-07-25T20:02:38","modified_gmt":"2025-07-25T18:02:38","slug":"4-bols-en-noix-de-coco-de-13-x-6-cm-hippocampe-gran-canaria-2","status":"publish","type":"product","link":"https:\/\/olemosaic.com\/fr\/produit\/4-bols-en-noix-de-coco-de-13-x-6-cm-hippocampe-gran-canaria-2\/","title":{"rendered":"4 Bols en noix de coco de 13 x 6 cm. Hippocampe. Motif c\u0153urs. Gran Canaria."},"content":{"rendered":"<p>Ce lot de 4 bols en noix de coco est un souvenir charmant qui capture l&rsquo;essence vibrante de Gran Canaria, id\u00e9al pour ceux qui souhaitent ramener un petit morceau de cette \u00eele magnifique. Chaque bol, de 13 x 6 cm, est d\u00e9cor\u00e9 de mani\u00e8re artisanale avec des illustrations d&rsquo;hippocampes, un symbole iconique qui refl\u00e8te la riche biodiversit\u00e9 des eaux canariennes. Les bols pr\u00e9sentent une palette de couleurs vibrantes : bleu, rouge, orange et fuchsia, qui non seulement attirent le regard, mais ajoutent aussi une touche joyeuse \u00e0 n&rsquo;importe quelle ambiance.<\/p>\n<p>Les motifs de c\u0153urs qui ornent le bord de chaque bol, ainsi que l&rsquo;inscription \u00ab Gran Canaria \u00bb, apportent un caract\u00e8re romantique et ludique, faisant de ce lot un souvenir parfait alliant fonctionnalit\u00e9 et style. Ce design, plein de couleurs et de symbolisme, est repr\u00e9sentatif du folklore canarien, rappelant \u00e0 ses utilisateurs la chaleur de ses habitants et la beaut\u00e9 de son environnement naturel.<\/p>\n<p>Chez Ol\u00e9 Mosaic, nous nous consacrons \u00e0 la distribution de souvenirs en gros, et ce lot de bols en noix de coco se distingue comme une excellente option pour les boutiques de cadeaux touristiques souhaitant offrir \u00e0 leurs clients des produits authentiques et de haute qualit\u00e9. Chaque bol n&rsquo;est pas seulement un \u00e9l\u00e9ment d\u00e9coratif, il sert \u00e9galement de rappel permanent des merveilles de Gran Canaria, ce qui en fait l&rsquo;un des meilleurs souvenirs de la r\u00e9gion.<\/p>\n","protected":false},"excerpt":{"rendered":"<p>Lot de 4 bols en noix de coco de 13 x 6 cm, d\u00e9cor\u00e9s d&rsquo;illustrations d&rsquo;hippocampes, repr\u00e9sentatifs de Gran Canaria. Chaque bol pr\u00e9sente une couleur vibrante diff\u00e9rente : bleu, rouge, orange et fuchsia, rehauss\u00e9e de motifs de c\u0153urs peints \u00e0 la main sur le bord. L&rsquo;inscription \u00ab\u00a0Gran Canaria\u00a0\u00bb appara\u00eet sur chaque pi\u00e8ce, capturant l&rsquo;essence du folklore canarien et faisant de ce lot une option id\u00e9ale comme souvenir ou \u00e9l\u00e9ment d\u00e9coratif.<\/p>\n","protected":false},"featured_media":10677,"template":"","meta":{"_acf_changed":false},"product_brand":[],"product_cat":[521],"product_tag":[530],"class_list":{"0":"post-32610","1":"product","2":"type-product","3":"status-publish","4":"has-post-thumbnail","6":"product_cat-bols","7":"product_tag-animaux","8":"pa_ciudad-gran-canaria","9":"pa_motivo-hippocampes","10":"pa_pais-espana","12":"first","13":"instock","14":"shipping-taxable","15":"product-type-simple"},"acf":[],"_links":{"self":[{"href":"https:\/\/olemosaic.com\/fr\/wp-json\/wp\/v2\/product\/32610","targetHints":{"allow":["GET"]}}],"collection":[{"href":"https:\/\/olemosaic.com\/fr\/wp-json\/wp\/v2\/product"}],"about":[{"href":"https:\/\/olemosaic.com\/fr\/wp-json\/wp\/v2\/types\/product"}],"wp:featuredmedia":[{"embeddable":true,"href":"https:\/\/olemosaic.com\/fr\/wp-json\/wp\/v2\/media\/10677"}],"wp:attachment":[{"href":"https:\/\/olemosaic.com\/fr\/wp-json\/wp\/v2\/media?parent=32610"}],"wp:term":[{"taxonomy":"product_brand","embeddable":true,"href":"https:\/\/olemosaic.com\/fr\/wp-json\/wp\/v2\/product_brand?post=32610"},{"taxonomy":"product_cat","embeddable":true,"href":"https:\/\/olemosaic.com\/fr\/wp-json\/wp\/v2\/product_cat?post=32610"},{"taxonomy":"product_tag","embeddable":true,"href":"https:\/\/olemosaic.com\/fr\/wp-json\/wp\/v2\/product_tag?post=32610"}],"curies":[{"name":"wp","href":"https:\/\/api.w.org\/{rel}","templated":true}]}}