{"id":32608,"date":"2025-02-20T23:34:28","date_gmt":"2025-02-20T22:34:28","guid":{"rendered":"http:\/\/olemosaic.com\/producto\/4-bols-de-coco-de-13-x-6-cm-caballito-de-mar-barcelona-3\/"},"modified":"2025-07-25T19:34:53","modified_gmt":"2025-07-25T17:34:53","slug":"4-bols-en-noix-de-coco-de-13-x-6-cm-hippocampe-barcelone-3","status":"publish","type":"product","link":"https:\/\/olemosaic.com\/fr\/produit\/4-bols-en-noix-de-coco-de-13-x-6-cm-hippocampe-barcelone-3\/","title":{"rendered":"4 Bols en noix de coco de 13 x 6 cm. Hippocampe. Bleu, rouge, orange et rose. Barcelone."},"content":{"rendered":"<p>Ce lot de 4 bols en noix de coco de 13 x 6 cm, orn\u00e9s d&rsquo;un charmant design d&rsquo;hippocampe, capture l&rsquo;essence de Barcelone de mani\u00e8re vibrante et color\u00e9e. Chaque bol est une \u0153uvre artisanale avec un effet peint \u00e0 la main, pr\u00e9sentant une palette de couleurs comprenant le bleu, le rouge, le rose et l&rsquo;orange, cr\u00e9ant un effet visuel qui \u00e9voque la beaut\u00e9 de la M\u00e9diterran\u00e9e. La figure embl\u00e9matique de l&rsquo;hippocampe, repr\u00e9sent\u00e9e avec des d\u00e9tails en forme de c\u0153urs, ajoute une touche ludique et symbolise la riche faune marine de la c\u00f4te catalane.<\/p>\n<p>Ces bols sont polyvalents : id\u00e9aux pour servir des ap\u00e9ritifs, comme \u00e9l\u00e9ment d\u00e9coratif ou m\u00eame pour ranger de petits objets. Leur finition brillante fait ressortir davantage les couleurs, faisant de chaque pi\u00e8ce un souvenir unique et attrayant de la cit\u00e9 comtale. Ce lot est parfait pour ceux qui recherchent des souvenirs de qualit\u00e9 refl\u00e9tant la culture locale, devenant un cadeau id\u00e9al tant pour les touristes que pour les habitants.<\/p>\n<p>Chez Ol\u00e9 Mosaic, nous nous sp\u00e9cialisons dans la distribution de souvenirs en gros, et ce lot de bols en noix de coco est un excellent exemple de l&rsquo;authenticit\u00e9 et de la cr\u00e9ativit\u00e9 que nous offrons. Avec ces bols, les boutiques de cadeaux touristiques pourront proposer \u00e0 leurs clients une pi\u00e8ce significative de Barcelone, fusionnant art et fonctionnalit\u00e9 en un seul produit. En tant que grossistes d&rsquo;articles uniques, nous garantissons la qualit\u00e9 et l&rsquo;origine artisanale de toutes nos cr\u00e9ations.<\/p>\n","protected":false},"excerpt":{"rendered":"<p>Lot de 4 bols en noix de coco de 13 x 6 cm avec un charmant design d&rsquo;hippocampe, repr\u00e9sentant l&rsquo;essence de Barcelone. Chaque bol pr\u00e9sente une palette de couleurs vibrantes : bleu, rouge, rose et orange, avec des d\u00e9tails en forme de c\u0153urs. D\u00e9cor\u00e9s de la figure embl\u00e9matique de l&rsquo;hippocampe, ces bols sont id\u00e9aux pour servir des ap\u00e9ritifs ou comme pi\u00e8ces d\u00e9coratives. Leur finition brillante et leur design artisanal, peint \u00e0 la main, en font un souvenir unique et attrayant de la ville.<\/p>\n","protected":false},"featured_media":10678,"template":"","meta":{"_acf_changed":false},"product_brand":[],"product_cat":[521],"product_tag":[530],"class_list":{"0":"post-32608","1":"product","2":"type-product","3":"status-publish","4":"has-post-thumbnail","6":"product_cat-bols","7":"product_tag-animaux","8":"pa_ciudad-barcelona","9":"pa_motivo-hippocampes","10":"pa_pais-espana","12":"first","13":"instock","14":"shipping-taxable","15":"product-type-simple"},"acf":[],"_links":{"self":[{"href":"https:\/\/olemosaic.com\/fr\/wp-json\/wp\/v2\/product\/32608","targetHints":{"allow":["GET"]}}],"collection":[{"href":"https:\/\/olemosaic.com\/fr\/wp-json\/wp\/v2\/product"}],"about":[{"href":"https:\/\/olemosaic.com\/fr\/wp-json\/wp\/v2\/types\/product"}],"wp:featuredmedia":[{"embeddable":true,"href":"https:\/\/olemosaic.com\/fr\/wp-json\/wp\/v2\/media\/10678"}],"wp:attachment":[{"href":"https:\/\/olemosaic.com\/fr\/wp-json\/wp\/v2\/media?parent=32608"}],"wp:term":[{"taxonomy":"product_brand","embeddable":true,"href":"https:\/\/olemosaic.com\/fr\/wp-json\/wp\/v2\/product_brand?post=32608"},{"taxonomy":"product_cat","embeddable":true,"href":"https:\/\/olemosaic.com\/fr\/wp-json\/wp\/v2\/product_cat?post=32608"},{"taxonomy":"product_tag","embeddable":true,"href":"https:\/\/olemosaic.com\/fr\/wp-json\/wp\/v2\/product_tag?post=32608"}],"curies":[{"name":"wp","href":"https:\/\/api.w.org\/{rel}","templated":true}]}}