{"id":32607,"date":"2025-02-20T23:34:28","date_gmt":"2025-02-20T22:34:28","guid":{"rendered":"http:\/\/olemosaic.com\/producto\/4-bols-de-coco-de-13-x-6-cm-caballito-de-mar-barcelona-2\/"},"modified":"2025-07-25T19:23:31","modified_gmt":"2025-07-25T17:23:31","slug":"4-bols-en-noix-de-coco-de-13-x-6-cm-hippocampe-barcelone-2","status":"publish","type":"product","link":"https:\/\/olemosaic.com\/fr\/produit\/4-bols-en-noix-de-coco-de-13-x-6-cm-hippocampe-barcelone-2\/","title":{"rendered":"4 Bols en noix de coco de 13 x 6 cm. Hippocampe. Style marin. Barcelone."},"content":{"rendered":"<p>Ce lot de 4 bols en noix de coco de 13 x 6 cm est un authentique souvenir de Barcelone, con\u00e7u pour capturer l&rsquo;essence de la M\u00e9diterran\u00e9e. Chaque bol, peint \u00e0 la main, est d\u00e9cor\u00e9 d&rsquo;un charmant motif d&rsquo;hippocampes, \u00e9voquant la vie marine de la c\u00f4te catalane. Les couleurs vibrantes dans les tons bleus, verts et oranges vous plongeront dans la fra\u00eecheur de la mer, tandis que les d\u00e9tails imitant la texture de l&rsquo;eau apportent une dimension artistique \u00e0 chaque pi\u00e8ce. L&rsquo;inclusion du logo embl\u00e9matique de Barcelone sur chaque bol ajoute un caract\u00e8re distinctif, en faisant un d\u00e9tail ornemental parfait pour n&rsquo;importe quel foyer.<\/p>\n<p>Ces bols ne sont pas seulement id\u00e9aux pour servir des ap\u00e9ritifs, mais aussi comme pi\u00e8ces d\u00e9coratives qui apportent une touche m\u00e9diterran\u00e9enne \u00e0 n&rsquo;importe quelle ambiance. Leur design artisanal garantit que chaque bol est unique, offrant aux visiteurs un souvenir authentique qui refl\u00e8te la riche culture de Barcelone. Chez Ol\u00e9 Mosaic, nous nous sp\u00e9cialisons dans la distribution de souvenirs en gros, et ce lot de bols en noix de coco repr\u00e9sente une excellente option pour les boutiques de cadeaux touristiques \u00e0 la recherche de produits \u00e0 forte valeur culturelle. La combinaison d&rsquo;art, de fonctionnalit\u00e9 et de connexion culturelle fait de ces bols un souvenir incontournable pour ceux qui souhaitent ramener un morceau de Barcelone chez eux.<\/p>\n","protected":false},"excerpt":{"rendered":"<p>Lot de 4 bols en noix de coco de 13 x 6 cm, d\u00e9cor\u00e9s d&rsquo;un design d&rsquo;hippocampes \u00e9voquant l&rsquo;essence de la M\u00e9diterran\u00e9e et de la ville de Barcelone. Chaque bol pr\u00e9sente une finition color\u00e9e dans les tons bleus, verts et oranges, cr\u00e9ant un effet visuel attrayant, avec des d\u00e9tails simulant la texture de l&rsquo;eau. Id\u00e9aux pour servir des ap\u00e9ritifs ou comme pi\u00e8ces d\u00e9coratives, ces bols sont peints \u00e0 la main, ce qui conf\u00e8re une singularit\u00e9 \u00e0 chacun, ainsi que le logo embl\u00e9matique de Barcelone.<\/p>\n","protected":false},"featured_media":10653,"template":"","meta":{"_acf_changed":false},"product_brand":[],"product_cat":[521],"product_tag":[530],"class_list":{"0":"post-32607","1":"product","2":"type-product","3":"status-publish","4":"has-post-thumbnail","6":"product_cat-bols","7":"product_tag-animaux","8":"pa_ciudad-barcelona","9":"pa_motivo-hippocampes","10":"pa_pais-espana","12":"first","13":"instock","14":"shipping-taxable","15":"product-type-simple"},"acf":[],"_links":{"self":[{"href":"https:\/\/olemosaic.com\/fr\/wp-json\/wp\/v2\/product\/32607","targetHints":{"allow":["GET"]}}],"collection":[{"href":"https:\/\/olemosaic.com\/fr\/wp-json\/wp\/v2\/product"}],"about":[{"href":"https:\/\/olemosaic.com\/fr\/wp-json\/wp\/v2\/types\/product"}],"wp:featuredmedia":[{"embeddable":true,"href":"https:\/\/olemosaic.com\/fr\/wp-json\/wp\/v2\/media\/10653"}],"wp:attachment":[{"href":"https:\/\/olemosaic.com\/fr\/wp-json\/wp\/v2\/media?parent=32607"}],"wp:term":[{"taxonomy":"product_brand","embeddable":true,"href":"https:\/\/olemosaic.com\/fr\/wp-json\/wp\/v2\/product_brand?post=32607"},{"taxonomy":"product_cat","embeddable":true,"href":"https:\/\/olemosaic.com\/fr\/wp-json\/wp\/v2\/product_cat?post=32607"},{"taxonomy":"product_tag","embeddable":true,"href":"https:\/\/olemosaic.com\/fr\/wp-json\/wp\/v2\/product_tag?post=32607"}],"curies":[{"name":"wp","href":"https:\/\/api.w.org\/{rel}","templated":true}]}}