{"id":32595,"date":"2025-02-20T22:34:27","date_gmt":"2025-02-20T22:34:27","guid":{"rendered":"http:\/\/olemosaic.com\/producto\/salvamanteles-de-ceramica-gallos-blanco\/"},"modified":"2025-07-25T19:26:58","modified_gmt":"2025-07-25T17:26:58","slug":"dessous-de-plat-en-ceramique-coqs-blanc","status":"publish","type":"product","link":"https:\/\/olemosaic.com\/fr\/produit\/dessous-de-plat-en-ceramique-coqs-blanc\/","title":{"rendered":"Dessous de plat en c\u00e9ramique. Coqs. Blanc."},"content":{"rendered":"<p>Ce dessous de plat d\u00e9coratif en c\u00e9ramique est une pi\u00e8ce embl\u00e9matique qui \u00e9voque la tradition color\u00e9e portugaise du coq. Il pr\u00e9sente un design vibrant avec deux coqs illustr\u00e9s avec cr\u00e9ativit\u00e9 dans des tons rouges et noirs, entour\u00e9s de motifs floraux et de c\u0153urs, le tout sur un fond blanc qui les met en valeur de mani\u00e8re captivante. Le bord tress\u00e9 en rouge ajoute non seulement une touche distinctive, mais renforce \u00e9galement sa r\u00e9sistance, rendant ce dessous de plat fonctionnel et esth\u00e9tiquement attrayant.<\/p>\n<p>Cet objet artisanal ne prot\u00e8ge pas seulement les surfaces, mais apporte \u00e9galement un \u00e9l\u00e9ment culturel et artistique \u00e0 la table, id\u00e9al aussi bien pour les occasions sp\u00e9ciales que pour un usage quotidien. Les coqs sont un symbole de chance dans la culture portugaise, et ce dessous de plat est un souvenir authentique qui capture l&rsquo;essence du folklore local.<\/p>\n<p>Chez Ol\u00e9 Mosaic, nous nous sp\u00e9cialisons dans la distribution de souvenirs en gros, et ce dessous de plat en c\u00e9ramique est parfait pour les boutiques de cadeaux touristiques qui souhaitent offrir \u00e0 leurs clients un morceau du Portugal. Avec sa combinaison d&rsquo;art, de tradition et de fonctionnalit\u00e9, ce dessous de plat est un excellent choix pour ceux qui veulent ramener un morceau de la culture portugaise chez eux.<\/p>\n","protected":false},"excerpt":{"rendered":"<p>Dessous de plat en c\u00e9ramique d\u00e9coratif, inspir\u00e9 par la tradition color\u00e9e portugaise des coqs. Cet \u00e9l\u00e9gant dessous de plat pr\u00e9sente deux coqs dans des tons vibrants de rouge et de noir, orn\u00e9s de motifs floraux et de c\u0153urs sur un fond blanc. Le contour est rehauss\u00e9 par un bord tress\u00e9 en rouge, qui lui donne une touche distinctive. Id\u00e9al pour prot\u00e9ger les surfaces et ajouter un \u00e9l\u00e9ment culturel et artistique \u00e0 votre table. Parfait pour les occasions sp\u00e9ciales ou pour le quotidien.<\/p>\n","protected":false},"featured_media":8928,"template":"","meta":{"_acf_changed":false},"product_brand":[],"product_cat":[827],"product_tag":[530,585],"class_list":{"0":"post-32595","1":"product","2":"type-product","3":"status-publish","4":"has-post-thumbnail","6":"product_cat-dessous-de-plat","7":"product_tag-animaux","8":"product_tag-ceramique","9":"pa_motivo-coqs","11":"first","12":"instock","13":"shipping-taxable","14":"product-type-simple"},"acf":[],"_links":{"self":[{"href":"https:\/\/olemosaic.com\/fr\/wp-json\/wp\/v2\/product\/32595","targetHints":{"allow":["GET"]}}],"collection":[{"href":"https:\/\/olemosaic.com\/fr\/wp-json\/wp\/v2\/product"}],"about":[{"href":"https:\/\/olemosaic.com\/fr\/wp-json\/wp\/v2\/types\/product"}],"wp:featuredmedia":[{"embeddable":true,"href":"https:\/\/olemosaic.com\/fr\/wp-json\/wp\/v2\/media\/8928"}],"wp:attachment":[{"href":"https:\/\/olemosaic.com\/fr\/wp-json\/wp\/v2\/media?parent=32595"}],"wp:term":[{"taxonomy":"product_brand","embeddable":true,"href":"https:\/\/olemosaic.com\/fr\/wp-json\/wp\/v2\/product_brand?post=32595"},{"taxonomy":"product_cat","embeddable":true,"href":"https:\/\/olemosaic.com\/fr\/wp-json\/wp\/v2\/product_cat?post=32595"},{"taxonomy":"product_tag","embeddable":true,"href":"https:\/\/olemosaic.com\/fr\/wp-json\/wp\/v2\/product_tag?post=32595"}],"curies":[{"name":"wp","href":"https:\/\/api.w.org\/{rel}","templated":true}]}}