{"id":32594,"date":"2025-02-20T23:34:27","date_gmt":"2025-02-20T22:34:27","guid":{"rendered":"http:\/\/olemosaic.com\/producto\/salvamanteles-de-ceramica-bilbao\/"},"modified":"2025-07-25T19:22:00","modified_gmt":"2025-07-25T17:22:00","slug":"dessous-de-plat-en-ceramique-bilbao","status":"publish","type":"product","link":"https:\/\/olemosaic.com\/fr\/produit\/dessous-de-plat-en-ceramique-bilbao\/","title":{"rendered":"Dessous de plat en c\u00e9ramique. Bilbao."},"content":{"rendered":"<p>Ce dessous de plat en c\u00e9ramique, inspir\u00e9 par la ville vibrante de Bilbao, est une pi\u00e8ce unique qui fusionne artisanat et culture en un seul objet. Son design color\u00e9 et d\u00e9taill\u00e9 \u00e9voque l&rsquo;essence de cette ville basque embl\u00e9matique, mettant en avant des \u00e9l\u00e9ments iconiques tels que le mus\u00e9e Guggenheim et l&rsquo;architecture impressionnante de la vieille ville. Chaque dessous de plat est peint \u00e0 la main, ce qui garantit que chaque pi\u00e8ce est v\u00e9ritablement exclusive et apporte une touche personnelle \u00e0 n&rsquo;importe quel foyer. La palette de couleurs vives et les d\u00e9tails complexes du design capturent notament la beaut\u00e9 de Bilbao, mais refl\u00e8tent \u00e9galement son riche h\u00e9ritage culturel.<\/p>\n<p>Le fond en mosa\u00efque brillante compl\u00e8te les \u00e9l\u00e9ments architecturaux, cr\u00e9ant un effet visuel \u00e9blouissant qui rehausse l&rsquo;\u00e9l\u00e9gance du bord tress\u00e9. Ce d\u00e9tail artisanal apporte non seulement une touche de sophistication, mais souligne \u00e9galement le savoir-faire qui caract\u00e9rise les produits de cette r\u00e9gion. Ce dessous de plat est un excellent souvenir qui relie les visiteurs \u00e0 l&rsquo;histoire et \u00e0 la culture de Bilbao, devenant un souvenir significatif et attrayant.<\/p>\n<p>Chez Ol\u00e9 Mosaic, nous proposons des dessous de plat en c\u00e9ramique en gros, id\u00e9aux pour les boutiques de cadeaux touristiques \u00e0 la recherche d&rsquo;articles authentiques et repr\u00e9sentatifs. Ce dessous de plat est une option parfaite pour ceux qui souhaitent ramener un morceau de Bilbao chez eux, en faisant un cadeau m\u00e9morable et culturellement pertinent.<\/p>\n","protected":false},"excerpt":{"rendered":"<p>Dessous de plat en c\u00e9ramique inspir\u00e9 par la ville vibrante de Bilbao. Cet article pr\u00e9sente un design color\u00e9 repr\u00e9sentant des \u00e9l\u00e9ments iconiques tels que le mus\u00e9e Guggenheim et l&rsquo;architecture de la vieille ville, le tout sur un fond de mosa\u00efque brillante. Peint dans un style artisanal, le dessous de plat combine une palette de couleurs vives avec des d\u00e9tails uniques, soulignant l&rsquo;essence culturelle de Bilbao, tandis que son bord tress\u00e9 apporte une touche artisanale et \u00e9l\u00e9gante, id\u00e9ale pour embellir n&rsquo;importe quelle table.<\/p>\n","protected":false},"featured_media":9904,"template":"","meta":{"_acf_changed":false},"product_brand":[],"product_cat":[827],"product_tag":[585],"class_list":{"0":"post-32594","1":"product","2":"type-product","3":"status-publish","4":"has-post-thumbnail","6":"product_cat-dessous-de-plat","7":"product_tag-ceramique","8":"pa_ciudad-bilbao","9":"pa_pais-espana","11":"first","12":"instock","13":"shipping-taxable","14":"product-type-simple"},"acf":[],"_links":{"self":[{"href":"https:\/\/olemosaic.com\/fr\/wp-json\/wp\/v2\/product\/32594","targetHints":{"allow":["GET"]}}],"collection":[{"href":"https:\/\/olemosaic.com\/fr\/wp-json\/wp\/v2\/product"}],"about":[{"href":"https:\/\/olemosaic.com\/fr\/wp-json\/wp\/v2\/types\/product"}],"wp:featuredmedia":[{"embeddable":true,"href":"https:\/\/olemosaic.com\/fr\/wp-json\/wp\/v2\/media\/9904"}],"wp:attachment":[{"href":"https:\/\/olemosaic.com\/fr\/wp-json\/wp\/v2\/media?parent=32594"}],"wp:term":[{"taxonomy":"product_brand","embeddable":true,"href":"https:\/\/olemosaic.com\/fr\/wp-json\/wp\/v2\/product_brand?post=32594"},{"taxonomy":"product_cat","embeddable":true,"href":"https:\/\/olemosaic.com\/fr\/wp-json\/wp\/v2\/product_cat?post=32594"},{"taxonomy":"product_tag","embeddable":true,"href":"https:\/\/olemosaic.com\/fr\/wp-json\/wp\/v2\/product_tag?post=32594"}],"curies":[{"name":"wp","href":"https:\/\/api.w.org\/{rel}","templated":true}]}}