{"id":32593,"date":"2025-02-20T22:34:27","date_gmt":"2025-02-20T22:34:27","guid":{"rendered":"http:\/\/olemosaic.com\/producto\/salvamanteles-de-ceramica-santiago\/"},"modified":"2025-07-25T18:37:37","modified_gmt":"2025-07-25T16:37:37","slug":"dessous-de-plat-en-ceramique-saint-jacques","status":"publish","type":"product","link":"https:\/\/olemosaic.com\/fr\/produit\/dessous-de-plat-en-ceramique-saint-jacques\/","title":{"rendered":"Dessous de plat en c\u00e9ramique. Saint-Jacques."},"content":{"rendered":"<p>Ce dessous de plat en c\u00e9ramique, inspir\u00e9 par l&#8217;embl\u00e9matique Chemin de Saint-Jacques, est une pi\u00e8ce fascinante qui fusionne fonctionnalit\u00e9 et art, id\u00e9ale pour ceux qui recherchent un souvenir authentique de la culture espagnole. Avec un design color\u00e9 qui se distingue par des tons vibrants de jaune, rouge et vert, cet accessoire prot\u00e8ge non seulement votre table, mais sert \u00e9galement d&rsquo;\u00e9l\u00e9ment d\u00e9coratif attrayant. Dans son illustration, la majestueuse cath\u00e9drale de Saint-Jacques se dresse avec des d\u00e9tails stylis\u00e9s, accompagn\u00e9e d&rsquo;un p\u00e8lerin avec son manteau, symbole iconique du c\u00e9l\u00e8bre p\u00e8lerinage, et de la coquille, qui repr\u00e9sente le chemin.<\/p>\n<p>La mosa\u00efque qui orne ce dessous de plat refl\u00e8te la riche tradition artistique de l&rsquo;Espagne et son lien avec le Chemin de Saint-Jacques, un voyage spirituel et culturel reconnu par l&rsquo;UNESCO. C&rsquo;est un souvenir distinctif qui \u00e9voque l&rsquo;histoire des millions de p\u00e8lerins qui ont parcouru ce chemin au fil des si\u00e8cles, en faisant un article essentiel pour les touristes int\u00e9ress\u00e9s par la richesse culturelle de la Galice.<\/p>\n<p>Chez Ol\u00e9 Mosaic, nous nous sp\u00e9cialisons dans la distribution de souvenirs en gros, offrant des produits authentiques que les touristes appr\u00e9cient. Ce dessous de plat en c\u00e9ramique est une excellente id\u00e9e pour les boutiques de cadeaux qui souhaitent proposer des articles ayant une signification culturelle, assurant ainsi un souvenir m\u00e9morable du voyage \u00e0 Saint-Jacques.<\/p>\n","protected":false},"excerpt":{"rendered":"<p>Dessous de plat en c\u00e9ramique d\u00e9cor\u00e9, inspir\u00e9 par l&#8217;embl\u00e9matique Chemin de Saint-Jacques. Cet accessoire pratique pr\u00e9sente une illustration vibrante de la cath\u00e9drale de Saint-Jacques, accompagn\u00e9e d&rsquo;un p\u00e8lerin et de la coquille, symbole du chemin. Avec un design color\u00e9 et en mosa\u00efque qui ressort dans des tons jaunes, rouges et verts, le dessous de plat est id\u00e9al pour apporter une touche culturelle et artistique \u00e0 votre table, tout en la prot\u00e9geant. Une pi\u00e8ce distinctive et fonctionnelle qui c\u00e9l\u00e8bre la tradition du p\u00e8lerinage en Espagne.<\/p>\n","protected":false},"featured_media":9932,"template":"","meta":{"_acf_changed":false},"product_brand":[],"product_cat":[827],"product_tag":[585],"class_list":{"0":"post-32593","1":"product","2":"type-product","3":"status-publish","4":"has-post-thumbnail","6":"product_cat-dessous-de-plat","7":"product_tag-ceramique","8":"pa_ciudad-santiago-de-compostela","9":"pa_pais-espana","11":"first","12":"instock","13":"shipping-taxable","14":"product-type-simple"},"acf":[],"_links":{"self":[{"href":"https:\/\/olemosaic.com\/fr\/wp-json\/wp\/v2\/product\/32593","targetHints":{"allow":["GET"]}}],"collection":[{"href":"https:\/\/olemosaic.com\/fr\/wp-json\/wp\/v2\/product"}],"about":[{"href":"https:\/\/olemosaic.com\/fr\/wp-json\/wp\/v2\/types\/product"}],"wp:featuredmedia":[{"embeddable":true,"href":"https:\/\/olemosaic.com\/fr\/wp-json\/wp\/v2\/media\/9932"}],"wp:attachment":[{"href":"https:\/\/olemosaic.com\/fr\/wp-json\/wp\/v2\/media?parent=32593"}],"wp:term":[{"taxonomy":"product_brand","embeddable":true,"href":"https:\/\/olemosaic.com\/fr\/wp-json\/wp\/v2\/product_brand?post=32593"},{"taxonomy":"product_cat","embeddable":true,"href":"https:\/\/olemosaic.com\/fr\/wp-json\/wp\/v2\/product_cat?post=32593"},{"taxonomy":"product_tag","embeddable":true,"href":"https:\/\/olemosaic.com\/fr\/wp-json\/wp\/v2\/product_tag?post=32593"}],"curies":[{"name":"wp","href":"https:\/\/api.w.org\/{rel}","templated":true}]}}