{"id":32592,"date":"2025-02-20T22:34:27","date_gmt":"2025-02-20T22:34:27","guid":{"rendered":"http:\/\/olemosaic.com\/producto\/salvamanteles-de-ceramica-salamandra-mallorca\/"},"modified":"2025-07-25T19:58:50","modified_gmt":"2025-07-25T17:58:50","slug":"dessous-de-plat-en-ceramique-salamandre-majorque","status":"publish","type":"product","link":"https:\/\/olemosaic.com\/fr\/produit\/dessous-de-plat-en-ceramique-salamandre-majorque\/","title":{"rendered":"Dessous de plat en c\u00e9ramique. Salamandre. Majorque."},"content":{"rendered":"<p>Ce dessous de plat en c\u00e9ramique, d\u00e9cor\u00e9 d&rsquo;un motif vibrant de salamandres, est un accessoire artistique et fonctionnel id\u00e9al pour toute cuisine. Inspir\u00e9 par le folklore color\u00e9 de Majorque, il pr\u00e9sente des salamandres frappantes dans des tons de rouge, vert et bleu, dispos\u00e9es sur un fond de carreaux qui \u00e9voque le riche h\u00e9ritage culturel de l&rsquo;\u00eele. Les salamandres, repr\u00e9sent\u00e9es de mani\u00e8re stylis\u00e9e, ajoutent une touche de joie et de vie, tandis que les motifs floraux, \u00e9galement dans des tons brillants, compl\u00e8tent parfaitement ce design festif.<\/p>\n<p>Le dessous de plat dispose d&rsquo;un bord tress\u00e9 rouge qui offre non seulement une finition distinctive, mais facilite \u00e9galement sa manipulation, apportant s\u00e9curit\u00e9 et confort lors du service de plats chauds. Cet accessoire n&rsquo;est pas seulement un \u00e9l\u00e9ment utile sur la table, mais aussi un bel objet d\u00e9coratif qui peut embellir n&rsquo;importe quel environnement.<\/p>\n<p>Les salamandres ont une importance culturelle particuli\u00e8re dans la tradition m\u00e9diterran\u00e9enne, symbolisant la transformation et la vitalit\u00e9, ce qui fait de ce dessous de plat un excellent souvenir repr\u00e9sentatif de Majorque. Chaque pi\u00e8ce de ce dessous de plat en c\u00e9ramique souligne l&rsquo;authenticit\u00e9 des souvenirs de la r\u00e9gion, le rendant parfait pour les touristes souhaitant ramener un morceau de la vie m\u00e9diterran\u00e9enne chez eux. Chez Ol\u00e9 Mosaic, nous distribuons des dessous de plat en gros qui refl\u00e8tent l&rsquo;artisanat et la culture espagnole, id\u00e9al pour les boutiques de cadeaux touristiques \u00e0 la recherche de produits uniques et authentiques.<\/p>\n","protected":false},"excerpt":{"rendered":"<p>Dessous de plat en c\u00e9ramique d\u00e9cor\u00e9 d&rsquo;un motif vibrant de salamandres, inspir\u00e9 par le folklore color\u00e9 de Majorque. Cet accessoire de cuisine pratique pr\u00e9sente des salamandres rouges, vertes et bleues frappantes sur un fond imitant les carreaux, orn\u00e9 de motifs floraux aux tons brillants. La pi\u00e8ce est encadr\u00e9e par un bord tress\u00e9 rouge, qui ajoute une touche distinctive et facilite sa manipulation. Id\u00e9al pour donner une touche m\u00e9diterran\u00e9enne \u00e0 votre table.<\/p>\n","protected":false},"featured_media":8973,"template":"","meta":{"_acf_changed":false},"product_brand":[],"product_cat":[827],"product_tag":[530,585],"class_list":{"0":"post-32592","1":"product","2":"type-product","3":"status-publish","4":"has-post-thumbnail","6":"product_cat-dessous-de-plat","7":"product_tag-animaux","8":"product_tag-ceramique","9":"pa_ciudad-mallorca","10":"pa_motivo-salamandres","11":"pa_pais-espana","13":"first","14":"instock","15":"shipping-taxable","16":"product-type-simple"},"acf":[],"_links":{"self":[{"href":"https:\/\/olemosaic.com\/fr\/wp-json\/wp\/v2\/product\/32592","targetHints":{"allow":["GET"]}}],"collection":[{"href":"https:\/\/olemosaic.com\/fr\/wp-json\/wp\/v2\/product"}],"about":[{"href":"https:\/\/olemosaic.com\/fr\/wp-json\/wp\/v2\/types\/product"}],"wp:featuredmedia":[{"embeddable":true,"href":"https:\/\/olemosaic.com\/fr\/wp-json\/wp\/v2\/media\/8973"}],"wp:attachment":[{"href":"https:\/\/olemosaic.com\/fr\/wp-json\/wp\/v2\/media?parent=32592"}],"wp:term":[{"taxonomy":"product_brand","embeddable":true,"href":"https:\/\/olemosaic.com\/fr\/wp-json\/wp\/v2\/product_brand?post=32592"},{"taxonomy":"product_cat","embeddable":true,"href":"https:\/\/olemosaic.com\/fr\/wp-json\/wp\/v2\/product_cat?post=32592"},{"taxonomy":"product_tag","embeddable":true,"href":"https:\/\/olemosaic.com\/fr\/wp-json\/wp\/v2\/product_tag?post=32592"}],"curies":[{"name":"wp","href":"https:\/\/api.w.org\/{rel}","templated":true}]}}