{"id":32585,"date":"2025-02-20T22:34:26","date_gmt":"2025-02-20T22:34:26","guid":{"rendered":"http:\/\/olemosaic.com\/producto\/salvamanteles-de-ceramica-flores-barcelona\/"},"modified":"2025-07-25T20:04:36","modified_gmt":"2025-07-25T18:04:36","slug":"dessous-de-plat-en-ceramique-flores-barcelone","status":"publish","type":"product","link":"https:\/\/olemosaic.com\/fr\/produit\/dessous-de-plat-en-ceramique-flores-barcelone\/","title":{"rendered":"Dessous de plat en c\u00e9ramique. Fleurs. Barcelone."},"content":{"rendered":"<p>Ce dessous de plat en c\u00e9ramique, d\u00e9cor\u00e9 d&rsquo;un motif floral vibrant, est une pi\u00e8ce qui \u00e9voque l&rsquo;essence unique de Barcelone. Sa mosa\u00efque color\u00e9e s&rsquo;inspire du c\u00e9l\u00e8bre style moderniste de la ville, utilisant une palette de tons rouges, jaunes, bleus et verts qui apportent une touche festive \u00e0 n&rsquo;importe quelle table. Avec une finition brillante qui rehausse son attrait visuel, ce dessous de plat n&rsquo;est pas seulement un \u00e9l\u00e9ment fonctionnel, mais aussi un ajout d\u00e9coratif qui transformera votre maison en un espace plein de vie et de couleur. Les d\u00e9tails complexes du design d\u00e9montrent le savoir-faire artisanal derri\u00e8re cette \u0153uvre, et l&rsquo;inscription \u00ab\u00a0Barcelona\u00a0\u00bb sur un c\u00f4t\u00e9 renforce son identit\u00e9 en tant que souvenir iconique de la capitale catalane. Ce dessous de plat est id\u00e9al pour prot\u00e9ger les surfaces de la chaleur et de l&rsquo;humidit\u00e9, tout en servant de souvenir \u00e9l\u00e9gant repr\u00e9sentatif de l&rsquo;art et de la culture de Barcelone. Chez Ol\u00e9 Mosaic, nous reconnaissons l&rsquo;importance de proposer des souvenirs authentiques, et ce dessous de plat en c\u00e9ramique est une excellente option pour les boutiques de cadeaux touristiques souhaitant offrir \u00e0 leurs clients un morceau de la culture vibrante de la ville. Avec son m\u00e9lange d&rsquo;art, de fonctionnalit\u00e9 et de tradition, c&rsquo;est le souvenir id\u00e9al pour ceux qui recherchent une touche de Barcelone.<\/p>\n","protected":false},"excerpt":{"rendered":"<p>Dessous de plat en c\u00e9ramique d\u00e9cor\u00e9 d&rsquo;un motif floral vibrant, inspir\u00e9 du modernisme barcelonais. Cet article pr\u00e9sente une mosa\u00efque color\u00e9e dans les tons rouges, jaunes, bleus et verts, qui apporte une touche festive \u00e0 n&rsquo;importe quelle table. Avec une finition brillante et des d\u00e9tails complexes, le dessous de plat inclut le mot \u00ab\u00a0Barcelona\u00a0\u00bb, ce qui en fait un souvenir \u00e9l\u00e9gant \u00e9voquant l&rsquo;essence artistique de la ville. Id\u00e9al pour prot\u00e9ger les surfaces et comme \u00e9l\u00e9ment d\u00e9coratif.<\/p>\n","protected":false},"featured_media":9062,"template":"","meta":{"_acf_changed":false},"product_brand":[],"product_cat":[827],"product_tag":[585],"class_list":{"0":"post-32585","1":"product","2":"type-product","3":"status-publish","4":"has-post-thumbnail","6":"product_cat-dessous-de-plat","7":"product_tag-ceramique","8":"pa_ciudad-barcelona","9":"pa_motivo-fleurs","10":"pa_pais-espana","12":"first","13":"instock","14":"shipping-taxable","15":"product-type-simple"},"acf":[],"_links":{"self":[{"href":"https:\/\/olemosaic.com\/fr\/wp-json\/wp\/v2\/product\/32585","targetHints":{"allow":["GET"]}}],"collection":[{"href":"https:\/\/olemosaic.com\/fr\/wp-json\/wp\/v2\/product"}],"about":[{"href":"https:\/\/olemosaic.com\/fr\/wp-json\/wp\/v2\/types\/product"}],"wp:featuredmedia":[{"embeddable":true,"href":"https:\/\/olemosaic.com\/fr\/wp-json\/wp\/v2\/media\/9062"}],"wp:attachment":[{"href":"https:\/\/olemosaic.com\/fr\/wp-json\/wp\/v2\/media?parent=32585"}],"wp:term":[{"taxonomy":"product_brand","embeddable":true,"href":"https:\/\/olemosaic.com\/fr\/wp-json\/wp\/v2\/product_brand?post=32585"},{"taxonomy":"product_cat","embeddable":true,"href":"https:\/\/olemosaic.com\/fr\/wp-json\/wp\/v2\/product_cat?post=32585"},{"taxonomy":"product_tag","embeddable":true,"href":"https:\/\/olemosaic.com\/fr\/wp-json\/wp\/v2\/product_tag?post=32585"}],"curies":[{"name":"wp","href":"https:\/\/api.w.org\/{rel}","templated":true}]}}