{"id":32582,"date":"2025-02-20T22:34:26","date_gmt":"2025-02-20T22:34:26","guid":{"rendered":"http:\/\/olemosaic.com\/producto\/salvamanteles-de-ceramica-panoramica-barcelona\/"},"modified":"2025-07-25T18:39:28","modified_gmt":"2025-07-25T16:39:28","slug":"dessous-de-plat-en-ceramique-panoramique-barcelone","status":"publish","type":"product","link":"https:\/\/olemosaic.com\/fr\/produit\/dessous-de-plat-en-ceramique-panoramique-barcelone\/","title":{"rendered":"Dessous de plat en c\u00e9ramique. Panoramique. Barcelone."},"content":{"rendered":"<p>Ce dessous de plat en c\u00e9ramique offre une vue panoramique vibrante de Barcelone, mettant en vedette l&#8217;embl\u00e9matique Sagrada Familia et d&rsquo;autres \u00e9l\u00e9ments architecturaux iconiques de la ville. Avec un design color\u00e9, orn\u00e9 de mosa\u00efques qui refl\u00e8tent l&rsquo;essence artistique de la capitale catalane, il utilise des d\u00e9tails \u00e9labor\u00e9s en rouge et bleu qui captivent tout amateur d&rsquo;art. Sa fabrication en c\u00e9ramique de haute qualit\u00e9 assure durabilit\u00e9 et r\u00e9sistance, ce qui en fait une pi\u00e8ce fonctionnelle pour n&rsquo;importe quel foyer. Sa forme ronde et sa finition brillante font de ce dessous de plat non seulement un objet pratique pour prot\u00e9ger les surfaces de la table, mais aussi un \u00e9l\u00e9ment d\u00e9coratif attrayant qui rehausse l&rsquo;esth\u00e9tique de tout repas ou \u00e9v\u00e9nement.<\/p>\n<p>La Sagrada Familia, l&rsquo;un des monuments les plus repr\u00e9sentatifs du modernisme catalan, se dresse majestueusement dans cette illustration, tandis que d&rsquo;autres chefs-d&rsquo;\u0153uvre de la ville s&rsquo;entrelacent \u00e9galement dans ce design captivant. Ce dessous de plat est le souvenir parfait pour ceux qui souhaitent ramener un morceau de Barcelone chez eux, \u00e9voquant la riche culture et l&rsquo;histoire architecturale de la r\u00e9gion. Chez Ol\u00e9 Mosaic, en tant que distributeurs de souvenirs de qualit\u00e9, nous proposons ce dessous de plat en c\u00e9ramique comme une excellente option pour les boutiques de cadeaux touristiques, id\u00e9al pour ceux qui recherchent des articles authentiques et repr\u00e9sentatifs du riche patrimoine culturel de Barcelone.<\/p>\n","protected":false},"excerpt":{"rendered":"<p>Dessous de plat en c\u00e9ramique avec une vue panoramique vibrante de Barcelone, o\u00f9 se distinguent la majestueuse Sagrada Familia et d&rsquo;autres ic\u00f4nes architecturales de la ville. Cet article color\u00e9, d\u00e9cor\u00e9 de mosa\u00efques et de d\u00e9tails \u00e9labor\u00e9s en rouge et bleu, est con\u00e7u pour ajouter une touche artistique \u00e0 votre table. Id\u00e9al pour ceux qui souhaitent profiter de l&rsquo;essence de la capitale catalane tout en prot\u00e9geant la surface. Parfait pour un usage quotidien ou comme cadeau.<\/p>\n","protected":false},"featured_media":8659,"template":"","meta":{"_acf_changed":false},"product_brand":[],"product_cat":[827],"product_tag":[585],"class_list":{"0":"post-32582","1":"product","2":"type-product","3":"status-publish","4":"has-post-thumbnail","6":"product_cat-dessous-de-plat","7":"product_tag-ceramique","8":"pa_ciudad-barcelona","9":"pa_motivo-panoramas","10":"pa_pais-espana","12":"first","13":"instock","14":"shipping-taxable","15":"product-type-simple"},"acf":[],"_links":{"self":[{"href":"https:\/\/olemosaic.com\/fr\/wp-json\/wp\/v2\/product\/32582","targetHints":{"allow":["GET"]}}],"collection":[{"href":"https:\/\/olemosaic.com\/fr\/wp-json\/wp\/v2\/product"}],"about":[{"href":"https:\/\/olemosaic.com\/fr\/wp-json\/wp\/v2\/types\/product"}],"wp:featuredmedia":[{"embeddable":true,"href":"https:\/\/olemosaic.com\/fr\/wp-json\/wp\/v2\/media\/8659"}],"wp:attachment":[{"href":"https:\/\/olemosaic.com\/fr\/wp-json\/wp\/v2\/media?parent=32582"}],"wp:term":[{"taxonomy":"product_brand","embeddable":true,"href":"https:\/\/olemosaic.com\/fr\/wp-json\/wp\/v2\/product_brand?post=32582"},{"taxonomy":"product_cat","embeddable":true,"href":"https:\/\/olemosaic.com\/fr\/wp-json\/wp\/v2\/product_cat?post=32582"},{"taxonomy":"product_tag","embeddable":true,"href":"https:\/\/olemosaic.com\/fr\/wp-json\/wp\/v2\/product_tag?post=32582"}],"curies":[{"name":"wp","href":"https:\/\/api.w.org\/{rel}","templated":true}]}}