{"id":32569,"date":"2025-02-20T23:34:25","date_gmt":"2025-02-20T22:34:25","guid":{"rendered":"http:\/\/olemosaic.com\/producto\/salvamanteles-de-ceramica-mosaico-2\/"},"modified":"2025-07-25T18:49:21","modified_gmt":"2025-07-25T16:49:21","slug":"dessous-de-plat-ceramique-mosaique-2","status":"publish","type":"product","link":"https:\/\/olemosaic.com\/fr\/produit\/dessous-de-plat-ceramique-mosaique-2\/","title":{"rendered":"Dessous de plat en c\u00e9ramique. Mosa\u00efque. Bord tress\u00e9."},"content":{"rendered":"<p>Ce dessous de plat en c\u00e9ramique incarne la vibrante tradition artisanale espagnole, devenant un objet fonctionnel et d\u00e9coratif pour n&rsquo;importe quelle table. Son design, inspir\u00e9 des mosa\u00efques, pr\u00e9sente une collection vari\u00e9e de motifs jouant avec une gamme de tons captivants, tels que le rouge, le bleu et le jaune, tous dispos\u00e9s harmonieusement pour cr\u00e9er un effet visuel percutant. Le bord tress\u00e9 qui entoure le dessous de plat rehausse encore la pi\u00e8ce, apportant une touche d&rsquo;\u00e9l\u00e9gance et renfor\u00e7ant sa durabilit\u00e9.<\/p>\n<p>Id\u00e9al pour prot\u00e9ger la surface de la table tout en profitant de vos repas, ce dessous de plat n&rsquo;est pas seulement pratique, il c\u00e9l\u00e8bre \u00e9galement l&rsquo;art de la mosa\u00efque, une technique profond\u00e9ment ancr\u00e9e dans la culture espagnole, particuli\u00e8rement dans des r\u00e9gions comme l&rsquo;Andalousie. La minutie de sa finition souligne l&rsquo;engagement envers l&rsquo;artisanat et l&rsquo;authenticit\u00e9, en faisant un souvenir parfait pour tout touriste souhaitant ramener un morceau d&rsquo;Espagne.<\/p>\n<p>Chez Ol\u00e9 Mosaic, nous sommes sp\u00e9cialis\u00e9s dans la distribution en gros de souvenirs authentiques et de qualit\u00e9, comme ce dessous de plat en c\u00e9ramique. C&rsquo;est une excellente option pour les boutiques de cadeaux touristiques cherchant \u00e0 mettre en valeur l&rsquo;h\u00e9ritage culturel espagnol \u00e0 travers des produits uniques et magnifiquement \u00e9labor\u00e9s. Ce dessous de plat en mosa\u00efque se pr\u00e9sente comme un v\u00e9ritable bijou, id\u00e9al pour ceux qui recherchent des souvenirs qui, en plus d&#8217;embellir, racontent une histoire.<\/p>\n","protected":false},"excerpt":{"rendered":"<p>Dessous de plat en c\u00e9ramique d\u00e9cor\u00e9 d&rsquo;un design attrayant en mosa\u00efque, inspir\u00e9 de la riche tradition artisanale espagnole. Cet \u00e9l\u00e9gant dessous de plat pr\u00e9sente une collection vari\u00e9e de motifs dans des tons vibrants comme le rouge, le bleu et le jaune, encadr\u00e9s par un bord tress\u00e9 qui lui donne une touche distingu\u00e9e. Id\u00e9al pour prot\u00e9ger la table tout en profitant d&rsquo;un repas, il allie fonctionnalit\u00e9 et esth\u00e9tique dans un produit unique.<\/p>\n","protected":false},"featured_media":7901,"template":"","meta":{"_acf_changed":false},"product_brand":[],"product_cat":[827],"product_tag":[585],"class_list":{"0":"post-32569","1":"product","2":"type-product","3":"status-publish","4":"has-post-thumbnail","6":"product_cat-dessous-de-plat","7":"product_tag-ceramique","8":"pa_motivo-mosaique","10":"first","11":"instock","12":"shipping-taxable","13":"product-type-simple"},"acf":[],"_links":{"self":[{"href":"https:\/\/olemosaic.com\/fr\/wp-json\/wp\/v2\/product\/32569","targetHints":{"allow":["GET"]}}],"collection":[{"href":"https:\/\/olemosaic.com\/fr\/wp-json\/wp\/v2\/product"}],"about":[{"href":"https:\/\/olemosaic.com\/fr\/wp-json\/wp\/v2\/types\/product"}],"wp:featuredmedia":[{"embeddable":true,"href":"https:\/\/olemosaic.com\/fr\/wp-json\/wp\/v2\/media\/7901"}],"wp:attachment":[{"href":"https:\/\/olemosaic.com\/fr\/wp-json\/wp\/v2\/media?parent=32569"}],"wp:term":[{"taxonomy":"product_brand","embeddable":true,"href":"https:\/\/olemosaic.com\/fr\/wp-json\/wp\/v2\/product_brand?post=32569"},{"taxonomy":"product_cat","embeddable":true,"href":"https:\/\/olemosaic.com\/fr\/wp-json\/wp\/v2\/product_cat?post=32569"},{"taxonomy":"product_tag","embeddable":true,"href":"https:\/\/olemosaic.com\/fr\/wp-json\/wp\/v2\/product_tag?post=32569"}],"curies":[{"name":"wp","href":"https:\/\/api.w.org\/{rel}","templated":true}]}}