{"id":32567,"date":"2025-02-20T22:34:25","date_gmt":"2025-02-20T22:34:25","guid":{"rendered":"http:\/\/olemosaic.com\/producto\/salvamanteles-de-ceramica-toros-madrid\/"},"modified":"2025-07-25T19:58:33","modified_gmt":"2025-07-25T17:58:33","slug":"dessous-de-plat-ceramique-taureaux-madrid","status":"publish","type":"product","link":"https:\/\/olemosaic.com\/fr\/produit\/dessous-de-plat-ceramique-taureaux-madrid\/","title":{"rendered":"Dessous de plat en c\u00e9ramique. Taureaux. Madrid."},"content":{"rendered":"<p>Ce dessous de plat en c\u00e9ramique, inspir\u00e9 de la tradition taurine de Madrid, est une pi\u00e8ce unique et vibrante qui, en plus d&rsquo;\u00eatre fonctionnelle, sert de souvenir culturel attrayant de l&rsquo;Espagne. Avec un design color\u00e9, ce dessous de plat pr\u00e9sente deux taureaux dans un style mosa\u00efque, soulignant leurs formes robustes et leurs couleurs intenses qui capturent l&rsquo;essence de la tauromachie. Les tons rouge\u00e2tres et verd\u00e2tres des taureaux sont compl\u00e9t\u00e9s par des \u00e9l\u00e9ments floraux et un soleil radieux en arri\u00e8re-plan, le tout sur une base en mosa\u00efque qui ajoute une touche artistique et contemporaine.<\/p>\n<p>La finition brillante et r\u00e9sistante de la c\u00e9ramique garantit que ce dessous de plat ne prot\u00e8ge pas seulement vos surfaces de la chaleur, mais qu&rsquo;il reste en parfait \u00e9tat au fil du temps, r\u00e9sistant \u00e0 l&rsquo;usage quotidien. Dans la partie sup\u00e9rieure, le texte \u00ab MADRID \u00bb est \u00e9l\u00e9gamment d\u00e9cor\u00e9, r\u00e9affirmant son lien avec la capitale espagnole et sa riche tradition culturelle. Cet article devient un excellent souvenir pour les touristes qui souhaitent ramener chez eux un morceau du caract\u00e8re vibrant de Madrid.<\/p>\n<p>Chez Ol\u00e9 Mosaic, nous sommes sp\u00e9cialis\u00e9s dans la distribution de souvenirs en gros, et ce dessous de plat est une option id\u00e9ale pour les boutiques de cadeaux touristiques qui comprennent l&rsquo;importance d&rsquo;offrir des produits authentiques et repr\u00e9sentatifs de la culture espagnole. Avec son attrait visuel et ses liens culturels profonds, ce dessous de plat en c\u00e9ramique taurine est un cadeau parfait qui fera sourire tout amateur de la tradition espagnole.<\/p>\n","protected":false},"excerpt":{"rendered":"<p>Dessous de plat en c\u00e9ramique inspir\u00e9 de la tradition taurine madril\u00e8ne. Ce design color\u00e9 pr\u00e9sente deux taureaux dans un style mosa\u00efque vibrant, entour\u00e9s d&rsquo;\u00e9l\u00e9ments floraux et du soleil. Avec une finition brillante et r\u00e9sistante, il est id\u00e9al pour prot\u00e9ger vos surfaces de la chaleur. D\u00e9cor\u00e9 du mot \u00ab MADRID \u00bb sur la partie sup\u00e9rieure, ce dessous de plat est non seulement fonctionnel, mais aussi un souvenir attrayant de la culture espagnole.<\/p>\n","protected":false},"featured_media":8130,"template":"","meta":{"_acf_changed":false},"product_brand":[],"product_cat":[827],"product_tag":[530,585],"class_list":{"0":"post-32567","1":"product","2":"type-product","3":"status-publish","4":"has-post-thumbnail","6":"product_cat-dessous-de-plat","7":"product_tag-animaux","8":"product_tag-ceramique","9":"pa_ciudad-madrid","10":"pa_motivo-taureaux","11":"pa_pais-espana","13":"first","14":"instock","15":"shipping-taxable","16":"product-type-simple"},"acf":[],"_links":{"self":[{"href":"https:\/\/olemosaic.com\/fr\/wp-json\/wp\/v2\/product\/32567","targetHints":{"allow":["GET"]}}],"collection":[{"href":"https:\/\/olemosaic.com\/fr\/wp-json\/wp\/v2\/product"}],"about":[{"href":"https:\/\/olemosaic.com\/fr\/wp-json\/wp\/v2\/types\/product"}],"wp:featuredmedia":[{"embeddable":true,"href":"https:\/\/olemosaic.com\/fr\/wp-json\/wp\/v2\/media\/8130"}],"wp:attachment":[{"href":"https:\/\/olemosaic.com\/fr\/wp-json\/wp\/v2\/media?parent=32567"}],"wp:term":[{"taxonomy":"product_brand","embeddable":true,"href":"https:\/\/olemosaic.com\/fr\/wp-json\/wp\/v2\/product_brand?post=32567"},{"taxonomy":"product_cat","embeddable":true,"href":"https:\/\/olemosaic.com\/fr\/wp-json\/wp\/v2\/product_cat?post=32567"},{"taxonomy":"product_tag","embeddable":true,"href":"https:\/\/olemosaic.com\/fr\/wp-json\/wp\/v2\/product_tag?post=32567"}],"curies":[{"name":"wp","href":"https:\/\/api.w.org\/{rel}","templated":true}]}}