{"id":32566,"date":"2025-02-20T22:34:25","date_gmt":"2025-02-20T22:34:25","guid":{"rendered":"http:\/\/olemosaic.com\/producto\/salvamanteles-de-ceramica-sagrada-familia-barcelona\/"},"modified":"2025-07-25T19:20:17","modified_gmt":"2025-07-25T17:20:17","slug":"dessous-de-plat-ceramique-sagrada-familia-barcelone","status":"publish","type":"product","link":"https:\/\/olemosaic.com\/fr\/produit\/dessous-de-plat-ceramique-sagrada-familia-barcelone\/","title":{"rendered":"Dessous de plat en c\u00e9ramique. Sagrada Familia. Barcelone."},"content":{"rendered":"<p>Ce dessous de plat en c\u00e9ramique, inspir\u00e9 de l&rsquo;iconique Sagrada Familia de Barcelone, est une pi\u00e8ce vibrante qui allie art et fonctionnalit\u00e9 de mani\u00e8re exceptionnelle. Son design met en avant les magnifiques tours de ce monument embl\u00e9matique, offrant un regard fascinant sur l&rsquo;architecture surr\u00e9aliste d&rsquo;Antoni Gaud\u00ed. Les tons chauds intenses et les d\u00e9tails aux couleurs \u00e9clatantes sur fond bleu \u00e9voquent l&rsquo;\u00e9nergie vibrante de la ville, faisant de chaque utilisation une c\u00e9l\u00e9bration de la culture catalane. Le dessous de plat est encadr\u00e9 par un \u00e9l\u00e9gant cordon rouge qui non seulement renforce son esth\u00e9tique, mais ajoute \u00e9galement une touche d\u00e9corative, le rendant id\u00e9al pour \u00eatre expos\u00e9 sur la table.<\/p>\n<p>Son design ne remplit pas seulement la fonction pratique de prot\u00e9ger les surfaces de la chaleur, mais sert \u00e9galement de souvenir culturel distinctif qui capture l&rsquo;essence de Barcelone. Ce souvenir est parfait pour les touristes qui cherchent \u00e0 ramener chez eux un morceau de la riche tradition architecturale et artistique de la r\u00e9gion. Chez Ol\u00e9 Mosaic, nous sommes sp\u00e9cialis\u00e9s dans la distribution de souvenirs en gros, et ce dessous de plat en c\u00e9ramique est une excellente option pour les boutiques de cadeaux touristiques souhaitant offrir \u00e0 leurs clients des produits authentiques et repr\u00e9sentatifs de la culture espagnole. En tant que grossiste de souvenirs, nous garantissons la qualit\u00e9 et la valeur de chacune de nos pi\u00e8ces.<\/p>\n","protected":false},"excerpt":{"rendered":"<p>Dessous de plat en c\u00e9ramique inspir\u00e9 de l&rsquo;iconique Sagrada Familia de Barcelone. Cet accessoire de cuisine pratique pr\u00e9sente un design vibrant qui capture la magnifique architecture de Gaud\u00ed, avec des tons chauds et des d\u00e9tails \u00e9clatants sur un fond bleu. La pi\u00e8ce est encadr\u00e9e par un cordon rouge qui lui ajoute une touche d\u00e9corative. Parfait pour prot\u00e9ger les surfaces de la chaleur, il allie fonctionnalit\u00e9 et art \u00e0 chaque utilisation.<\/p>\n","protected":false},"featured_media":8660,"template":"","meta":{"_acf_changed":false},"product_brand":[],"product_cat":[827],"product_tag":[585],"class_list":{"0":"post-32566","1":"product","2":"type-product","3":"status-publish","4":"has-post-thumbnail","6":"product_cat-dessous-de-plat","7":"product_tag-ceramique","8":"pa_ciudad-barcelona","9":"pa_motivo-sagrada-familia","10":"pa_pais-espana","12":"first","13":"instock","14":"shipping-taxable","15":"product-type-simple"},"acf":[],"_links":{"self":[{"href":"https:\/\/olemosaic.com\/fr\/wp-json\/wp\/v2\/product\/32566","targetHints":{"allow":["GET"]}}],"collection":[{"href":"https:\/\/olemosaic.com\/fr\/wp-json\/wp\/v2\/product"}],"about":[{"href":"https:\/\/olemosaic.com\/fr\/wp-json\/wp\/v2\/types\/product"}],"wp:featuredmedia":[{"embeddable":true,"href":"https:\/\/olemosaic.com\/fr\/wp-json\/wp\/v2\/media\/8660"}],"wp:attachment":[{"href":"https:\/\/olemosaic.com\/fr\/wp-json\/wp\/v2\/media?parent=32566"}],"wp:term":[{"taxonomy":"product_brand","embeddable":true,"href":"https:\/\/olemosaic.com\/fr\/wp-json\/wp\/v2\/product_brand?post=32566"},{"taxonomy":"product_cat","embeddable":true,"href":"https:\/\/olemosaic.com\/fr\/wp-json\/wp\/v2\/product_cat?post=32566"},{"taxonomy":"product_tag","embeddable":true,"href":"https:\/\/olemosaic.com\/fr\/wp-json\/wp\/v2\/product_tag?post=32566"}],"curies":[{"name":"wp","href":"https:\/\/api.w.org\/{rel}","templated":true}]}}